{"id":106413,"date":"2019-07-26T12:45:30","date_gmt":"2019-07-26T10:45:30","guid":{"rendered":"https:\/\/cdiffprom.ch\/produit\/leitpfostengurt\/"},"modified":"2019-07-26T12:45:30","modified_gmt":"2019-07-26T10:45:30","slug":"leitpfostengurt","status":"publish","type":"product","link":"https:\/\/cdiffprom.ch\/de\/produit\/leitpfostengurt\/","title":{"rendered":"Leitpfosten+Gurt"},"content":{"rendered":"<h3><strong><span style=\"color: #993300;\">Leitpfosten+Gurt<\/span><\/strong><\/h3>\n<p>Diese Leitpfosten+Gurt bieten Ihnen viele M\u00f6glichkeiten, Ihre Kunden und Besucher bei verschiedenen Veranstaltungen und Messen sowie in Warteschlangen zu leiten.<\/p>\n<h4><span style=\"color: #993300;\"><strong>Merkmale<\/strong><\/span> :<\/h4>\n<ul>\n<li>Gesamth\u00f6he 98 cm, zylindrisches Rohr 7 cm, Sockel Durchmesser 36 cm, beschwert 9 kg<\/li>\n<li>Richtungsweisender Pfostenkopf mit 4-Wege-Aufh\u00e4ngung<\/li>\n<li>Waschbare Stoffb\u00e4nder 5 cm x 290 cm mit Bremsvorrichtung beim Aufrollen<\/li>\n<li>3 Farben: Chrom, Hellgrau oder Schwarz<\/li>\n<li>Korrosionsbest\u00e4ndiger Stahl<\/li>\n<\/ul>\n<h4><span style=\"color: #993300;\"><strong>Ideen zur Nutzung<\/strong><\/span> :<\/h4>\n<ul>\n<li>Museen, Touristenb\u00fcros<\/li>\n<li>Messen, Ausstellungen<\/li>\n<li>Wartehallen, Eingangshallen<\/li>\n<li>Verschiedene Verkaufsstellen oder Garagen bei einmaligen Veranstaltungen<\/li>\n<\/ul>\n<p>Wenn Sie den Gurt an einer Wand befestigen m\u00fcssen, sollten Sie die Wandhalterung Nr. 215760 zu CHF bestellen. 12,90.<\/p>\n<p>Dar\u00fcber hinaus ist es auch m\u00f6glich, ein A4 Hochformat-Schild an einem Pfosten zu befestigen, Artikel Nr. 215704 \u00e0 CHF. 84,90.<\/p>\n<p><span style=\"color: #993300;\"><strong>Lieferbedingungen<\/strong><\/span><\/p>\n<p>Zu Ihrer Information: Nach Eingang Ihres Auftrags sind unsere Produkte innerhalb von etwa zehn Tagen lieferbar.<\/p>\n<p>Z\u00f6gern Sie nicht <u><a href=\"https:\/\/cdiffprom.ch\/elements\/contactez-nous\/\"><span style=\"color: #993300;\"><strong>uns zu kontaktieren.<\/strong><\/span><\/a><\/u> Wenn Sie einen dringenderen Bedarf haben, k\u00f6nnen wir Ihnen immer eine schnellere L\u00f6sung anbieten.<\/p>\n<p>Wir sind auch gerne bereit, Ihnen Informationen \u00fcber Mengenrabatte zu geben.<\/p>\n<p>Einige Artikel k\u00f6nnen eine l\u00e4ngere Lieferzeit in Anspruch nehmen, da sie nicht auf Lager unseres Lieferanten sind. In diesem Fall werden Sie nach Eingang Ihrer Bestellung benachrichtigt. <\/p>\n<p>Wir liefern versandkostenfrei ab einem Bestellwert von CHF. 500.-. Unterhalb dieses Betrags wird eine Pauschale von CHF. 15,90 zu entrichten. <\/p>\n<p>Bei allen Online-Bestellungen f\u00fchren wir immer einen Telefonanruf durch, um sicherzustellen, dass Sie das richtige Produkt f\u00fcr Ihre Bed\u00fcrfnisse ausgew\u00e4hlt haben. So k\u00f6nnen Sie sicher sein, dass Sie die richtige Wahl treffen. <\/p>\n<p>Bitte beachten Sie, dass die Promo-Codes nicht kumulierbar sind und der Rabatt auf Ihrer Bestellung sichtbar ist.<\/p>\n<p>&nbsp;<\/p>\n<p>&nbsp;<\/p>\n","protected":false},"excerpt":{"rendered":"<p>Ideal, um Ihre Besucher oder Kunden auf Messen oder Veranstaltungen zu leiten.<\/p>\n<p>Achtung: Pfosten werden einzeln verkauft, das Bild zeigt nur die verschiedenen Pfostentypen.<\/p>\n","protected":false},"featured_media":102714,"template":"","meta":{"slim_seo":{"title":"Leitpfosten+Gurt - Suisse - C.Diff-Prom","description":"Ideal, um Ihre Besucher oder Kunden auf Messen oder Veranstaltungen zu leiten. Achtung: Pfosten werden einzeln verkauft, das Bild zeigt nur die verschiedenen Pf"}},"product_brand":[],"product_cat":[6616,6355,6423],"product_tag":[6617,6364],"class_list":{"0":"post-106413","1":"product","2":"type-product","3":"status-publish","4":"has-post-thumbnail","6":"product_cat-fuhrungspfosten","7":"product_cat-konferenz","8":"product_cat-schutzmaterial","9":"product_tag-fuhrungspfosten","10":"product_tag-pos-materialien","11":"pa_couleurs-blau","12":"pa_couleurs-pfosten-grau-und-gurt-290-cm-blau","13":"pa_couleurs-pfosten-grau-und-gurt-290-cm-rot","14":"pa_couleurs-pfosten-grau-und-gurt-290-cm-schwarz-de","15":"pa_couleurs-pfosten-schwarz-und-gurt-290-cm-rot","16":"pa_couleurs-rot","17":"pa_couleurs-schwarz","18":"pa_couleurs-schwarzer-pfahl-und-290-cm-blaues-gurtband-de","19":"pa_couleurs-schwarzer-pfosten-und-schwarzer-gurt-290-cm","20":"pa_couleurs-verchromter-pfosten-und-290cm-blaues-gurtband","21":"pa_couleurs-verchromter-pfosten-und-gurt-290-cm-rot","22":"pa_couleurs-verchromter-pfosten-und-schwarzes-290-cm-langes-gurtband-de","24":"first","25":"instock","26":"taxable","27":"shipping-taxable","28":"purchasable","29":"product-type-variable"},"_links":{"self":[{"href":"https:\/\/cdiffprom.ch\/de\/wp-json\/wp\/v2\/product\/106413","targetHints":{"allow":["GET"]}}],"collection":[{"href":"https:\/\/cdiffprom.ch\/de\/wp-json\/wp\/v2\/product"}],"about":[{"href":"https:\/\/cdiffprom.ch\/de\/wp-json\/wp\/v2\/types\/product"}],"wp:featuredmedia":[{"embeddable":true,"href":"https:\/\/cdiffprom.ch\/de\/wp-json\/wp\/v2\/media\/102714"}],"wp:attachment":[{"href":"https:\/\/cdiffprom.ch\/de\/wp-json\/wp\/v2\/media?parent=106413"}],"wp:term":[{"taxonomy":"product_brand","embeddable":true,"href":"https:\/\/cdiffprom.ch\/de\/wp-json\/wp\/v2\/product_brand?post=106413"},{"taxonomy":"product_cat","embeddable":true,"href":"https:\/\/cdiffprom.ch\/de\/wp-json\/wp\/v2\/product_cat?post=106413"},{"taxonomy":"product_tag","embeddable":true,"href":"https:\/\/cdiffprom.ch\/de\/wp-json\/wp\/v2\/product_tag?post=106413"}],"curies":[{"name":"wp","href":"https:\/\/api.w.org\/{rel}","templated":true}]}}