{"id":106418,"date":"2019-07-26T12:45:31","date_gmt":"2019-07-26T10:45:31","guid":{"rendered":"https:\/\/cdiffprom.ch\/produit\/fuehrungspfosten-aus-goldfarbenem-messing\/"},"modified":"2025-04-24T16:27:51","modified_gmt":"2025-04-24T14:27:51","slug":"fuehrungspfosten-aus-goldfarbenem-messing","status":"publish","type":"product","link":"https:\/\/cdiffprom.ch\/de\/produit\/fuehrungspfosten-aus-goldfarbenem-messing\/","title":{"rendered":"F\u00fchrungspfosten aus goldfarbenem Messing"},"content":{"rendered":"<ul>\n<li>Pfosten 100% aus Metall, Messing vergoldet, \u00f8 5 cm, H 105 cm, Sockel \u00f8 33 cm, beschwert 10 kg<\/li>\n<li>Sehr stabil und robust<\/li>\n<li>1 Farbe rotes Samtseil \u00f8 3,5 cm x L 160 cm, mit Endst\u00fccken und Karabinerhaken aus goldfarbenem Messing zum Aufh\u00e4ngen.<\/li>\n<\/ul>\n","protected":false},"excerpt":{"rendered":"<p>Um die \u00d6ffentlichkeit zu kanalisieren, Bereiche abzugrenzen, zu signalisieren<\/p>\n","protected":false},"featured_media":102720,"template":"","meta":{"slim_seo":{"title":"F\u00fchrungspfosten aus goldfarbenem Messing - Suisse - C.Diff-Prom","description":"Um die \u00d6ffentlichkeit zu kanalisieren, Bereiche abzugrenzen, zu signalisieren"}},"product_brand":[],"product_cat":[6616,6355],"product_tag":[6617],"class_list":{"0":"post-106418","1":"product","2":"type-product","3":"status-publish","4":"has-post-thumbnail","6":"product_cat-fuhrungspfosten","7":"product_cat-konferenz","8":"product_tag-fuhrungspfosten","9":"pa_typologie-fuhrungsschnur-roter-velours-160-cm","10":"pa_typologie-metallpfosten-aus-goldfarbenem-messing-fur-fuhrungsdraht","12":"first","13":"instock","14":"taxable","15":"shipping-taxable","16":"purchasable","17":"product-type-variable"},"_links":{"self":[{"href":"https:\/\/cdiffprom.ch\/de\/wp-json\/wp\/v2\/product\/106418","targetHints":{"allow":["GET"]}}],"collection":[{"href":"https:\/\/cdiffprom.ch\/de\/wp-json\/wp\/v2\/product"}],"about":[{"href":"https:\/\/cdiffprom.ch\/de\/wp-json\/wp\/v2\/types\/product"}],"wp:featuredmedia":[{"embeddable":true,"href":"https:\/\/cdiffprom.ch\/de\/wp-json\/wp\/v2\/media\/102720"}],"wp:attachment":[{"href":"https:\/\/cdiffprom.ch\/de\/wp-json\/wp\/v2\/media?parent=106418"}],"wp:term":[{"taxonomy":"product_brand","embeddable":true,"href":"https:\/\/cdiffprom.ch\/de\/wp-json\/wp\/v2\/product_brand?post=106418"},{"taxonomy":"product_cat","embeddable":true,"href":"https:\/\/cdiffprom.ch\/de\/wp-json\/wp\/v2\/product_cat?post=106418"},{"taxonomy":"product_tag","embeddable":true,"href":"https:\/\/cdiffprom.ch\/de\/wp-json\/wp\/v2\/product_tag?post=106418"}],"curies":[{"name":"wp","href":"https:\/\/api.w.org\/{rel}","templated":true}]}}