{"id":106427,"date":"2019-07-26T12:36:27","date_gmt":"2019-07-26T10:36:27","guid":{"rendered":"https:\/\/cdiffprom.ch\/produit\/kordel-clip-fuer-namensschilder\/"},"modified":"2019-07-26T12:36:27","modified_gmt":"2019-07-26T10:36:27","slug":"kordel-clip-fuer-namensschilder","status":"publish","type":"product","link":"https:\/\/cdiffprom.ch\/de\/produit\/kordel-clip-fuer-namensschilder\/","title":{"rendered":"Kordel + Clip f\u00fcr Namensschilder"},"content":{"rendered":"<ul>\n<li>Verwendung in B\u00fcros, Gesch\u00e4ften oder \u00f6ffentlichen Einrichtungen bei Konferenzen, Ausstellungen, Kongressen, Messen, Veranstaltungen<\/li>\n<li>Clipbefestigung f\u00fcr Kartenhalter<\/li>\n<li>Sicherheitsvorrichtung mit automatischer \u00d6ffnung im Falle einer \u00dcberspannung<\/li>\n<li>Schwarze, weiche Polyesterkordel, 1 cm breit, 43 cm lang, mit integriertem Zip-Roller, bis zu 70 cm ausziehbar.<\/li>\n<\/ul>\n","protected":false},"excerpt":{"rendered":"<p>Verwendung in B\u00fcros, Gesch\u00e4ften oder \u00f6ffentlichen Einrichtungen bei Konferenzen, Ausstellungen, Kongressen, Messen, Veranstaltungen Clipbefestigung f\u00fcr Kartenhalter Sicherheitsvorrichtung mit automatischer \u00d6ffnung im Falle einer \u00dcberspannung Schwarze, weiche Polyesterkordel, 1 cm breit, 43 cm lang, mit integriertem Zip-Roller, bis zu 70 cm ausziehbar.<\/p>\n","protected":false},"featured_media":102654,"template":"","meta":{"slim_seo":{"title":"Kordel + Clip f\u00fcr Namensschilder - Suisse - C.Diff-Prom","description":"Verwendung in B\u00fcros, Gesch\u00e4ften oder \u00f6ffentlichen Einrichtungen bei Konferenzen, Ausstellungen, Kongressen, Messen, Veranstaltungen Clipbefestigung f\u00fcr Kartenha"}},"product_brand":[],"product_cat":[6467,6355,6405],"product_tag":[6468,6406],"class_list":{"0":"post-106427","1":"product","2":"type-product","3":"status-publish","4":"has-post-thumbnail","6":"product_cat-empfangszubehor","7":"product_cat-konferenz","8":"product_cat-namensschilder","9":"product_tag-empfangszubehor","10":"product_tag-namensschilder","12":"first","13":"instock","14":"taxable","15":"shipping-taxable","16":"purchasable","17":"product-type-simple"},"_links":{"self":[{"href":"https:\/\/cdiffprom.ch\/de\/wp-json\/wp\/v2\/product\/106427","targetHints":{"allow":["GET"]}}],"collection":[{"href":"https:\/\/cdiffprom.ch\/de\/wp-json\/wp\/v2\/product"}],"about":[{"href":"https:\/\/cdiffprom.ch\/de\/wp-json\/wp\/v2\/types\/product"}],"wp:featuredmedia":[{"embeddable":true,"href":"https:\/\/cdiffprom.ch\/de\/wp-json\/wp\/v2\/media\/102654"}],"wp:attachment":[{"href":"https:\/\/cdiffprom.ch\/de\/wp-json\/wp\/v2\/media?parent=106427"}],"wp:term":[{"taxonomy":"product_brand","embeddable":true,"href":"https:\/\/cdiffprom.ch\/de\/wp-json\/wp\/v2\/product_brand?post=106427"},{"taxonomy":"product_cat","embeddable":true,"href":"https:\/\/cdiffprom.ch\/de\/wp-json\/wp\/v2\/product_cat?post=106427"},{"taxonomy":"product_tag","embeddable":true,"href":"https:\/\/cdiffprom.ch\/de\/wp-json\/wp\/v2\/product_tag?post=106427"}],"curies":[{"name":"wp","href":"https:\/\/api.w.org\/{rel}","templated":true}]}}