{"id":106428,"date":"2019-07-26T12:36:28","date_gmt":"2019-07-26T10:36:28","guid":{"rendered":"https:\/\/cdiffprom.ch\/produit\/steife-namensschildhalter-clip-nadel\/"},"modified":"2019-07-26T12:36:28","modified_gmt":"2019-07-26T10:36:28","slug":"steife-namensschildhalter-clip-nadel","status":"publish","type":"product","link":"https:\/\/cdiffprom.ch\/de\/produit\/steife-namensschildhalter-clip-nadel\/","title":{"rendered":"Steife Namensschildhalter Clip\/Nadel"},"content":{"rendered":"<ul>\n<li>Verwendung in B\u00fcros, Gesch\u00e4ften oder \u00f6ffentlichen Einrichtungen bei Konferenzen, Ausstellungen, Kongressen, Messen, Veranstaltungen<\/li>\n<li>Dieser Namensschildhalter hat einen Clip und eine Sicherheitsnadel, die zwei Arten der Befestigung erm\u00f6glichen: z.B. an der Tasche eines Herrenanzugs mit dem Clip oder an einer Damenbluse mit der Sicherheitsnadel P V C starrer, klarer Kristall<\/li>\n<li>Verchromter Metallclip mit Nadel<\/li>\n<li>Wird mit wei\u00dfem Bristol geliefert<\/li>\n<\/ul>\n","protected":false},"excerpt":{"rendered":"<p>Verwendung in B\u00fcros, Gesch\u00e4ften oder \u00f6ffentlichen Einrichtungen bei Konferenzen, Ausstellungen, Kongressen, Messen, Veranstaltungen Dieser Namensschildhalter hat einen Clip und eine Sicherheitsnadel, die zwei Arten der Befestigung erm\u00f6glichen: z.B. an der Tasche eines Herrenanzugs mit dem Clip oder an einer Damenbluse mit der Sicherheitsnadel P V C starrer, klarer Kristall Verchromter Metallclip mit Nadel Wird mit&#8230;<\/p>\n","protected":false},"featured_media":101632,"template":"","meta":{"slim_seo":{"title":"Steife Namensschildhalter Clip\/Nadel - Suisse - C.Diff-Prom","description":"Verwendung in B\u00fcros, Gesch\u00e4ften oder \u00f6ffentlichen Einrichtungen bei Konferenzen, Ausstellungen, Kongressen, Messen, Veranstaltungen Dieser Namensschildhalter ha"}},"product_brand":[],"product_cat":[6355,6405],"product_tag":[6406],"class_list":{"0":"post-106428","1":"product","2":"type-product","3":"status-publish","4":"has-post-thumbnail","6":"product_cat-konferenz","7":"product_cat-namensschilder","8":"product_tag-namensschilder","10":"first","11":"instock","12":"taxable","13":"shipping-taxable","14":"purchasable","15":"product-type-simple"},"_links":{"self":[{"href":"https:\/\/cdiffprom.ch\/de\/wp-json\/wp\/v2\/product\/106428","targetHints":{"allow":["GET"]}}],"collection":[{"href":"https:\/\/cdiffprom.ch\/de\/wp-json\/wp\/v2\/product"}],"about":[{"href":"https:\/\/cdiffprom.ch\/de\/wp-json\/wp\/v2\/types\/product"}],"wp:featuredmedia":[{"embeddable":true,"href":"https:\/\/cdiffprom.ch\/de\/wp-json\/wp\/v2\/media\/101632"}],"wp:attachment":[{"href":"https:\/\/cdiffprom.ch\/de\/wp-json\/wp\/v2\/media?parent=106428"}],"wp:term":[{"taxonomy":"product_brand","embeddable":true,"href":"https:\/\/cdiffprom.ch\/de\/wp-json\/wp\/v2\/product_brand?post=106428"},{"taxonomy":"product_cat","embeddable":true,"href":"https:\/\/cdiffprom.ch\/de\/wp-json\/wp\/v2\/product_cat?post=106428"},{"taxonomy":"product_tag","embeddable":true,"href":"https:\/\/cdiffprom.ch\/de\/wp-json\/wp\/v2\/product_tag?post=106428"}],"curies":[{"name":"wp","href":"https:\/\/api.w.org\/{rel}","templated":true}]}}