{"id":106430,"date":"2019-07-26T12:00:37","date_gmt":"2019-07-26T10:00:37","guid":{"rendered":"https:\/\/cdiffprom.ch\/produit\/set-fuer-pfostenwerbung\/"},"modified":"2019-07-26T12:00:37","modified_gmt":"2019-07-26T10:00:37","slug":"set-fuer-pfostenwerbung","status":"publish","type":"product","link":"https:\/\/cdiffprom.ch\/de\/produit\/set-fuer-pfostenwerbung\/","title":{"rendered":"Set f\u00fcr Pfostenwerbung"},"content":{"rendered":"<h3><span style=\"color: #800000;\"><strong>Set f\u00fcr Pfostenwerbung<\/strong><\/span><\/h3>\n<p>Mit diesem Set k\u00f6nnen Sie Ihre Produkte und Werbeangebote pr\u00e4sentieren!<\/p>\n<p>Sie k\u00f6nnen Ihr Display-Kit nach Ihren Bed\u00fcrfnissen zusammenstellen, z.B. :<\/p>\n<ul>\n<li>4 doppelseitig x A2<\/li>\n<li>6 doppelseitig x A3<\/li>\n<li>8 doppelseitig x A4<\/li>\n<\/ul>\n<p>Dieses doppelseitige Multidisplay-System ist mit einem blendfreien Plexiglasschutz ausgestattet und kann somit von allen Personen, die an Ihren Informationen interessiert sind, problemlos betrachtet werden.<\/p>\n<p>Die Rahmen sind aus naturfarbenem, eloxiertem Aluminium und eignen sich daher f\u00fcr jeden Verkaufs- oder Empfangsbereich. Sie k\u00f6nnen im Hoch- oder Querformat aufgestellt werden und sind auf jede Pfostenh\u00f6he einstellbar. <\/p>\n<p>Der Plakatwechsel erfolgt einfach, indem Sie Ihre Plakate von der Kante zur Schmalseite einf\u00fchren.<\/p>\n<p>Der Pfosten hat einen Durchmesser von 7 cm, der Sockel einen Durchmesser von 45 cm, eine H\u00f6he von 190 cm und ein Gewicht von 12 kg.<\/p>\n<p>Das Kit wird komplett mit allen Zubeh\u00f6rteilen geliefert.<\/p>\n<p>Die Installation dieses Pfosten-Display-Kits ist schnell und die Montageanleitung wird mitgeliefert.<\/p>\n<p>Gut zu wissen<\/p>\n<p>Das Prinzip des Antireflexionssystems liegt in seinem Plexiglas, das innen glatt und au\u00dfen leicht rau ist. Denken Sie daran, wenn Sie Ihre Poster austauschen, denn dies ist der einfachste Weg, um zu sehen, ob Sie richtig liegen. Stellen Sie sich vor den Rahmen und wenn Sie sich sehen, m\u00fcssen Sie das Plexiglas umdrehen, um den Spiegeleffekt zu beseitigen.  <\/p>\n<p>Sie k\u00f6nnen <span style=\"color: #800000;\"><a style=\"color: #800000;\" href=\"https:\/\/cdiffprom.ch\/elements\/contactez-nous\/\">uns kontaktieren<\/a><\/span> f\u00fcr spezifische Bed\u00fcrfnisse.<\/p>\n<p>&nbsp;<\/p>\n","protected":false},"excerpt":{"rendered":"<p>Doppelseitige Display-Kits zur Orientierung und Information Ihrer Besucher.<\/p>\n<p>Zahlreiche Kombinationen m\u00f6glich<\/p>\n","protected":false},"featured_media":102296,"template":"","meta":{"slim_seo":{"title":"Set f\u00fcr Pfostenwerbung - Suisse - C.Diff-Prom","description":"Doppelseitige Display-Kits zur Orientierung und Information Ihrer Besucher. Zahlreiche Kombinationen m\u00f6glich"}},"product_brand":[],"product_cat":[6342,6601,6355,6356],"product_tag":[6602,6585],"class_list":{"0":"post-106430","1":"product","2":"type-product","3":"status-publish","4":"has-post-thumbnail","6":"product_cat-anzeige","7":"product_cat-boden-nachrichtenhalter","8":"product_cat-konferenz","9":"product_cat-plakatstander-auf-fuss","10":"product_tag-boden-nachrichtenhalter","11":"product_tag-bodenplakatstander","12":"pa_dimensions-2-x-a3-2-x-a2-1-fachboden","13":"pa_dimensions-4-x-a2-de","14":"pa_dimensions-6-x-a3-de","15":"pa_dimensions-8-x-a3-de","16":"pa_dimensions-8-x-a4-de","18":"first","19":"instock","20":"taxable","21":"shipping-taxable","22":"purchasable","23":"product-type-variable"},"_links":{"self":[{"href":"https:\/\/cdiffprom.ch\/de\/wp-json\/wp\/v2\/product\/106430","targetHints":{"allow":["GET"]}}],"collection":[{"href":"https:\/\/cdiffprom.ch\/de\/wp-json\/wp\/v2\/product"}],"about":[{"href":"https:\/\/cdiffprom.ch\/de\/wp-json\/wp\/v2\/types\/product"}],"wp:featuredmedia":[{"embeddable":true,"href":"https:\/\/cdiffprom.ch\/de\/wp-json\/wp\/v2\/media\/102296"}],"wp:attachment":[{"href":"https:\/\/cdiffprom.ch\/de\/wp-json\/wp\/v2\/media?parent=106430"}],"wp:term":[{"taxonomy":"product_brand","embeddable":true,"href":"https:\/\/cdiffprom.ch\/de\/wp-json\/wp\/v2\/product_brand?post=106430"},{"taxonomy":"product_cat","embeddable":true,"href":"https:\/\/cdiffprom.ch\/de\/wp-json\/wp\/v2\/product_cat?post=106430"},{"taxonomy":"product_tag","embeddable":true,"href":"https:\/\/cdiffprom.ch\/de\/wp-json\/wp\/v2\/product_tag?post=106430"}],"curies":[{"name":"wp","href":"https:\/\/api.w.org\/{rel}","templated":true}]}}