{"id":106438,"date":"2019-07-26T12:00:32","date_gmt":"2019-07-26T10:00:32","guid":{"rendered":"https:\/\/cdiffprom.ch\/produit\/posterstaender-mit-gebogenem-fuss\/"},"modified":"2019-07-26T12:00:32","modified_gmt":"2019-07-26T10:00:32","slug":"posterstaender-mit-gebogenem-fuss","status":"publish","type":"product","link":"https:\/\/cdiffprom.ch\/de\/produit\/posterstaender-mit-gebogenem-fuss\/","title":{"rendered":"Posterst\u00e4nder mit gebogenem Fu\u00df"},"content":{"rendered":"<h3><span style=\"color: #800000;\"><strong>Posterst\u00e4nder mit gebogenem Fu\u00df<br \/>\n<\/strong><\/span><\/h3>\n<p>Dieser Posterst\u00e4nder mit gebogenem Fu\u00df ist einseitig, in den Formaten A4 oder A3, in grau oder schwarz erh\u00e4ltlich.<\/p>\n<p>Pr\u00e4sentieren Sie Ihre Produkte und Werbeangebote mit diesem Posterst\u00e4nder mit Fu\u00df!<b><br \/>\n<\/b><\/p>\n<h4><span style=\"color: #800000;\"><strong>Technische Spezifikationen :<\/strong><\/span><\/h4>\n<ul>\n<li>H\u00f6he 122 oder 126 cm<\/li>\n<li>Runder Sockel 36 cm<\/li>\n<li>Gebogener Fu\u00df<\/li>\n<li>45 Grad geneigter Rahmen<\/li>\n<li>Das A4-Hochformat hat eine Gesamth\u00f6he von 122 cm, w\u00e4hrend das Querformat 118 cm betr\u00e4gt.<\/li>\n<\/ul>\n<p>Dank einer Drehvorrichtung f\u00fcr die Rahmen kann dieser Posterst\u00e4nder leicht im Hoch- oder Querformat ausgerichtet werden.<\/p>\n<p>Dieser Posterst\u00e4nder ist mit einem entspiegelten Plexiglasschutz ausgestattet, so dass er von allen Personen, die an Ihren Informationen interessiert sind, problemlos betrachtet werden kann.<\/p>\n<p>Das Einsetzen des Posters in den Plexiglasschutz ist ganz einfach. \u00d6ffnen Sie einfach die 4 Scharnierseiten des Rahmens und klappen Sie sie dann um. <\/p>\n<h4><span style=\"color: #800000;\"><strong>Vorschl\u00e4ge zur Nutzung :<\/strong><\/span><\/h4>\n<p>Er ist ideal f\u00fcr tempor\u00e4re Beschilderungen und Informationsdisplays, aber auch um Ihre besten Verkaufsaktionen oder neue Produkte zu pr\u00e4sentieren.<\/p>\n<p>Es ist auch f\u00fcr alle Restaurants geeignet, um Ihre verschiedenen Men\u00fcs oder Tagesangebote sowie die Spezialit\u00e4ten des Monats zu pr\u00e4sentieren.<\/p>\n<p>Dieser Posterhalter kann auch zu einem unverzichtbaren Artikel f\u00fcr Reiseb\u00fcros werden, damit Ihre Kunden Ihre besten aktuellen Reiseangebote sehen k\u00f6nnen.<\/p>\n<p>Es kann auch in einer Warteschlange erforderlich sein. Es kann z.B. bei einem einmaligen Ereignis in Ihrer Verkaufsstelle den Weg weisen. <\/p>\n<p>Dieser Posterst\u00e4nder wird mit allem Zubeh\u00f6r geliefert und kann sofort aufgebaut werden.<\/p>\n<p>M\u00f6glichkeit von Preisnachl\u00e4ssen, abh\u00e4ngig von der Anzahl der bestellten Artikel.<\/p>\n<p>Die Lieferzeit betr\u00e4gt ca. 10 Tage nach Eingang Ihrer Bestellung.<\/p>\n<p>Z\u00f6gern Sie nicht <a href=\"https:\/\/cdiffprom.ch\/elements\/contactez-nous\/\"><span style=\"color: #800000;\">kontaktieren Sie uns bitte.<\/span><\/a> wenn Sie Fragen haben. Wir werden sicherlich eine L\u00f6sung finden, die Ihren Bed\u00fcrfnissen entspricht. <\/p>\n<p>&nbsp;<\/p>\n<p>&nbsp;<\/p>\n<p>&nbsp;<\/p>\n<p>&nbsp;<\/p>\n<p>&nbsp;<\/p>\n","protected":false},"excerpt":{"rendered":"<p>Ideal f\u00fcr die Kommunikation und Anzeige von Informationen, Nachrichten, Anweisungen&#8230;<\/p>\n","protected":false},"featured_media":102276,"template":"","meta":{"slim_seo":{"title":"Posterst\u00e4nder mit gebogenem Fu\u00df - Suisse - C.Diff-Prom","description":"Ideal f\u00fcr die Kommunikation und Anzeige von Informationen, Nachrichten, Anweisungen..."}},"product_brand":[],"product_cat":[6342,6356],"product_tag":[6585],"class_list":{"0":"post-106438","1":"product","2":"type-product","3":"status-publish","4":"has-post-thumbnail","6":"product_cat-anzeige","7":"product_cat-plakatstander-auf-fuss","8":"product_tag-bodenplakatstander","9":"pa_dimensions-a3-297-x-42-cm-de","10":"pa_dimensions-a4-21-x-297-cm-de","12":"first","13":"instock","14":"taxable","15":"shipping-taxable","16":"purchasable","17":"product-type-variable"},"_links":{"self":[{"href":"https:\/\/cdiffprom.ch\/de\/wp-json\/wp\/v2\/product\/106438","targetHints":{"allow":["GET"]}}],"collection":[{"href":"https:\/\/cdiffprom.ch\/de\/wp-json\/wp\/v2\/product"}],"about":[{"href":"https:\/\/cdiffprom.ch\/de\/wp-json\/wp\/v2\/types\/product"}],"wp:featuredmedia":[{"embeddable":true,"href":"https:\/\/cdiffprom.ch\/de\/wp-json\/wp\/v2\/media\/102276"}],"wp:attachment":[{"href":"https:\/\/cdiffprom.ch\/de\/wp-json\/wp\/v2\/media?parent=106438"}],"wp:term":[{"taxonomy":"product_brand","embeddable":true,"href":"https:\/\/cdiffprom.ch\/de\/wp-json\/wp\/v2\/product_brand?post=106438"},{"taxonomy":"product_cat","embeddable":true,"href":"https:\/\/cdiffprom.ch\/de\/wp-json\/wp\/v2\/product_cat?post=106438"},{"taxonomy":"product_tag","embeddable":true,"href":"https:\/\/cdiffprom.ch\/de\/wp-json\/wp\/v2\/product_tag?post=106438"}],"curies":[{"name":"wp","href":"https:\/\/api.w.org\/{rel}","templated":true}]}}