{"id":106444,"date":"2019-07-26T12:00:35","date_gmt":"2019-07-26T10:00:35","guid":{"rendered":"https:\/\/cdiffprom.ch\/produit\/posterhalter-alu-a4\/"},"modified":"2019-07-26T12:00:35","modified_gmt":"2019-07-26T10:00:35","slug":"posterhalter-alu-a4","status":"publish","type":"product","link":"https:\/\/cdiffprom.ch\/de\/produit\/posterhalter-alu-a4\/","title":{"rendered":"Posterhalter Alu a4"},"content":{"rendered":"<h3><strong><span style=\"color: #800000;\">Alu-Posterhalter A4<\/span><\/strong><\/h3>\n<p>Dieser A4 Alu-Posterst\u00e4nder ist ein idealer und sehr praktischer Visitenkartenhalter, der alle Arten von Visitenkarten zur Geltung bringt! Alu ist ein sehr leicht zu handhabendes Material. <\/p>\n<p>Mit seiner stabilen Struktur aus nat\u00fcrlichem eloxiertem Aluminium ist er f\u00fcr eine Vielzahl von Bereichen geeignet.<\/p>\n<h4><strong><span style=\"color: #800000;\">Einige Abmessungen des Produkts<\/span> <\/strong>:<\/h4>\n<ul>\n<li>die feste H\u00f6he betr\u00e4gt 115 cm<\/li>\n<li>abnehmbarer oberer Plexiglas-Visualhalter<\/li>\n<li>die Basis ist 24 cm lang und 30 cm tief<\/li>\n<li>sein Gewicht betr\u00e4gt 4,510 kg<\/li>\n<li>nur im Hochformat<\/li>\n<li>geeignet f\u00fcr ein Bildformat von 30 cm H\u00f6he x 21 cm H\u00f6he<\/li>\n<\/ul>\n<p>Der A4 Alu-Posterhalter ist leicht und stabil und eignet sich daher ideal f\u00fcr Ihre Grafiken.<\/p>\n<p>Der Posterhalter aus transparentem Plexiglas kann an allen vier Ecken angeschraubt werden und erm\u00f6glicht so das Einf\u00fcgen des Bildes.<\/p>\n<h4><span style=\"color: #800000;\"><strong>Ideen f\u00fcr die Verwendung :<\/strong><\/span><\/h4>\n<p>Dieser Alu-Plakatst\u00e4nder kann z.B. ein ideales Hilfsmittel f\u00fcr Werkst\u00e4tten sein. Vor jedem neuen oder gebrauchten Fahrzeug aufgestellt, informiert dieser Plakatst\u00e4nder die Besucher \u00fcber die verschiedenen technischen Daten. <\/p>\n<p>In einer Verkaufsstelle, wie z.B. einem Fachgesch\u00e4ft f\u00fcr Kleidung oder Gegenst\u00e4nde, wirkt es auch vor potentiellen Kunden, die so \u00fcber Ihre Wahlm\u00f6glichkeiten oder Angebote informiert werden k\u00f6nnen.<\/p>\n<p>Z\u00f6gern Sie nicht, <a href=\"https:\/\/cdiffprom.ch\/elements\/contactez-nous\/\">uns zu fragen<\/a>, wenn Sie weitere Bed\u00fcrfnisse haben. <span style=\"color: #800000;\"><a style=\"color: #800000;\" href=\"https:\/\/cdiffprom.ch\/produit\/porte-affiches-plexiglas-a4\/\">Visitenkartenhalter<\/a><\/span> das Ihnen zusagt.<\/p>\n<p>.<\/p>\n","protected":false},"excerpt":{"rendered":"<p>Werten Sie Ihre Informationen auf!<\/p>\n","protected":false},"featured_media":102290,"template":"","meta":{"slim_seo":{"title":"Posterhalter Alu a4 - Suisse - C.Diff-Prom","description":"Werten Sie Ihre Informationen auf!"}},"product_brand":[],"product_cat":[6342,6601,6355,6356],"product_tag":[6602,6585],"class_list":{"0":"post-106444","1":"product","2":"type-product","3":"status-publish","4":"has-post-thumbnail","6":"product_cat-anzeige","7":"product_cat-boden-nachrichtenhalter","8":"product_cat-konferenz","9":"product_cat-plakatstander-auf-fuss","10":"product_tag-boden-nachrichtenhalter","11":"product_tag-bodenplakatstander","13":"first","14":"instock","15":"taxable","16":"shipping-taxable","17":"purchasable","18":"product-type-simple"},"_links":{"self":[{"href":"https:\/\/cdiffprom.ch\/de\/wp-json\/wp\/v2\/product\/106444","targetHints":{"allow":["GET"]}}],"collection":[{"href":"https:\/\/cdiffprom.ch\/de\/wp-json\/wp\/v2\/product"}],"about":[{"href":"https:\/\/cdiffprom.ch\/de\/wp-json\/wp\/v2\/types\/product"}],"wp:featuredmedia":[{"embeddable":true,"href":"https:\/\/cdiffprom.ch\/de\/wp-json\/wp\/v2\/media\/102290"}],"wp:attachment":[{"href":"https:\/\/cdiffprom.ch\/de\/wp-json\/wp\/v2\/media?parent=106444"}],"wp:term":[{"taxonomy":"product_brand","embeddable":true,"href":"https:\/\/cdiffprom.ch\/de\/wp-json\/wp\/v2\/product_brand?post=106444"},{"taxonomy":"product_cat","embeddable":true,"href":"https:\/\/cdiffprom.ch\/de\/wp-json\/wp\/v2\/product_cat?post=106444"},{"taxonomy":"product_tag","embeddable":true,"href":"https:\/\/cdiffprom.ch\/de\/wp-json\/wp\/v2\/product_tag?post=106444"}],"curies":[{"name":"wp","href":"https:\/\/api.w.org\/{rel}","templated":true}]}}