{"id":106455,"date":"2019-07-26T12:00:36","date_gmt":"2019-07-26T10:00:36","guid":{"rendered":"https:\/\/cdiffprom.ch\/produit\/bogenvisierhalter-a4-a3\/"},"modified":"2019-07-26T12:00:36","modified_gmt":"2019-07-26T10:00:36","slug":"bogenvisierhalter-a4-a3","status":"publish","type":"product","link":"https:\/\/cdiffprom.ch\/de\/produit\/bogenvisierhalter-a4-a3\/","title":{"rendered":"Bogenvisierhalter a4\/a3"},"content":{"rendered":"<h3><span style=\"color: #800000;\"><strong>A4\/A3 Bogenvisierhalter<\/strong><\/span><\/h3>\n<p>Dieser A4\/A3 Bogen-Visitenkartenhalter im modernen Design ist sehr praktisch, um Ihre Informationen in verschiedenen Verkaufsstellen oder Empfangsbereichen zu verteilen.<\/p>\n<p>Sie m\u00fcssen Ihre Besucher \u00fcber eine bestimmte Besonderheit informieren, dann nutzen Sie die Gelegenheit, dies mit diesem Medium zu tun.<\/p>\n<h4><span style=\"color: #800000;\"><strong>Merkmale :<\/strong><\/span><\/h4>\n<ul>\n<li>die H\u00f6he betr\u00e4gt 150 cm x bei einer Breite von 24 cm<\/li>\n<li>das Fu\u00dfgestell aus 2 mm starkem Vollstahl<\/li>\n<li>mattschwarz oder alugrau lackiert<\/li>\n<li>mit einem gew\u00f6lbten A4 oder A3 Posterhalter ausgestattet<\/li>\n<li>kann im Hoch- oder Querformat installiert werden<\/li>\n<li>der Posterhalter ist aus starrem, gew\u00f6lbtem und transparentem Plexiglas.<\/li>\n<\/ul>\n<p>Dar\u00fcber hinaus ist der Wechsel des Posters sehr einfach.<\/p>\n<p>Sein geringes Gewicht und seine St\u00e4rke machen diesen A4\/A3 Bogenvisitenkartenhalter zu einem idealen Medium f\u00fcr Ihre Visitenkarten.<\/p>\n<p>Dieser Bogen-Visitenkartenhalter ist ein Modell, das sich f\u00fcr viele Bereiche eignet, z.B. f\u00fcr Reiseb\u00fcros, um ein au\u00dfergew\u00f6hnliches Angebot zu bewerben.<\/p>\n<p>Es kann auch in einer Warteschlange oder auf einer Ausstellung\/Messe zu sehen sein, um das Publikum \u00fcber \u00d6ffnungszeiten oder aktuelle Veranstaltungen zu informieren.<\/p>\n<p>Wenn Sie ein anderes Modell eines Alu-Visitenkartenhalters sehen m\u00f6chten, klicken Sie bitte hier. <span style=\"color: #800000;\"><a style=\"color: #800000;\" href=\"https:\/\/cdiffprom.ch\/produit\/porte-visuel-a4-arc-alu\/\">hier<\/a><\/span>.<\/p>\n<p>Wir stehen Ihnen auch f\u00fcr weitere Informationen zur Verf\u00fcgung, bitte z\u00f6gern Sie nicht, uns zu kontaktieren. <span style=\"color: #800000;\"><a style=\"color: #800000;\" href=\"https:\/\/cdiffprom.ch\/elements\/contactez-nous\/\">Bitte kontaktieren Sie uns.<\/a><\/span><\/p>\n","protected":false},"excerpt":{"rendered":"<p>Modernes Design, um einen Empfangsbereich auszustatten<\/p>\n","protected":false},"featured_media":102292,"template":"","meta":{"slim_seo":{"title":"Bogenvisierhalter a4\/a3 - Suisse - C.Diff-Prom","description":"Modernes Design, um einen Empfangsbereich auszustatten"}},"product_brand":[],"product_cat":[6342,6356],"product_tag":[6585],"class_list":{"0":"post-106455","1":"product","2":"type-product","3":"status-publish","4":"has-post-thumbnail","6":"product_cat-anzeige","7":"product_cat-plakatstander-auf-fuss","8":"product_tag-bodenplakatstander","9":"pa_couleurs-grau-aluminium","10":"pa_couleurs-schwarz","11":"pa_dimensions-a3-297-x-42-cm-de","12":"pa_dimensions-a4-21-x-297-cm-de","14":"first","15":"instock","16":"taxable","17":"shipping-taxable","18":"purchasable","19":"product-type-variable"},"_links":{"self":[{"href":"https:\/\/cdiffprom.ch\/de\/wp-json\/wp\/v2\/product\/106455","targetHints":{"allow":["GET"]}}],"collection":[{"href":"https:\/\/cdiffprom.ch\/de\/wp-json\/wp\/v2\/product"}],"about":[{"href":"https:\/\/cdiffprom.ch\/de\/wp-json\/wp\/v2\/types\/product"}],"wp:featuredmedia":[{"embeddable":true,"href":"https:\/\/cdiffprom.ch\/de\/wp-json\/wp\/v2\/media\/102292"}],"wp:attachment":[{"href":"https:\/\/cdiffprom.ch\/de\/wp-json\/wp\/v2\/media?parent=106455"}],"wp:term":[{"taxonomy":"product_brand","embeddable":true,"href":"https:\/\/cdiffprom.ch\/de\/wp-json\/wp\/v2\/product_brand?post=106455"},{"taxonomy":"product_cat","embeddable":true,"href":"https:\/\/cdiffprom.ch\/de\/wp-json\/wp\/v2\/product_cat?post=106455"},{"taxonomy":"product_tag","embeddable":true,"href":"https:\/\/cdiffprom.ch\/de\/wp-json\/wp\/v2\/product_tag?post=106455"}],"curies":[{"name":"wp","href":"https:\/\/api.w.org\/{rel}","templated":true}]}}