{"id":106460,"date":"2019-07-26T12:00:38","date_gmt":"2019-07-26T10:00:38","guid":{"rendered":"https:\/\/cdiffprom.ch\/produit\/display-kit-hoehe-158cm\/"},"modified":"2019-07-26T12:00:38","modified_gmt":"2019-07-26T10:00:38","slug":"display-kit-hoehe-158cm","status":"publish","type":"product","link":"https:\/\/cdiffprom.ch\/de\/produit\/display-kit-hoehe-158cm\/","title":{"rendered":"Display-Kit H\u00f6he 158cm"},"content":{"rendered":"<h3><span style=\"color: #800000;\"><strong>Set Standplakat H\u00f6he 158 cm<br \/>\n<\/strong><\/span><\/h3>\n<p>W\u00e4hlen Sie das 158 cm Stand-up-Display-Set je nach der Anzahl der Botschaften, die Sie an Ihre Kunden \u00fcbermitteln m\u00f6chten.<\/p>\n<p>Die Standf\u00fc\u00dfe sind in vier verschiedenen H\u00f6hen erh\u00e4ltlich: 133 cm, 158 cm, 180 cm und 203 cm. So k\u00f6nnen Sie einfach mehrere &#8222;Clic-Clac&#8220;-Rahmen nach Ihren Bed\u00fcrfnissen aufstellen.<br \/>\nDie eloxierten Alu-Fu\u00dfkreuze sind auf einer 30 x 42 cm gro\u00dfen Basis montiert, die mit 6 kg beschwert ist. <\/p>\n<p>Diese Halterungen sind einzeln oder als komplette Sets erh\u00e4ltlich. Auf diese Weise k\u00f6nnen Sie problemlos \u00c4nderungen vornehmen, wenn sich Ihre Bed\u00fcrfnisse \u00e4ndern. <\/p>\n<p>Au\u00dferdem kann Ihre Nachricht ohne Demontage der Rahmen ausgetauscht werden.<\/p>\n<p>Dar\u00fcber hinaus k\u00f6nnen die Rahmen im Hoch- oder Querformat aufgestellt werden. Sie k\u00f6nnen auch einen Prospektspender einf\u00fcgen, den Ihre Kunden gerne in Anspruch nehmen werden. <\/p>\n<p>F\u00fcr andere Bed\u00fcrfnisse gibt es verschiedene M\u00f6glichkeiten, entweder mit Rahmen, mit rechten Ecken oder mit abgerundeten verchromten Ecken. Es gibt eine gro\u00dfe Auswahl an Display-Kits. Bitte z\u00f6gern Sie nicht, uns zu kontaktieren. <span style=\"color: #800000;\"><a style=\"color: #800000;\" href=\"https:\/\/cdiffprom.ch\/elements\/contactez-nous\/\">Kontaktieren Sie uns.<\/a><\/span> ! Gemeinsam finden wir bestimmt die richtige L\u00f6sung f\u00fcr Sie!  <\/p>\n<p>Sondergr\u00f6\u00dfen auf Anfrage.<\/p>\n<h4><strong><span style=\"color: #800000;\">Vorschl\u00e4ge f\u00fcr die Verwendung :<\/span><br \/>\n<\/strong><\/h4>\n<p>Dieses Displaysystem eignet sich f\u00fcr viele Bereiche, wie z.B. Reiseb\u00fcros, Restaurants, tempor\u00e4re oder feste Ausstellungen, um Ihr Publikum \u00fcber alle Angebote oder Aktionen zu informieren, die an Ihrem Verkaufs- oder Durchgangsort verf\u00fcgbar sind. Aufgrund seines Gewichts kann es leicht an verschiedene Orte in Ihren R\u00e4umlichkeiten gebracht werden. <\/p>\n<p><strong>Was Sie <span style=\"color: #800000;\">wissen sollten<\/span>:<br \/>\n<\/strong><\/p>\n<p>Das Prinzip des Antireflexsystems liegt in seinem Plexiglas, das innen glatt und au\u00dfen leicht rau ist, denken Sie daran, wenn Sie Ihre Poster austauschen, der einfachste Weg, um zu wissen, ob Sie richtig liegen. Stellen Sie sich vor den Rahmen, wenn Sie sich sehen, m\u00fcssen Sie Ihr Plexiglas umdrehen, um den Spiegeleffekt zu beseitigen. <\/p>\n<h3><\/h3>\n<p>&nbsp;<\/p>\n","protected":false},"excerpt":{"rendered":"<p>Wechseln Sie Ihre Plakate schnell!<\/p>\n","protected":false},"featured_media":102302,"template":"","meta":{"slim_seo":{"title":"Display-Kit H\u00f6he 158cm - Suisse - C.Diff-Prom","description":"Wechseln Sie Ihre Plakate schnell!"}},"product_brand":[],"product_cat":[6342,6601,6355,6356,6423],"product_tag":[6585],"class_list":{"0":"post-106460","1":"product","2":"type-product","3":"status-publish","4":"has-post-thumbnail","6":"product_cat-anzeige","7":"product_cat-boden-nachrichtenhalter","8":"product_cat-konferenz","9":"product_cat-plakatstander-auf-fuss","10":"product_cat-schutzmaterial","11":"product_tag-bodenplakatstander","12":"pa_dimensions-a2-42-x-594-cm-de","13":"pa_dimensions-a2-a3-de","14":"pa_dimensions-a3-297-x-42-cm-de","15":"pa_dimensions-a4-a3-de","17":"first","18":"instock","19":"taxable","20":"shipping-taxable","21":"purchasable","22":"product-type-variable"},"_links":{"self":[{"href":"https:\/\/cdiffprom.ch\/de\/wp-json\/wp\/v2\/product\/106460","targetHints":{"allow":["GET"]}}],"collection":[{"href":"https:\/\/cdiffprom.ch\/de\/wp-json\/wp\/v2\/product"}],"about":[{"href":"https:\/\/cdiffprom.ch\/de\/wp-json\/wp\/v2\/types\/product"}],"wp:featuredmedia":[{"embeddable":true,"href":"https:\/\/cdiffprom.ch\/de\/wp-json\/wp\/v2\/media\/102302"}],"wp:attachment":[{"href":"https:\/\/cdiffprom.ch\/de\/wp-json\/wp\/v2\/media?parent=106460"}],"wp:term":[{"taxonomy":"product_brand","embeddable":true,"href":"https:\/\/cdiffprom.ch\/de\/wp-json\/wp\/v2\/product_brand?post=106460"},{"taxonomy":"product_cat","embeddable":true,"href":"https:\/\/cdiffprom.ch\/de\/wp-json\/wp\/v2\/product_cat?post=106460"},{"taxonomy":"product_tag","embeddable":true,"href":"https:\/\/cdiffprom.ch\/de\/wp-json\/wp\/v2\/product_tag?post=106460"}],"curies":[{"name":"wp","href":"https:\/\/api.w.org\/{rel}","templated":true}]}}