{"id":106462,"date":"2019-07-26T12:00:37","date_gmt":"2019-07-26T10:00:37","guid":{"rendered":"https:\/\/cdiffprom.ch\/produit\/plakatstaender-mit-2-rahmen\/"},"modified":"2019-07-26T12:00:37","modified_gmt":"2019-07-26T10:00:37","slug":"plakatstaender-mit-2-rahmen","status":"publish","type":"product","link":"https:\/\/cdiffprom.ch\/de\/produit\/plakatstaender-mit-2-rahmen\/","title":{"rendered":"Plakatst\u00e4nder mit 2 Rahmen"},"content":{"rendered":"<div><\/div>\n<h3><span style=\"color: #800000;\"><strong>Plakatst\u00e4nder mit 2 Rahmen<\/strong><\/span><\/h3>\n<p>Dieser Plakatst\u00e4nder mit 2 Rahmen ist ein ideales System, um Ihren Kunden oder der \u00d6ffentlichkeit verschiedene Informationen zu pr\u00e4sentieren.<\/p>\n<p>Das Gestell ist aus naturfarbenem eloxiertem Aluminium, der Sockel misst 30 x 42 cm und wiegt 6 kg.<\/p>\n<p>Dar\u00fcber hinaus k\u00f6nnen die Rahmen entweder im Hoch- oder Querformat, einseitig oder doppelseitig positioniert werden. Sie k\u00f6nnen auch auf jede H\u00f6he des Pfostens eingestellt werden. <\/p>\n<p>Ihre Poster oder Dokumente werden durch einen entspiegelten Plexiglasschutz gesch\u00fctzt.<\/p>\n<div><strong><span style=\"color: #800000;\">Ideen zur Nutzung<\/span><\/strong> :<\/div>\n<ul>\n<li>in einer Verkaufs- oder Empfangsstelle, um eine Warteschlange zu verwalten, z. B. durch Angabe der Richtung, in die man gehen muss<\/li>\n<li>im Eingangsbereich eines Restaurants, um die G\u00e4ste \u00fcber das Tagesmen\u00fc zu informieren<\/li>\n<\/ul>\n<h4><strong><span style=\"color: #800000;\">Gut zu wissen:<\/span><\/strong><\/h4>\n<p>Das Prinzip des Antireflexsystems liegt in seinem Plexiglas, das auf der Innenseite glatt und auf der Au\u00dfenseite leicht rau ist. Denken Sie daran, wenn Sie Ihre Poster austauschen, denn dies ist der einfachste Weg, um zu sehen, ob Sie richtig liegen. Stellen Sie sich einfach vor den Rahmen und wenn Sie sich sehen, m\u00fcssen Sie das Plexiglas umdrehen, um den Spiegeleffekt zu beseitigen.  <\/p>\n<p>Der gesamte St\u00e4nder wird komplett geliefert. Die Installation des St\u00e4nders ist schnell und die Montageanleitung wird mitgeliefert. <\/p>\n<p>Wenn Sie Fragen haben, z\u00f6gern Sie bitte nicht, uns zu kontaktieren. <span style=\"color: #800000;\"><a style=\"color: #800000;\" href=\"https:\/\/cdiffprom.ch\/elements\/contactez-nous\/\">kontaktieren Sie uns bitte.<\/a><\/span>Wir werden eine L\u00f6sung finden, die Ihren Bed\u00fcrfnissen entspricht.<\/p>\n<p>&nbsp;<\/p>\n<p>&nbsp;<\/p>\n<p>&nbsp;<\/p>\n","protected":false},"excerpt":{"rendered":"<p>Naturfarben eloxierte Alu-Rahmen f\u00fcr ein- oder zweiseitige Plakate. Aktualisierung durch Einschieben an der kurzen Seite <\/p>\n","protected":false},"featured_media":102298,"template":"","meta":{"slim_seo":{"title":"Plakatst\u00e4nder mit 2 Rahmen - Suisse - C.Diff-Prom","description":"Naturfarben eloxierte Alu-Rahmen f\u00fcr ein- oder zweiseitige Plakate. Aktualisierung durch Einschieben an der kurzen Seite"}},"product_brand":[],"product_cat":[6342,6601,6355,6356],"product_tag":[6602,6584,6585],"class_list":{"0":"post-106462","1":"product","2":"type-product","3":"status-publish","4":"has-post-thumbnail","6":"product_cat-anzeige","7":"product_cat-boden-nachrichtenhalter","8":"product_cat-konferenz","9":"product_cat-plakatstander-auf-fuss","10":"product_tag-boden-nachrichtenhalter","11":"product_tag-bodendisplays","12":"product_tag-bodenplakatstander","13":"pa_dimensions-2-x-a3-de","14":"pa_dimensions-2-x-a4-de","16":"first","17":"instock","18":"taxable","19":"shipping-taxable","20":"purchasable","21":"product-type-variable"},"_links":{"self":[{"href":"https:\/\/cdiffprom.ch\/de\/wp-json\/wp\/v2\/product\/106462","targetHints":{"allow":["GET"]}}],"collection":[{"href":"https:\/\/cdiffprom.ch\/de\/wp-json\/wp\/v2\/product"}],"about":[{"href":"https:\/\/cdiffprom.ch\/de\/wp-json\/wp\/v2\/types\/product"}],"wp:featuredmedia":[{"embeddable":true,"href":"https:\/\/cdiffprom.ch\/de\/wp-json\/wp\/v2\/media\/102298"}],"wp:attachment":[{"href":"https:\/\/cdiffprom.ch\/de\/wp-json\/wp\/v2\/media?parent=106462"}],"wp:term":[{"taxonomy":"product_brand","embeddable":true,"href":"https:\/\/cdiffprom.ch\/de\/wp-json\/wp\/v2\/product_brand?post=106462"},{"taxonomy":"product_cat","embeddable":true,"href":"https:\/\/cdiffprom.ch\/de\/wp-json\/wp\/v2\/product_cat?post=106462"},{"taxonomy":"product_tag","embeddable":true,"href":"https:\/\/cdiffprom.ch\/de\/wp-json\/wp\/v2\/product_tag?post=106462"}],"curies":[{"name":"wp","href":"https:\/\/api.w.org\/{rel}","templated":true}]}}