{"id":106468,"date":"2019-07-26T12:00:39","date_gmt":"2019-07-26T10:00:39","guid":{"rendered":"https:\/\/cdiffprom.ch\/produit\/schiebe-nachrichtenhalter-a4a5\/"},"modified":"2019-07-26T12:00:39","modified_gmt":"2019-07-26T10:00:39","slug":"schiebe-nachrichtenhalter-a4a5","status":"publish","type":"product","link":"https:\/\/cdiffprom.ch\/de\/produit\/schiebe-nachrichtenhalter-a4a5\/","title":{"rendered":"Schiebe-Nachrichtenhalter a4&amp;a5"},"content":{"rendered":"<h3><strong>Schiebe-Nachrichtenhalter A4&amp;A5<\/strong><\/h3>\n<p>Mit diesem A4&amp;A5 Schiebemessagehalter haben Sie eine ideale Beschilderung f\u00fcr Ihre verschiedenen R\u00e4umlichkeiten. Au\u00dferdem sind die Informationen f\u00fcr alle Ihre Besucher leicht lesbar. <\/p>\n<p>Dieser St\u00e4nder ist ausziehbar und kann in der H\u00f6he zwischen 90 und 130 cm variiert werden. Der Metallsockel ist sehr stabil. <\/p>\n<p>Das Poster oder die Grafik wird in einen geschlossenen Rahmen eingelegt und ist somit gut gesch\u00fctzt. Au\u00dferdem k\u00f6nnen Sie das Dokument ganz einfach durch eine Gesichts\u00f6ffnung austauschen. <\/p>\n<p>Dieser A4&amp;A5 Schiebe-Nachrichtenhalter hat einen einstellbaren Neigungswinkel von 0 bis 90 Grad.<\/p>\n<p>Sie k\u00f6nnen diesen A4&amp;A5 Schiebehalter entweder im Hochformat oder im Querformat drehen.<\/p>\n<p>Wir liefern Ihnen diesen Artikel mit allem Zubeh\u00f6r und bereit zur Installation.<\/p>\n<p>Das Format, das einem A4-Poster entspricht, hat ein Gewicht von 4 kg auf einer Basis von 33 x 25 cm, w\u00e4hrend das Format f\u00fcr ein A5-Poster 6 kg auf einer Basis von 33 x 42 cm betr\u00e4gt.<\/p>\n<h4><strong>Orte der Nutzung<\/strong>:<\/h4>\n<p>Dieser ausziehbare A4&amp;A5-Messagehalter mit seinem klaren Design ist ideal in<\/p>\n<ul>\n<li>Reiseb\u00fcros, um neue Urlaubsangebote zu f\u00f6rdern<\/li>\n<li>Restaurants, um dem Gast schon beim Betreten des Restaurants einige Ideen f\u00fcr das Tagesmen\u00fc zu geben.<\/li>\n<li>Werkst\u00e4tten, um brandneue Modelle zu pr\u00e4sentieren, um einen potenziellen K\u00e4ufer anzuziehen<\/li>\n<li>verschiedene Verkaufsstellen, um z.B. bei einmaligen Ereignissen eine provisorische Richtung vorzugeben.<\/li>\n<\/ul>\n<p>und nat\u00fcrlich kann es auch bei einmaligen Ereignissen oder Warteschlangen die Menschen mit tempor\u00e4ren Informationen versorgen.<\/p>\n<p>Zu Ihrer Information: Die Preise k\u00f6nnen je nach Bestellmenge gesenkt werden. Die Lieferung wird ca. 10 Tage nach Ihrer Auftragsbest\u00e4tigung organisiert. <\/p>\n<p>Z\u00f6gern Sie nicht, <a href=\"https:\/\/cdiffprom.ch\/elements\/contactez-nous\/\">uns zu kontaktieren<\/a>, wenn Sie Fragen haben. Wir werden sicher eine L\u00f6sung f\u00fcr Ihre verschiedenen Bed\u00fcrfnisse finden. <\/p>\n<p>&nbsp;<\/p>\n<p>&nbsp;<\/p>\n<p>&nbsp;<\/p>\n","protected":false},"excerpt":{"rendered":"<p>F\u00fchren Sie eine \u00e4sthetische Pr\u00e4sentation in Ihre Empfangs- und Ausstellungsumgebung ein.<\/p>\n","protected":false},"featured_media":102312,"template":"","meta":{"slim_seo":{"title":"Schiebe-Nachrichtenhalter a4&amp;a5 - Suisse - C.Diff-Prom","description":"F\u00fchren Sie eine \u00e4sthetische Pr\u00e4sentation in Ihre Empfangs- und Ausstellungsumgebung ein."}},"product_brand":[],"product_cat":[6342,6356],"product_tag":[6585],"class_list":{"0":"post-106468","1":"product","2":"type-product","3":"status-publish","4":"has-post-thumbnail","6":"product_cat-anzeige","7":"product_cat-plakatstander-auf-fuss","8":"product_tag-bodenplakatstander","9":"pa_dimensions-a3-297-x-42-cm-de","10":"pa_dimensions-a4-21-x-297-cm-de","12":"first","13":"instock","14":"taxable","15":"shipping-taxable","16":"purchasable","17":"product-type-variable"},"_links":{"self":[{"href":"https:\/\/cdiffprom.ch\/de\/wp-json\/wp\/v2\/product\/106468","targetHints":{"allow":["GET"]}}],"collection":[{"href":"https:\/\/cdiffprom.ch\/de\/wp-json\/wp\/v2\/product"}],"about":[{"href":"https:\/\/cdiffprom.ch\/de\/wp-json\/wp\/v2\/types\/product"}],"wp:featuredmedia":[{"embeddable":true,"href":"https:\/\/cdiffprom.ch\/de\/wp-json\/wp\/v2\/media\/102312"}],"wp:attachment":[{"href":"https:\/\/cdiffprom.ch\/de\/wp-json\/wp\/v2\/media?parent=106468"}],"wp:term":[{"taxonomy":"product_brand","embeddable":true,"href":"https:\/\/cdiffprom.ch\/de\/wp-json\/wp\/v2\/product_brand?post=106468"},{"taxonomy":"product_cat","embeddable":true,"href":"https:\/\/cdiffprom.ch\/de\/wp-json\/wp\/v2\/product_cat?post=106468"},{"taxonomy":"product_tag","embeddable":true,"href":"https:\/\/cdiffprom.ch\/de\/wp-json\/wp\/v2\/product_tag?post=106468"}],"curies":[{"name":"wp","href":"https:\/\/api.w.org\/{rel}","templated":true}]}}