{"id":106471,"date":"2019-07-26T12:00:40","date_gmt":"2019-07-26T10:00:40","guid":{"rendered":"https:\/\/cdiffprom.ch\/produit\/plakatstaender-mit-broschueren\/"},"modified":"2019-07-26T12:00:40","modified_gmt":"2019-07-26T10:00:40","slug":"plakatstaender-mit-broschueren","status":"publish","type":"product","link":"https:\/\/cdiffprom.ch\/de\/produit\/plakatstaender-mit-broschueren\/","title":{"rendered":"Plakatst\u00e4nder mit Brosch\u00fcren"},"content":{"rendered":"<h3><strong><span style=\"color: #800000;\">Plakatst\u00e4nder mit Brosch\u00fcren<\/span><br \/>\n<\/strong><\/h3>\n<p>Mit dem Plakatst\u00e4nder mit Brosch\u00fcren haben Sie eine ideale Beschilderung f\u00fcr Ihre verschiedenen R\u00e4umlichkeiten. Au\u00dferdem sind die Informationen f\u00fcr alle Besucher leicht lesbar und die Verteilung der Dokumente wird erleichtert. <\/p>\n<p>Dieses Display verf\u00fcgt \u00fcber eine h\u00f6henverstellbare Prospektablage, so dass Ihre potentiellen Kunden in Ihren Katalogen bl\u00e4ttern k\u00f6nnen.<\/p>\n<p>Das Poster oder die Grafik wird in einen geschlossenen Rahmen eingelegt und ist somit gut gesch\u00fctzt. Dar\u00fcber hinaus k\u00f6nnen Sie das Dokument ganz einfach durch eine Gesichts\u00f6ffnung austauschen. <\/p>\n<p>Dieser \u00e4sthetisch ansprechende St\u00e4nder ist 133 cm hoch und hat einen stabilen Metallsockel.<\/p>\n<p>Wir liefern Ihnen diesen Artikel mit allem Zubeh\u00f6r und bereit zur Installation.<\/p>\n<h4><span style=\"color: #800000;\"><strong>Orte der Nutzung<\/strong> <\/span>:<\/h4>\n<p>Dieser Plakatst\u00e4nder mit A4- oder A3-Plakathalter und einem Regal mit einer Nutzbreite von 32 x 33 cm ist ideal f\u00fcr :<\/p>\n<ul>\n<li>Reiseb\u00fcros, um neue Urlaubsangebote zu f\u00f6rdern<\/li>\n<li>Restaurants, um dem Gast schon beim Betreten des Restaurants einige Ideen f\u00fcr das Tagesmen\u00fc zu geben.<\/li>\n<li>Werkst\u00e4tten, um neue Modelle zu pr\u00e4sentieren, um einen potenziellen K\u00e4ufer anzuziehen<\/li>\n<li>verschiedene Verkaufsstellen, Empfangs- und Ausstellungsbereiche<\/li>\n<\/ul>\n<p>und nat\u00fcrlich kann es auch bei einmaligen Ereignissen oder Warteschlangen die Menschen mit tempor\u00e4ren Informationen versorgen.<\/p>\n<p>Zu Ihrer Information: Die Preise k\u00f6nnen je nach Bestellmenge gesenkt werden. Die Lieferung wird ca. 10 Tage nach Ihrer Auftragsbest\u00e4tigung organisiert. <\/p>\n<p>Z\u00f6gern Sie nicht <a href=\"https:\/\/cdiffprom.ch\/elements\/contactez-nous\/\"><strong><span style=\"color: #800000;\">kontaktieren Sie uns bitte.<\/span><\/strong><\/a> wenn Sie Fragen haben. Wir werden sicher eine L\u00f6sung f\u00fcr Ihre verschiedenen Bed\u00fcrfnisse finden. <\/p>\n<p>Das Set wird komplett mit allen Zubeh\u00f6rteilen geliefert. Viele andere Zusammenstellungen sind m\u00f6glich, ein- und doppelseitig, bitte fragen Sie uns. <\/p>\n","protected":false},"excerpt":{"rendered":"<p>Kommunizieren, pr\u00e4sentieren und zeigen Sie Ihre Kataloge und Prospekte<\/p>\n","protected":false},"featured_media":103768,"template":"","meta":{"slim_seo":{"title":"Plakatst\u00e4nder mit Brosch\u00fcren - Suisse - C.Diff-Prom","description":"Kommunizieren, pr\u00e4sentieren und zeigen Sie Ihre Kataloge und Prospekte"}},"product_brand":[],"product_cat":[6342,6356],"product_tag":[6585],"class_list":{"0":"post-106471","1":"product","2":"type-product","3":"status-publish","4":"has-post-thumbnail","6":"product_cat-anzeige","7":"product_cat-plakatstander-auf-fuss","8":"product_tag-bodenplakatstander","10":"first","11":"instock","12":"taxable","13":"shipping-taxable","14":"purchasable","15":"product-type-variable"},"_links":{"self":[{"href":"https:\/\/cdiffprom.ch\/de\/wp-json\/wp\/v2\/product\/106471","targetHints":{"allow":["GET"]}}],"collection":[{"href":"https:\/\/cdiffprom.ch\/de\/wp-json\/wp\/v2\/product"}],"about":[{"href":"https:\/\/cdiffprom.ch\/de\/wp-json\/wp\/v2\/types\/product"}],"wp:featuredmedia":[{"embeddable":true,"href":"https:\/\/cdiffprom.ch\/de\/wp-json\/wp\/v2\/media\/103768"}],"wp:attachment":[{"href":"https:\/\/cdiffprom.ch\/de\/wp-json\/wp\/v2\/media?parent=106471"}],"wp:term":[{"taxonomy":"product_brand","embeddable":true,"href":"https:\/\/cdiffprom.ch\/de\/wp-json\/wp\/v2\/product_brand?post=106471"},{"taxonomy":"product_cat","embeddable":true,"href":"https:\/\/cdiffprom.ch\/de\/wp-json\/wp\/v2\/product_cat?post=106471"},{"taxonomy":"product_tag","embeddable":true,"href":"https:\/\/cdiffprom.ch\/de\/wp-json\/wp\/v2\/product_tag?post=106471"}],"curies":[{"name":"wp","href":"https:\/\/api.w.org\/{rel}","templated":true}]}}