{"id":106474,"date":"2019-07-26T12:00:40","date_gmt":"2019-07-26T10:00:40","guid":{"rendered":"https:\/\/cdiffprom.ch\/produit\/posterstaender-aus-plexiglas-a4\/"},"modified":"2019-07-26T12:00:40","modified_gmt":"2019-07-26T10:00:40","slug":"posterstaender-aus-plexiglas-a4","status":"publish","type":"product","link":"https:\/\/cdiffprom.ch\/de\/produit\/posterstaender-aus-plexiglas-a4\/","title":{"rendered":"Posterst\u00e4nder aus Plexiglas a4"},"content":{"rendered":"<h3><span style=\"color: #800000;\"><strong>A4 Plexiglas-Posterhalter<\/strong><\/span><\/h3>\n<p>Dieser A4 Plexiglas Posterst\u00e4nder ist ein idealer und sehr praktischer Visitenkartenhalter, der alle Arten von Visitenkarten hervorhebt! Plexiglas ist ein sehr leicht zu handhabendes Material. <\/p>\n<p>Dank der Transparenz des hochwertigen Plexiglases und des sehr \u00e4sthetischen Designs mit &#8222;Z-Fu\u00df&#8220; ist er f\u00fcr eine Vielzahl von Bereichen geeignet.<\/p>\n<h4><strong><span style=\"color: #800000;\">Einige Abmessungen des Produkts<\/span> <\/strong>:<\/h4>\n<ul>\n<li>die feste H\u00f6he betr\u00e4gt 100 cm<\/li>\n<li>die Dicke des Fu\u00dfes betr\u00e4gt 8 mm<\/li>\n<li>2 x 3 mm dickes Plexiglas f\u00fcr den oberen Visitenkartenhalter<\/li>\n<li>die Basis ist 21 cm lang und 26 cm tief<\/li>\n<li>sein Gewicht betr\u00e4gt 2,470 kg<\/li>\n<li>nur im Hochformat<\/li>\n<li>geeignet f\u00fcr ein Bildformat von 30 cm H\u00f6he x 21 cm H\u00f6he<\/li>\n<\/ul>\n<p>Der A4 Plexiglas Posterst\u00e4nder ist leicht und stabil und eignet sich daher ideal f\u00fcr Ihre Grafiken.<\/p>\n<p>Au\u00dferdem kann das Bildmaterial von der Kante aus eingef\u00fcgt werden.<\/p>\n<h4><strong><span style=\"color: #800000;\">Ideen f\u00fcr die Verwendung :<\/span><\/strong><\/h4>\n<p>Dieser Plexiglas-Plakatst\u00e4nder kann z.B. ein ideales Hilfsmittel f\u00fcr Werkst\u00e4tten sein. Dieser Plakatst\u00e4nder wird vor jedem neuen oder gebrauchten Fahrzeug aufgestellt und informiert die Besucher \u00fcber die verschiedenen technischen Daten. <\/p>\n<p>In einer Verkaufsstelle, wie z.B. einem Fachgesch\u00e4ft f\u00fcr Kleidung oder Gegenst\u00e4nde, wirkt es auch vor potentiellen Kunden, die so \u00fcber Ihre Wahlm\u00f6glichkeiten oder Angebote informiert werden k\u00f6nnen.<\/p>\n<p>Z\u00f6gern Sie nicht, uns zu kontaktieren. <span style=\"color: #800000;\"><a style=\"color: #800000;\" href=\"https:\/\/cdiffprom.ch\/elements\/contactez-nous\/\">fragen Sie uns einfach.<\/a><\/span> Wenn Sie andere Bed\u00fcrfnisse haben, finden Sie bestimmt ein passendes Modell eines Visitenkartenhalters.<\/p>\n<p>&nbsp;<\/p>\n<p>&nbsp;<\/p>\n<p>&nbsp;<\/p>\n<p>&nbsp;<\/p>\n<p>&nbsp;<\/p>\n","protected":false},"excerpt":{"rendered":"<p>Zur Aufwertung all Ihrer Informationen, Poster, Dienstmitteilungen, Anweisungen, Anweisungen, Poster<\/p>\n","protected":false},"featured_media":103772,"template":"","meta":{"slim_seo":{"title":"Posterst\u00e4nder aus Plexiglas a4 - Suisse - C.Diff-Prom","description":"Zur Aufwertung all Ihrer Informationen, Poster, Dienstmitteilungen, Anweisungen, Anweisungen, Poster"}},"product_brand":[],"product_cat":[6342,6356],"product_tag":[6585],"class_list":{"0":"post-106474","1":"product","2":"type-product","3":"status-publish","4":"has-post-thumbnail","6":"product_cat-anzeige","7":"product_cat-plakatstander-auf-fuss","8":"product_tag-bodenplakatstander","10":"first","11":"instock","12":"taxable","13":"shipping-taxable","14":"purchasable","15":"product-type-simple"},"_links":{"self":[{"href":"https:\/\/cdiffprom.ch\/de\/wp-json\/wp\/v2\/product\/106474","targetHints":{"allow":["GET"]}}],"collection":[{"href":"https:\/\/cdiffprom.ch\/de\/wp-json\/wp\/v2\/product"}],"about":[{"href":"https:\/\/cdiffprom.ch\/de\/wp-json\/wp\/v2\/types\/product"}],"wp:featuredmedia":[{"embeddable":true,"href":"https:\/\/cdiffprom.ch\/de\/wp-json\/wp\/v2\/media\/103772"}],"wp:attachment":[{"href":"https:\/\/cdiffprom.ch\/de\/wp-json\/wp\/v2\/media?parent=106474"}],"wp:term":[{"taxonomy":"product_brand","embeddable":true,"href":"https:\/\/cdiffprom.ch\/de\/wp-json\/wp\/v2\/product_brand?post=106474"},{"taxonomy":"product_cat","embeddable":true,"href":"https:\/\/cdiffprom.ch\/de\/wp-json\/wp\/v2\/product_cat?post=106474"},{"taxonomy":"product_tag","embeddable":true,"href":"https:\/\/cdiffprom.ch\/de\/wp-json\/wp\/v2\/product_tag?post=106474"}],"curies":[{"name":"wp","href":"https:\/\/api.w.org\/{rel}","templated":true}]}}