{"id":106485,"date":"2019-07-26T12:03:30","date_gmt":"2019-07-26T10:03:30","guid":{"rendered":"https:\/\/cdiffprom.ch\/produit\/kostenguenstige-selbstklebende-posterstaender\/"},"modified":"2019-07-26T12:03:30","modified_gmt":"2019-07-26T10:03:30","slug":"kostenguenstige-selbstklebende-posterstaender","status":"publish","type":"product","link":"https:\/\/cdiffprom.ch\/de\/produit\/kostenguenstige-selbstklebende-posterstaender\/","title":{"rendered":"Kosteng\u00fcnstige selbstklebende Posterst\u00e4nder"},"content":{"rendered":"<ul>\n<li>Verwendung im Hoch- oder Querformat<\/li>\n<li>Kann an jeder glatten, ebenen Oberfl\u00e4che befestigt werden: Kunststoff, Holz, Metall, Glas, Beton etc.<\/li>\n<li>Kunststoff P V C transparent 0,5 mm reflexfrei mit 2 Klebestreifen auf der R\u00fcckseite<\/li>\n<li>Einf\u00fchrung des Dokuments von der schmalen Seite<\/li>\n<li>Von A6 bis A3<\/li>\n<\/ul>\n","protected":false},"excerpt":{"rendered":"<p>Hochwertige Anzeige zu einem g\u00fcnstigen Preis<\/p>\n","protected":false},"featured_media":102344,"template":"","meta":{"slim_seo":{"title":"Kosteng\u00fcnstige selbstklebende Posterst\u00e4nder - Suisse - C.Diff-Prom","description":"Hochwertige Anzeige zu einem g\u00fcnstigen Preis"}},"product_brand":[],"product_cat":[6391,6390],"product_tag":[6578],"class_list":{"0":"post-106485","1":"product","2":"type-product","3":"status-publish","4":"has-post-thumbnail","6":"product_cat-burozubehor","7":"product_cat-ranking","8":"product_tag-wandposterhalter","9":"pa_dimensions-a3-297-x-42-cm-de","10":"pa_dimensions-a4-21-x-297-cm-de","11":"pa_dimensions-a5-14-8-x-21-cm-de","12":"pa_dimensions-a6-169-x-126-mm-de","14":"first","15":"instock","16":"taxable","17":"shipping-taxable","18":"purchasable","19":"product-type-variable"},"_links":{"self":[{"href":"https:\/\/cdiffprom.ch\/de\/wp-json\/wp\/v2\/product\/106485","targetHints":{"allow":["GET"]}}],"collection":[{"href":"https:\/\/cdiffprom.ch\/de\/wp-json\/wp\/v2\/product"}],"about":[{"href":"https:\/\/cdiffprom.ch\/de\/wp-json\/wp\/v2\/types\/product"}],"wp:featuredmedia":[{"embeddable":true,"href":"https:\/\/cdiffprom.ch\/de\/wp-json\/wp\/v2\/media\/102344"}],"wp:attachment":[{"href":"https:\/\/cdiffprom.ch\/de\/wp-json\/wp\/v2\/media?parent=106485"}],"wp:term":[{"taxonomy":"product_brand","embeddable":true,"href":"https:\/\/cdiffprom.ch\/de\/wp-json\/wp\/v2\/product_brand?post=106485"},{"taxonomy":"product_cat","embeddable":true,"href":"https:\/\/cdiffprom.ch\/de\/wp-json\/wp\/v2\/product_cat?post=106485"},{"taxonomy":"product_tag","embeddable":true,"href":"https:\/\/cdiffprom.ch\/de\/wp-json\/wp\/v2\/product_tag?post=106485"}],"curies":[{"name":"wp","href":"https:\/\/api.w.org\/{rel}","templated":true}]}}