{"id":106495,"date":"2019-07-26T12:03:28","date_gmt":"2019-07-26T10:03:28","guid":{"rendered":"https:\/\/cdiffprom.ch\/produit\/haengender-blackline-posterrahmen\/"},"modified":"2019-07-26T12:03:28","modified_gmt":"2019-07-26T10:03:28","slug":"haengender-blackline-posterrahmen","status":"publish","type":"product","link":"https:\/\/cdiffprom.ch\/de\/produit\/haengender-blackline-posterrahmen\/","title":{"rendered":"H\u00e4ngender Blackline-Posterrahmen"},"content":{"rendered":"<h3><strong><span style=\"color: #800000;\">H\u00e4ngender Blackline-Posterrahmen<\/span><br \/>\n<\/strong><\/h3>\n<p>Werben Sie einfach mit diesem 70&#215;70 cm gro\u00dfen, h\u00e4ngenden Blackline-Posterrahmen!<\/p>\n<p>Dieser ein- oder doppelseitige Rahmen ist aus naturfarbenem eloxiertem Aluminium mit mattschwarzen Oberfl\u00e4chen und Umrandungen des Rahmens. Au\u00dferdem ist er mit einer Gesichts\u00f6ffnung versehen. <\/p>\n<p>So k\u00f6nnen Sie Ihre Poster, Plakate und Botschaften einfach austauschen, indem Sie die Schutzh\u00fclle anheben (Register an der Kante).<\/p>\n<p>Es eignet sich hervorragend f\u00fcr Poster, z.B. im Format 70 x 70 cm.<\/p>\n<p>Seine Gesamtabmessungen sind: H\u00f6he 73 und L\u00e4nge 73 cm.<\/p>\n<p>Dieser Clic-Clac-Rahmen hat ein transparentes Plexiglas, das auf beiden Seiten entspiegelt ist und eine Dicke von 2 mm hat.<\/p>\n<p>Die Befestigung erfolgt an der Decke mit Hilfe der mitgelieferten D\u00fcbel und Schrauben. Auf Wunsch kann die Montage auch von uns durchgef\u00fchrt werden. <\/p>\n<p>Die Kabel sind in der H\u00f6he verstellbar und haben eine maximale L\u00e4nge von 2 Metern. Die Aufstellung ist sowohl im Hoch- als auch im Querformat m\u00f6glich. <\/p>\n<p>Das einseitige Modell ist 13 mm dick und kann an der Wand befestigt werden, w\u00e4hrend das doppelseitige Modell zum Aufh\u00e4ngen 19 mm dick ist.<\/p>\n<p>Er wird Ihnen installationsfertig geliefert.<\/p>\n<p>F\u00fcr weitere Informationen <a href=\"https:\/\/cdiffprom.ch\/elements\/contactez-nous\/\">kontaktieren Sie uns<\/a> bitte!<\/p>\n<p>&nbsp;<\/p>\n","protected":false},"excerpt":{"rendered":"<p>Eine neue \u00c4sthetik mit einem starken, unsichtbaren Magnetverschluss Formate A4-A3-A2-A1-A0 &amp; 50&#215;70 &#8211; 70&#215;100 cm<\/p>\n","protected":false},"featured_media":103812,"template":"","meta":{"slim_seo":{"title":"H\u00e4ngender Blackline-Posterrahmen - Suisse - C.Diff-Prom","description":"Eine neue \u00c4sthetik mit einem starken, unsichtbaren Magnetverschluss Formate A4-A3-A2-A1-A0 &amp; 50x70 - 70x100 cm"}},"product_brand":[],"product_cat":[6342,6577],"product_tag":[6578],"class_list":{"0":"post-106495","1":"product","2":"type-product","3":"status-publish","4":"has-post-thumbnail","6":"product_cat-anzeige","7":"product_cat-wandposterhalter","8":"product_tag-wandposterhalter","9":"pa_dimensions-70-x-100-cm-de","10":"pa_dimensions-a0-84-x-118-8-cm-de","11":"pa_dimensions-a1-594-x-84-cm-de","12":"pa_dimensions-a2-42-x-594-cm-de","13":"pa_dimensions-a3-297-x-42-cm-de","14":"pa_dimensions-a4-21-x-297-cm-de","15":"pa_dimensions-b2-70-x-50-cm-de","16":"pa_typologie-doppelte-seite","17":"pa_typologie-simple-face-de","19":"first","20":"instock","21":"taxable","22":"shipping-taxable","23":"purchasable","24":"product-type-variable"},"_links":{"self":[{"href":"https:\/\/cdiffprom.ch\/de\/wp-json\/wp\/v2\/product\/106495","targetHints":{"allow":["GET"]}}],"collection":[{"href":"https:\/\/cdiffprom.ch\/de\/wp-json\/wp\/v2\/product"}],"about":[{"href":"https:\/\/cdiffprom.ch\/de\/wp-json\/wp\/v2\/types\/product"}],"wp:featuredmedia":[{"embeddable":true,"href":"https:\/\/cdiffprom.ch\/de\/wp-json\/wp\/v2\/media\/103812"}],"wp:attachment":[{"href":"https:\/\/cdiffprom.ch\/de\/wp-json\/wp\/v2\/media?parent=106495"}],"wp:term":[{"taxonomy":"product_brand","embeddable":true,"href":"https:\/\/cdiffprom.ch\/de\/wp-json\/wp\/v2\/product_brand?post=106495"},{"taxonomy":"product_cat","embeddable":true,"href":"https:\/\/cdiffprom.ch\/de\/wp-json\/wp\/v2\/product_cat?post=106495"},{"taxonomy":"product_tag","embeddable":true,"href":"https:\/\/cdiffprom.ch\/de\/wp-json\/wp\/v2\/product_tag?post=106495"}],"curies":[{"name":"wp","href":"https:\/\/api.w.org\/{rel}","templated":true}]}}