{"id":106496,"date":"2019-07-26T12:03:30","date_gmt":"2019-07-26T10:03:30","guid":{"rendered":"https:\/\/cdiffprom.ch\/produit\/gefederter-posterstaender\/"},"modified":"2019-07-26T12:03:30","modified_gmt":"2019-07-26T10:03:30","slug":"gefederter-posterstaender","status":"publish","type":"product","link":"https:\/\/cdiffprom.ch\/de\/produit\/gefederter-posterstaender\/","title":{"rendered":"Gefederter Posterst\u00e4nder"},"content":{"rendered":"<ul>\n<li>Wandmontage oder zum Aufh\u00e4ngen, um Ihre Informationen, Poster, Dienstanweisungen, Anweisungen, Anweisungen, Poster zu pr\u00e4sentieren.<\/li>\n<li>Eloxierte Aluminiumprofile, 4-seitig, \u00d8 10 mm, mit Clip-Klemmen, starke Spannfedern an den 4 Ecken.<\/li>\n<li>Einfache Anbringung der Poster im Hoch- oder Querformat (einseitig oder doppelseitig). Kann an der Wand befestigt oder aufgeh\u00e4ngt werden, da zwei Schiebef\u00fc\u00dfe auf jeder Seite des Posterst\u00e4nders angebracht werden k\u00f6nnen.<\/li>\n<\/ul>\n","protected":false},"excerpt":{"rendered":"<p>Wechseln Sie Ihre Plakate in Sekundenschnelle<\/p>\n","protected":false},"featured_media":101686,"template":"","meta":{"slim_seo":{"title":"Gefederter Posterst\u00e4nder - Suisse - C.Diff-Prom","description":"Wechseln Sie Ihre Plakate in Sekundenschnelle"}},"product_brand":[],"product_cat":[6391,6390],"product_tag":[6578],"class_list":{"0":"post-106496","1":"product","2":"type-product","3":"status-publish","4":"has-post-thumbnail","6":"product_cat-burozubehor","7":"product_cat-ranking","8":"product_tag-wandposterhalter","9":"pa_dimensions-50-x-70cm-de","10":"pa_dimensions-60-x-80-cm-de","11":"pa_dimensions-a1-594-x-84-cm-de","12":"pa_dimensions-a2-42-x-594-cm-de","13":"pa_dimensions-a3-297-x-42-cm-de","14":"pa_dimensions-a4-21-x-297-cm-de","15":"pa_dimensions-a5-14-8-x-21-cm-de","16":"pa_dimensions-b2-70-x-50-cm-de","18":"first","19":"instock","20":"taxable","21":"shipping-taxable","22":"purchasable","23":"product-type-variable"},"_links":{"self":[{"href":"https:\/\/cdiffprom.ch\/de\/wp-json\/wp\/v2\/product\/106496","targetHints":{"allow":["GET"]}}],"collection":[{"href":"https:\/\/cdiffprom.ch\/de\/wp-json\/wp\/v2\/product"}],"about":[{"href":"https:\/\/cdiffprom.ch\/de\/wp-json\/wp\/v2\/types\/product"}],"wp:featuredmedia":[{"embeddable":true,"href":"https:\/\/cdiffprom.ch\/de\/wp-json\/wp\/v2\/media\/101686"}],"wp:attachment":[{"href":"https:\/\/cdiffprom.ch\/de\/wp-json\/wp\/v2\/media?parent=106496"}],"wp:term":[{"taxonomy":"product_brand","embeddable":true,"href":"https:\/\/cdiffprom.ch\/de\/wp-json\/wp\/v2\/product_brand?post=106496"},{"taxonomy":"product_cat","embeddable":true,"href":"https:\/\/cdiffprom.ch\/de\/wp-json\/wp\/v2\/product_cat?post=106496"},{"taxonomy":"product_tag","embeddable":true,"href":"https:\/\/cdiffprom.ch\/de\/wp-json\/wp\/v2\/product_tag?post=106496"}],"curies":[{"name":"wp","href":"https:\/\/api.w.org\/{rel}","templated":true}]}}