{"id":106519,"date":"2019-07-26T12:03:31","date_gmt":"2019-07-26T10:03:31","guid":{"rendered":"https:\/\/cdiffprom.ch\/produit\/halbstarrer-posterstaender-zum-aufhaengen\/"},"modified":"2019-07-26T12:03:31","modified_gmt":"2019-07-26T10:03:31","slug":"halbstarrer-posterstaender-zum-aufhaengen","status":"publish","type":"product","link":"https:\/\/cdiffprom.ch\/de\/produit\/halbstarrer-posterstaender-zum-aufhaengen\/","title":{"rendered":"Halbstarrer Posterst\u00e4nder zum Aufh\u00e4ngen"},"content":{"rendered":"<ul>\n<li>Kann direkt an der Wand befestigt werden oder mit Haken aufgeh\u00e4ngt werden (siehe Optionen) 2 Plexiglasplatten 0,5 mm Untere R\u00fcckseite 2 Aufh\u00e4nge\u00f6sen<\/li>\n<\/ul>\n","protected":false},"excerpt":{"rendered":"<p>Wechseln Sie Ihre Plakate in Sekundenschnelle<\/p>\n","protected":false},"featured_media":102348,"template":"","meta":{"slim_seo":{"title":"Halbstarrer Posterst\u00e4nder zum Aufh\u00e4ngen - Suisse - C.Diff-Prom","description":"Wechseln Sie Ihre Plakate in Sekundenschnelle"}},"product_brand":[],"product_cat":[6391,6390],"product_tag":[6578],"class_list":{"0":"post-106519","1":"product","2":"type-product","3":"status-publish","4":"has-post-thumbnail","6":"product_cat-burozubehor","7":"product_cat-ranking","8":"product_tag-wandposterhalter","9":"pa_dimensions-60-x-40-cm-de","10":"pa_dimensions-60-x-90-cm-de","12":"first","13":"instock","14":"taxable","15":"shipping-taxable","16":"purchasable","17":"product-type-variable"},"_links":{"self":[{"href":"https:\/\/cdiffprom.ch\/de\/wp-json\/wp\/v2\/product\/106519","targetHints":{"allow":["GET"]}}],"collection":[{"href":"https:\/\/cdiffprom.ch\/de\/wp-json\/wp\/v2\/product"}],"about":[{"href":"https:\/\/cdiffprom.ch\/de\/wp-json\/wp\/v2\/types\/product"}],"wp:featuredmedia":[{"embeddable":true,"href":"https:\/\/cdiffprom.ch\/de\/wp-json\/wp\/v2\/media\/102348"}],"wp:attachment":[{"href":"https:\/\/cdiffprom.ch\/de\/wp-json\/wp\/v2\/media?parent=106519"}],"wp:term":[{"taxonomy":"product_brand","embeddable":true,"href":"https:\/\/cdiffprom.ch\/de\/wp-json\/wp\/v2\/product_brand?post=106519"},{"taxonomy":"product_cat","embeddable":true,"href":"https:\/\/cdiffprom.ch\/de\/wp-json\/wp\/v2\/product_cat?post=106519"},{"taxonomy":"product_tag","embeddable":true,"href":"https:\/\/cdiffprom.ch\/de\/wp-json\/wp\/v2\/product_tag?post=106519"}],"curies":[{"name":"wp","href":"https:\/\/api.w.org\/{rel}","templated":true}]}}