{"id":106538,"date":"2019-07-26T12:05:59","date_gmt":"2019-07-26T10:05:59","guid":{"rendered":"https:\/\/cdiffprom.ch\/produit\/universalkabelset-stahl\/"},"modified":"2019-07-26T12:05:59","modified_gmt":"2019-07-26T10:05:59","slug":"universalkabelset-stahl","status":"publish","type":"product","link":"https:\/\/cdiffprom.ch\/de\/produit\/universalkabelset-stahl\/","title":{"rendered":"Universalkabelset Stahl"},"content":{"rendered":"<ul>\n<li>Die aufwertende, \u00e4sthetische und skalierbare L\u00f6sung f\u00fcr Ihre Poster, Anzeigen, Werbung, in einem Schaufenster, in einem Informationsraum oder am Empfang.<\/li>\n<li>Zur Verwendung mit den Klemmen 091402 und 091404 sowie den Posterhaltern aus transparentem Plexiglas.<\/li>\n<li>Oberes und unteres Metallteil aus geb\u00fcrstetem Metall, satinierte Oberfl\u00e4che in Alu-Grau, integrierte Feder, um eine perfekte Spannung des Kabels nach der Installation zu gew\u00e4hrleisten.<\/li>\n<li>Edelstahlkabel, max. 4 m lang, kann auf die ben\u00f6tigte L\u00e4nge zugeschnitten werden.<\/li>\n<li>Dank der gelenkigen Befestigungsteile sind verschiedene Montagel\u00f6sungen m\u00f6glich: Boden-Decke \/ Wand-Wand \/ Boden-Wand \/ Decke-Wand 1 einzige Referenz f\u00fcr alle Ihre Anwendungen.<\/li>\n<\/ul>\n","protected":false},"excerpt":{"rendered":"<p>F\u00fcr Ihr Schaufenster oder Ihren Empfang!<\/p>\n","protected":false},"featured_media":102374,"template":"","meta":{"slim_seo":{"title":"Universalkabelset Stahl - Suisse - C.Diff-Prom","description":"F\u00fcr Ihr Schaufenster oder Ihren Empfang!"}},"product_brand":[],"product_cat":[6342,6365,6660],"product_tag":[6367],"class_list":{"0":"post-106538","1":"product","2":"type-product","3":"status-publish","4":"has-post-thumbnail","6":"product_cat-anzeige","7":"product_cat-kabelaufhangung","8":"product_cat-zubehoer-fuer-die-befestigung","9":"product_tag-kabelaufhangung","11":"first","12":"instock","13":"taxable","14":"shipping-taxable","15":"purchasable","16":"product-type-simple"},"_links":{"self":[{"href":"https:\/\/cdiffprom.ch\/de\/wp-json\/wp\/v2\/product\/106538","targetHints":{"allow":["GET"]}}],"collection":[{"href":"https:\/\/cdiffprom.ch\/de\/wp-json\/wp\/v2\/product"}],"about":[{"href":"https:\/\/cdiffprom.ch\/de\/wp-json\/wp\/v2\/types\/product"}],"wp:featuredmedia":[{"embeddable":true,"href":"https:\/\/cdiffprom.ch\/de\/wp-json\/wp\/v2\/media\/102374"}],"wp:attachment":[{"href":"https:\/\/cdiffprom.ch\/de\/wp-json\/wp\/v2\/media?parent=106538"}],"wp:term":[{"taxonomy":"product_brand","embeddable":true,"href":"https:\/\/cdiffprom.ch\/de\/wp-json\/wp\/v2\/product_brand?post=106538"},{"taxonomy":"product_cat","embeddable":true,"href":"https:\/\/cdiffprom.ch\/de\/wp-json\/wp\/v2\/product_cat?post=106538"},{"taxonomy":"product_tag","embeddable":true,"href":"https:\/\/cdiffprom.ch\/de\/wp-json\/wp\/v2\/product_tag?post=106538"}],"curies":[{"name":"wp","href":"https:\/\/api.w.org\/{rel}","templated":true}]}}