{"id":106539,"date":"2019-07-26T12:03:32","date_gmt":"2019-07-26T10:03:32","guid":{"rendered":"https:\/\/cdiffprom.ch\/produit\/gripdoc-wandpinnwandschienen\/"},"modified":"2019-07-26T12:03:32","modified_gmt":"2019-07-26T10:03:32","slug":"gripdoc-wandpinnwandschienen","status":"publish","type":"product","link":"https:\/\/cdiffprom.ch\/de\/produit\/gripdoc-wandpinnwandschienen\/","title":{"rendered":"grip&#8217;doc Wandpinnwandschienen"},"content":{"rendered":"<ul>\n<li>Zeigen Sie Dokumente aller Formate mit einer einfachen Handbewegung an, ohne sie zu besch\u00e4digen.<\/li>\n<li>Ideal f\u00fcr: B\u00fcros, Empfangsr\u00e4ume, Werkst\u00e4tten, Lagerr\u00e4ume, Hotels, Krankenh\u00e4user, Schulen, Gesch\u00e4fte, etc.<\/li>\n<li>Um Notizen, Informationen, Poster usw. anzuzeigen.<\/li>\n<li>Sehr steife, hellgraue Kunststoff-Profilschiene mit interner Blockier- und Freigabevorrichtung f\u00fcr Dokumente durch bewegliche Rollen.<\/li>\n<li>Wandbefestigung an jeder vertikalen Oberfl\u00e4che.<\/li>\n<li>Schrauben und Klebstoffe werden mitgeliefert.<\/li>\n<li>Mehrere L\u00e4ngen k\u00f6nnen &#8222;endlos&#8220; zusammengestellt werden. 5 verf\u00fcgbare Schienenl\u00e4ngen: 7 cm, 31 cm, 58 cm, 88 cm, 118 cm <\/li>\n<\/ul>\n","protected":false},"excerpt":{"rendered":"<p>Sofortiger Wechsel der Plakate!<\/p>\n","protected":false},"featured_media":101680,"template":"","meta":{"slim_seo":{"title":"grip'doc Wandpinnwandschienen - Suisse - C.Diff-Prom","description":"Sofortiger Wechsel der Plakate!"}},"product_brand":[],"product_cat":[6391,6390],"product_tag":[6578],"class_list":{"0":"post-106539","1":"product","2":"type-product","3":"status-publish","4":"has-post-thumbnail","6":"product_cat-burozubehor","7":"product_cat-ranking","8":"product_tag-wandposterhalter","9":"pa_dimensions-118-cm-de","10":"pa_dimensions-31-cm-de","11":"pa_dimensions-58-cm-de","12":"pa_dimensions-7-cm-de","13":"pa_dimensions-88-cm-de","15":"first","16":"instock","17":"taxable","18":"shipping-taxable","19":"purchasable","20":"product-type-variable"},"_links":{"self":[{"href":"https:\/\/cdiffprom.ch\/de\/wp-json\/wp\/v2\/product\/106539","targetHints":{"allow":["GET"]}}],"collection":[{"href":"https:\/\/cdiffprom.ch\/de\/wp-json\/wp\/v2\/product"}],"about":[{"href":"https:\/\/cdiffprom.ch\/de\/wp-json\/wp\/v2\/types\/product"}],"wp:featuredmedia":[{"embeddable":true,"href":"https:\/\/cdiffprom.ch\/de\/wp-json\/wp\/v2\/media\/101680"}],"wp:attachment":[{"href":"https:\/\/cdiffprom.ch\/de\/wp-json\/wp\/v2\/media?parent=106539"}],"wp:term":[{"taxonomy":"product_brand","embeddable":true,"href":"https:\/\/cdiffprom.ch\/de\/wp-json\/wp\/v2\/product_brand?post=106539"},{"taxonomy":"product_cat","embeddable":true,"href":"https:\/\/cdiffprom.ch\/de\/wp-json\/wp\/v2\/product_cat?post=106539"},{"taxonomy":"product_tag","embeddable":true,"href":"https:\/\/cdiffprom.ch\/de\/wp-json\/wp\/v2\/product_tag?post=106539"}],"curies":[{"name":"wp","href":"https:\/\/api.w.org\/{rel}","templated":true}]}}