{"id":106540,"date":"2019-07-26T12:06:00","date_gmt":"2019-07-26T10:06:00","guid":{"rendered":"https:\/\/cdiffprom.ch\/produit\/kabelbefestigungsschiene\/"},"modified":"2019-07-26T12:06:00","modified_gmt":"2019-07-26T10:06:00","slug":"kabelbefestigungsschiene","status":"publish","type":"product","link":"https:\/\/cdiffprom.ch\/de\/produit\/kabelbefestigungsschiene\/","title":{"rendered":"Kabelbefestigungsschiene"},"content":{"rendered":"<ul>\n<li>Verwendung an verschiedenen Orten: Ausstellungsraum, Empfangshalle, Agentur, Schaufenster.<\/li>\n<li>Ideal, wenn eine Boden-Decke- oder Wandinstallation nicht m\u00f6glich ist.<\/li>\n<li>F\u00fcr Boden-, Wand- oder Deckenmontage.<\/li>\n<li>Die Metallteile des Bausatzes 091401 lassen sich leicht in die Schiene schieben und arretieren.<\/li>\n<li>Eloxiertes Aluminium, Querschnitt 14 x 20 mm, L\u00e4nge 200 cm mit 5 L\u00f6chern f\u00fcr die Installation.<\/li>\n<\/ul>\n","protected":false},"excerpt":{"rendered":"<p>Verwendung an verschiedenen Orten: Ausstellungsraum, Empfangshalle, Agentur, Schaufenster. Ideal, wenn eine Boden-Decke- oder Wandinstallation nicht m\u00f6glich ist. F\u00fcr Boden-, Wand- oder Deckenmontage. Die Metallteile des Bausatzes 091401 lassen sich leicht in die Schiene schieben und arretieren. Eloxiertes Aluminium, Querschnitt 14 x 20 mm, L\u00e4nge 200 cm mit 5 L\u00f6chern f\u00fcr die Installation.<\/p>\n","protected":false},"featured_media":102380,"template":"","meta":{"slim_seo":{"title":"Kabelbefestigungsschiene - Suisse - C.Diff-Prom","description":"Verwendung an verschiedenen Orten: Ausstellungsraum, Empfangshalle, Agentur, Schaufenster. Ideal, wenn eine Boden-Decke- oder Wandinstallation nicht m\u00f6glich ist"}},"product_brand":[],"product_cat":[6342,6365],"product_tag":[6367],"class_list":{"0":"post-106540","1":"product","2":"type-product","3":"status-publish","4":"has-post-thumbnail","6":"product_cat-anzeige","7":"product_cat-kabelaufhangung","8":"product_tag-kabelaufhangung","10":"first","11":"instock","12":"taxable","13":"shipping-taxable","14":"purchasable","15":"product-type-simple"},"_links":{"self":[{"href":"https:\/\/cdiffprom.ch\/de\/wp-json\/wp\/v2\/product\/106540","targetHints":{"allow":["GET"]}}],"collection":[{"href":"https:\/\/cdiffprom.ch\/de\/wp-json\/wp\/v2\/product"}],"about":[{"href":"https:\/\/cdiffprom.ch\/de\/wp-json\/wp\/v2\/types\/product"}],"wp:featuredmedia":[{"embeddable":true,"href":"https:\/\/cdiffprom.ch\/de\/wp-json\/wp\/v2\/media\/102380"}],"wp:attachment":[{"href":"https:\/\/cdiffprom.ch\/de\/wp-json\/wp\/v2\/media?parent=106540"}],"wp:term":[{"taxonomy":"product_brand","embeddable":true,"href":"https:\/\/cdiffprom.ch\/de\/wp-json\/wp\/v2\/product_brand?post=106540"},{"taxonomy":"product_cat","embeddable":true,"href":"https:\/\/cdiffprom.ch\/de\/wp-json\/wp\/v2\/product_cat?post=106540"},{"taxonomy":"product_tag","embeddable":true,"href":"https:\/\/cdiffprom.ch\/de\/wp-json\/wp\/v2\/product_tag?post=106540"}],"curies":[{"name":"wp","href":"https:\/\/api.w.org\/{rel}","templated":true}]}}