{"id":106547,"date":"2019-07-26T12:05:55","date_gmt":"2019-07-26T10:05:55","guid":{"rendered":"https:\/\/cdiffprom.ch\/produit\/beleuchteter-clic-clac-rahmen-70x70cm\/"},"modified":"2019-07-26T12:05:55","modified_gmt":"2019-07-26T10:05:55","slug":"beleuchteter-clic-clac-rahmen-70x70cm","status":"publish","type":"product","link":"https:\/\/cdiffprom.ch\/de\/produit\/beleuchteter-clic-clac-rahmen-70x70cm\/","title":{"rendered":"Beleuchteter Clic-Clac-Rahmen 70x70cm"},"content":{"rendered":"<h3><span style=\"color: #800000;\"><strong>Beleuchteter Clic-Clac-Rahmen 70x70cm<\/strong><\/span><\/h3>\n<p>Werben Sie einfach mit diesem beleuchteten 70x70cm Klapprahmen!<\/p>\n<p>Dieser doppelseitige Rahmen aus nat\u00fcrlichem eloxiertem Alu hat eine Gesichts\u00f6ffnung.<\/p>\n<p>Er ist mit einer LED-Hintergrundbeleuchtung ausgestattet, die eine gleichm\u00e4\u00dfige Helligkeit \u00fcber die gesamte Fl\u00e4che gew\u00e4hrleistet (2200 Lux).<\/p>\n<p>Die Leuchtdauer betr\u00e4gt garantiert 60.000 Stunden und der Stromverbrauch ist gering.<\/p>\n<p>Die Stromversorgung erfolgt \u00fcber 220 V mit einem 12 V-Adapter, der zusammen mit einem 2,50 m langen Netzkabel geliefert wird.<\/p>\n<p>Es eignet sich hervorragend f\u00fcr Poster, z.B. im Format 70 x 70 cm.<\/p>\n<p>Seine Gesamtabmessungen sind: H\u00f6he 73 und L\u00e4nge 73 cm.<\/p>\n<p>Das Gewicht betr\u00e4gt 6 kg, w\u00e4hrend die Gesamtdicke 30 mm betr\u00e4gt.<\/p>\n<p>Dieser Klapprahmen verf\u00fcgt \u00fcber ein transparentes Plexiglas, das auf beiden Seiten entspiegelt ist.<\/p>\n<p>Die Befestigung erfolgt an der Decke mit Hilfe der mitgelieferten D\u00fcbel und Schrauben. Auf Wunsch kann die Montage auch von uns durchgef\u00fchrt werden. <\/p>\n<p>Die Kabel sind in der H\u00f6he verstellbar und haben eine maximale L\u00e4nge von 2 Metern.<\/p>\n<p>Er wird installationsfertig geliefert.<\/p>\n<p>F\u00fcr weitere Informationen stehen wir Ihnen gerne zur Verf\u00fcgung. <span style=\"color: #800000;\"><a style=\"color: #800000;\" href=\"https:\/\/cdiffprom.ch\/elements\/contactez-nous\/\">kontaktieren Sie uns bitte.<\/a><\/span> !<\/p>\n<p>&nbsp;<\/p>\n<p>&nbsp;<\/p>\n","protected":false},"excerpt":{"rendered":"<p>Heben Sie Ihre Bilder in Ihrem Schaufenster hervor!<\/p>\n","protected":false},"featured_media":102356,"template":"","meta":{"slim_seo":{"title":"Beleuchteter Clic-Clac-Rahmen 70x70cm - Suisse - C.Diff-Prom","description":"Heben Sie Ihre Bilder in Ihrem Schaufenster hervor!"}},"product_brand":[],"product_cat":[6342,6365,6373],"product_tag":[6367],"class_list":{"0":"post-106547","1":"product","2":"type-product","3":"status-publish","4":"has-post-thumbnail","6":"product_cat-anzeige","7":"product_cat-kabelaufhangung","8":"product_cat-leuchtanzeige","9":"product_tag-kabelaufhangung","11":"first","12":"instock","13":"taxable","14":"shipping-taxable","15":"purchasable","16":"product-type-simple"},"_links":{"self":[{"href":"https:\/\/cdiffprom.ch\/de\/wp-json\/wp\/v2\/product\/106547","targetHints":{"allow":["GET"]}}],"collection":[{"href":"https:\/\/cdiffprom.ch\/de\/wp-json\/wp\/v2\/product"}],"about":[{"href":"https:\/\/cdiffprom.ch\/de\/wp-json\/wp\/v2\/types\/product"}],"wp:featuredmedia":[{"embeddable":true,"href":"https:\/\/cdiffprom.ch\/de\/wp-json\/wp\/v2\/media\/102356"}],"wp:attachment":[{"href":"https:\/\/cdiffprom.ch\/de\/wp-json\/wp\/v2\/media?parent=106547"}],"wp:term":[{"taxonomy":"product_brand","embeddable":true,"href":"https:\/\/cdiffprom.ch\/de\/wp-json\/wp\/v2\/product_brand?post=106547"},{"taxonomy":"product_cat","embeddable":true,"href":"https:\/\/cdiffprom.ch\/de\/wp-json\/wp\/v2\/product_cat?post=106547"},{"taxonomy":"product_tag","embeddable":true,"href":"https:\/\/cdiffprom.ch\/de\/wp-json\/wp\/v2\/product_tag?post=106547"}],"curies":[{"name":"wp","href":"https:\/\/api.w.org\/{rel}","templated":true}]}}