{"id":106549,"date":"2019-07-26T12:05:56","date_gmt":"2019-07-26T10:05:56","guid":{"rendered":"https:\/\/cdiffprom.ch\/produit\/doppelseitige-clic-clac-rahmen\/"},"modified":"2019-07-26T12:05:56","modified_gmt":"2019-07-26T10:05:56","slug":"doppelseitige-clic-clac-rahmen","status":"publish","type":"product","link":"https:\/\/cdiffprom.ch\/de\/produit\/doppelseitige-clic-clac-rahmen\/","title":{"rendered":"Doppelseitige Clic-Clac-Rahmen"},"content":{"rendered":"<h3><span style=\"color: #800000;\"><strong>Doppelseitige Clic-Clac-Rahmen<\/strong><\/span><\/h3>\n<p>Diese doppelseitigen Klickrahmen werden f\u00fcr h\u00e4ngende Plakate an Kabeln verwendet. Die H\u00f6he der Kabel ist einstellbar, so dass eine maximale L\u00e4nge von 2 Metern bei Deckenbefestigung erreicht werden kann. Au\u00dferdem sind D\u00fcbel und Schrauben im Lieferumfang enthalten. Es handelt sich also um ein effizientes System, um Ihre verschiedenen Schaufenster oder Empfangsbereiche auszustatten.   <\/p>\n<p>Diese Rahmen verf\u00fcgen \u00fcber eine Gesichts\u00f6ffnung, die es Ihnen erm\u00f6glicht, Ihre Poster, Fotos oder Notizen leicht auszutauschen. Die Profile sind klappbar und aus naturfarbenem, eloxiertem Aluminium. Der transparente Plexiglasschutz ist entspiegelt.  <\/p>\n<p>Was die Ausrichtung dieses Rahmens betrifft, so k\u00f6nnen Sie ihn im Hoch- oder Querformat ausrichten.<\/p>\n<p>Dieses System wird komplett mit 2 Kabeln und den dazugeh\u00f6rigen Befestigungen geliefert. Damit ist das Set installationsbereit. <\/p>\n<p>Die Gesamtdicke betr\u00e4gt 25 mm.<\/p>\n<h4><strong><span style=\"color: #800000;\">Gut zu wissen:<\/span><\/strong><\/h4>\n<p>Das Prinzip des Antireflexionssystems liegt in seinem Plexiglas, das innen glatt und au\u00dfen leicht rau ist. Denken Sie daran, wenn Sie Ihre Poster austauschen, es ist der einfachste Weg, um zu sehen, ob Sie richtig liegen. Stellen Sie sich vor den Rahmen, wenn Sie sich sehen, m\u00fcssen Sie Ihr Plexiglas umdrehen, um den Spiegeleffekt zu beseitigen.  <\/p>\n<p>Z\u00f6gern Sie nicht <span style=\"color: #800000;\"><a style=\"color: #800000;\" href=\"https:\/\/cdiffprom.ch\/elements\/contactez-nous\/\">kontaktieren Sie uns bitte.<\/a><\/span> Wenn Sie Fragen haben, werden wir sicherlich eine L\u00f6sung finden, die Ihren Bed\u00fcrfnissen entspricht.<\/p>\n<p>&nbsp;<\/p>\n<p>&nbsp;<\/p>\n<p>&nbsp;<\/p>\n","protected":false},"excerpt":{"rendered":"<p>Ein effektiver Aushang f\u00fcr Ihre Schaufenster und Empfangsbereiche! Formate A4-A3-A2-A1-A0 &amp; 60&#215;80-70&#215;100-80&#215;120 nach Ma\u00df! <\/p>\n","protected":false},"featured_media":101674,"template":"","meta":{"slim_seo":{"title":"Doppelseitige Clic-Clac-Rahmen - Suisse - C.Diff-Prom","description":"Ein effektiver Aushang f\u00fcr Ihre Schaufenster und Empfangsbereiche! Formate A4-A3-A2-A1-A0 &amp; 60x80-70x100-80x120 nach Ma\u00df!"}},"product_brand":[],"product_cat":[6342,6365,6339],"product_tag":[6367],"class_list":{"0":"post-106549","1":"product","2":"type-product","3":"status-publish","4":"has-post-thumbnail","6":"product_cat-anzeige","7":"product_cat-kabelaufhangung","8":"product_cat-plakatrahmen","9":"product_tag-kabelaufhangung","10":"pa_dimensions-60-x-80-cm-de","11":"pa_dimensions-70-x-100-cm-de","12":"pa_dimensions-80-x-120-cm-de","13":"pa_dimensions-a0-84-x-118-8-cm-de","14":"pa_dimensions-a1-594-x-84-cm-de","15":"pa_dimensions-a2-42-x-594-cm-de","16":"pa_dimensions-a3-297-x-42-cm-de","17":"pa_dimensions-a4-21-x-297-cm-de","19":"first","20":"instock","21":"taxable","22":"shipping-taxable","23":"purchasable","24":"product-type-variable"},"_links":{"self":[{"href":"https:\/\/cdiffprom.ch\/de\/wp-json\/wp\/v2\/product\/106549","targetHints":{"allow":["GET"]}}],"collection":[{"href":"https:\/\/cdiffprom.ch\/de\/wp-json\/wp\/v2\/product"}],"about":[{"href":"https:\/\/cdiffprom.ch\/de\/wp-json\/wp\/v2\/types\/product"}],"wp:featuredmedia":[{"embeddable":true,"href":"https:\/\/cdiffprom.ch\/de\/wp-json\/wp\/v2\/media\/101674"}],"wp:attachment":[{"href":"https:\/\/cdiffprom.ch\/de\/wp-json\/wp\/v2\/media?parent=106549"}],"wp:term":[{"taxonomy":"product_brand","embeddable":true,"href":"https:\/\/cdiffprom.ch\/de\/wp-json\/wp\/v2\/product_brand?post=106549"},{"taxonomy":"product_cat","embeddable":true,"href":"https:\/\/cdiffprom.ch\/de\/wp-json\/wp\/v2\/product_cat?post=106549"},{"taxonomy":"product_tag","embeddable":true,"href":"https:\/\/cdiffprom.ch\/de\/wp-json\/wp\/v2\/product_tag?post=106549"}],"curies":[{"name":"wp","href":"https:\/\/api.w.org\/{rel}","templated":true}]}}