{"id":106571,"date":"2019-07-26T12:05:58","date_gmt":"2019-07-26T10:05:58","guid":{"rendered":"https:\/\/cdiffprom.ch\/produit\/freistehender-rahmen-fuer-plakate\/"},"modified":"2019-07-26T12:05:58","modified_gmt":"2019-07-26T10:05:58","slug":"freistehender-rahmen-fuer-plakate","status":"publish","type":"product","link":"https:\/\/cdiffprom.ch\/de\/produit\/freistehender-rahmen-fuer-plakate\/","title":{"rendered":"Freistehender Rahmen f\u00fcr Plakate"},"content":{"rendered":"<h3><span style=\"color: #800000;\"><strong>Freistehender Rahmen f\u00fcr Plakate<\/strong><\/span><\/h3>\n<p>Stellen Sie Ihr Plakatsystem mit diesem freistehenden Plakatrahmen zusammen, indem Sie Ihre <strong><span style=\"color: #800000;\"><a style=\"color: #800000;\" href=\"https:\/\/cdiffprom.ch\/produit\/porte-affiches-pour-cables-suspendus\/\">unseren Plakatst\u00e4ndern<\/a><\/span><\/strong> Plexiglas zum Aufh\u00e4ngen.<\/p>\n<p>Wir empfehlen Ihnen f\u00fcr eine gute Stabilit\u00e4t Ihrer Plakatst\u00e4nder die Verwendung von <span style=\"color: #800000;\"><strong><a style=\"color: #800000;\" href=\"https:\/\/cdiffprom.ch\/produit\/pince-simple-pour-cables\/\">4 Klemmen pro Rahmen<\/a><\/strong><\/span>.<\/p>\n<p>Um Ihre Rahmen auf 3 Kabeln zu installieren, verwenden Sie bitte <span style=\"color: #800000;\"><strong><a style=\"color: #800000;\" href=\"https:\/\/cdiffprom.ch\/produit\/pince-double-pour-cables\/\">die Doppelklemmen<\/a><\/strong><\/span> f\u00fcr jede Seite Ihrer Plakatwand.<\/p>\n<ul>\n<li>Ideal f\u00fcr Plakatwerbung oder Kommunikation<\/li>\n<li>F\u00fcr die Ausstattung mit einem Kabelsystem f\u00fcr Plakatklemmen<\/li>\n<li>Struktur aus naturfarbenem eloxiertem Aluminium (45 x 20 mm), sehr stabil und robust 2 Sockel 30 x 42 cm, beschwert<\/li>\n<li>Gesamtgr\u00f6\u00dfe: H 182 x B 106 cm<\/li>\n<li>N\u00fctzliche Anzeigefl\u00e4che: H 166 x B 100 cm<\/li>\n<\/ul>\n<p>Diese Art von St\u00e4nder ist ideal, wenn Sie Ihr Plakat nicht am Boden oder an der Decke befestigen k\u00f6nnen.<\/p>\n<h4><span style=\"color: #800000;\"><strong>2 Versionen sind m\u00f6glich:<\/strong><\/span><\/h4>\n<ul>\n<li>Auf Rollen, sehr praktisch, um Ihr Display nach Belieben zu verschieben.<\/li>\n<li>Auf festen Sockeln, wenn Ihr System immer am selben Ort bleibt<\/li>\n<\/ul>\n<h4><span style=\"color: #800000;\"><strong>Lieferbedingungen :<br \/>\n<\/strong><\/span><\/h4>\n<p>Zu Ihrer Information: Nach Eingang Ihres Auftrags sind unsere Produkte innerhalb von etwa zehn Tagen lieferbar.<\/p>\n<p>Z\u00f6gern Sie nicht <u><a href=\"https:\/\/cdiffprom.ch\/elements\/contactez-nous\/\"><span style=\"color: #800000;\">uns zu kontaktieren.<\/span><\/a><\/u> Wenn Sie einen dringenderen Bedarf haben, k\u00f6nnen wir Ihnen immer eine schnellere L\u00f6sung anbieten.<\/p>\n<p>Wir sind auch gerne bereit, Ihnen Informationen \u00fcber Mengenrabatte zu geben.<\/p>\n<p>Einige Artikel k\u00f6nnen eine l\u00e4ngere Lieferzeit in Anspruch nehmen, da sie nicht auf Lager unseres Lieferanten sind. In diesem Fall werden Sie nach Eingang Ihrer Bestellung benachrichtigt. <\/p>\n<p>Wir liefern versandkostenfrei ab einem Bestellwert von CHF. 500.-. Unterhalb dieses Betrags wird eine Pauschale von CHF. 15,90 zu entrichten. <\/p>\n<p>Bei allen Online-Bestellungen f\u00fchren wir immer einen Telefonanruf durch, um sicherzustellen, dass Sie das richtige Produkt f\u00fcr Ihre Bed\u00fcrfnisse ausgew\u00e4hlt haben. So k\u00f6nnen Sie sicher sein, dass Sie die richtige Wahl treffen. <\/p>\n<p>Bitte beachten Sie, dass die Promo-Codes nicht kumulierbar sind und der Rabatt auf Ihrer Bestellung sichtbar ist.<\/p>\n<p>&nbsp;<\/p>\n<p>&nbsp;<\/p>\n","protected":false},"excerpt":{"rendered":"<p>Freistehender Rahmen f\u00fcr Plakate Stellen Sie Ihr Plakatsystem mit diesem freistehenden Plakatrahmen zusammen, indem Sie Ihre unseren Plakatst\u00e4ndern Plexiglas zum Aufh\u00e4ngen. Wir empfehlen Ihnen f\u00fcr eine gute Stabilit\u00e4t Ihrer Plakatst\u00e4nder die Verwendung von 4 Klemmen pro Rahmen. Um Ihre Rahmen auf 3 Kabeln zu installieren, verwenden Sie bitte die Doppelklemmen f\u00fcr jede Seite Ihrer Plakatwand&#8230;.<\/p>\n","protected":false},"featured_media":102368,"template":"","meta":{"slim_seo":{"title":"Freistehender Rahmen f\u00fcr Plakate - Suisse - C.Diff-Prom","description":"Freistehender Rahmen f\u00fcr Plakate Stellen Sie Ihr Plakatsystem mit diesem freistehenden Plakatrahmen zusammen, indem Sie Ihre unseren Plakatst\u00e4ndern Plexiglas zu"}},"product_brand":[],"product_cat":[6342,6365,6366],"product_tag":[6367],"class_list":{"0":"post-106571","1":"product","2":"type-product","3":"status-publish","4":"has-post-thumbnail","6":"product_cat-anzeige","7":"product_cat-kabelaufhangung","8":"product_cat-pos-supports","9":"product_tag-kabelaufhangung","11":"first","12":"instock","13":"taxable","14":"shipping-taxable","15":"purchasable","16":"product-type-variable"},"_links":{"self":[{"href":"https:\/\/cdiffprom.ch\/de\/wp-json\/wp\/v2\/product\/106571","targetHints":{"allow":["GET"]}}],"collection":[{"href":"https:\/\/cdiffprom.ch\/de\/wp-json\/wp\/v2\/product"}],"about":[{"href":"https:\/\/cdiffprom.ch\/de\/wp-json\/wp\/v2\/types\/product"}],"wp:featuredmedia":[{"embeddable":true,"href":"https:\/\/cdiffprom.ch\/de\/wp-json\/wp\/v2\/media\/102368"}],"wp:attachment":[{"href":"https:\/\/cdiffprom.ch\/de\/wp-json\/wp\/v2\/media?parent=106571"}],"wp:term":[{"taxonomy":"product_brand","embeddable":true,"href":"https:\/\/cdiffprom.ch\/de\/wp-json\/wp\/v2\/product_brand?post=106571"},{"taxonomy":"product_cat","embeddable":true,"href":"https:\/\/cdiffprom.ch\/de\/wp-json\/wp\/v2\/product_cat?post=106571"},{"taxonomy":"product_tag","embeddable":true,"href":"https:\/\/cdiffprom.ch\/de\/wp-json\/wp\/v2\/product_tag?post=106571"}],"curies":[{"name":"wp","href":"https:\/\/api.w.org\/{rel}","templated":true}]}}