{"id":106572,"date":"2019-07-26T12:06:02","date_gmt":"2019-07-26T10:06:02","guid":{"rendered":"https:\/\/cdiffprom.ch\/produit\/gewicht-fuer-kabel\/"},"modified":"2019-07-26T12:06:02","modified_gmt":"2019-07-26T10:06:02","slug":"gewicht-fuer-kabel","status":"publish","type":"product","link":"https:\/\/cdiffprom.ch\/de\/produit\/gewicht-fuer-kabel\/","title":{"rendered":"Gewicht f\u00fcr Kabel"},"content":{"rendered":"<ul>\n<li>H\u00e4ngt an Kit 091401 als Ersatz f\u00fcr ein Endst\u00fcck.<\/li>\n<li>Geb\u00fcrstetes Metall.<\/li>\n<li>Hellgraues Satin-Finish<\/li>\n<li>Passt auf jedes Kabel mit einem Durchmesser von bis zu 2 mm.<\/li>\n<\/ul>\n","protected":false},"excerpt":{"rendered":"<p>H\u00e4ngt an Kit 091401 als Ersatz f\u00fcr ein Endst\u00fcck. Geb\u00fcrstetes Metall. Hellgraues Satin-Finish Passt auf jedes Kabel mit einem Durchmesser von bis zu 2 mm.<\/p>\n","protected":false},"featured_media":102388,"template":"","meta":{"slim_seo":{"title":"Gewicht f\u00fcr Kabel - Suisse - C.Diff-Prom","description":"H\u00e4ngt an Kit 091401 als Ersatz f\u00fcr ein Endst\u00fcck. Geb\u00fcrstetes Metall. Hellgraues Satin-Finish Passt auf jedes Kabel mit einem Durchmesser von bis zu 2 mm."}},"product_brand":[],"product_cat":[6342,6365],"product_tag":[6367],"class_list":{"0":"post-106572","1":"product","2":"type-product","3":"status-publish","4":"has-post-thumbnail","6":"product_cat-anzeige","7":"product_cat-kabelaufhangung","8":"product_tag-kabelaufhangung","10":"first","11":"instock","12":"taxable","13":"shipping-taxable","14":"purchasable","15":"product-type-simple"},"_links":{"self":[{"href":"https:\/\/cdiffprom.ch\/de\/wp-json\/wp\/v2\/product\/106572","targetHints":{"allow":["GET"]}}],"collection":[{"href":"https:\/\/cdiffprom.ch\/de\/wp-json\/wp\/v2\/product"}],"about":[{"href":"https:\/\/cdiffprom.ch\/de\/wp-json\/wp\/v2\/types\/product"}],"wp:featuredmedia":[{"embeddable":true,"href":"https:\/\/cdiffprom.ch\/de\/wp-json\/wp\/v2\/media\/102388"}],"wp:attachment":[{"href":"https:\/\/cdiffprom.ch\/de\/wp-json\/wp\/v2\/media?parent=106572"}],"wp:term":[{"taxonomy":"product_brand","embeddable":true,"href":"https:\/\/cdiffprom.ch\/de\/wp-json\/wp\/v2\/product_brand?post=106572"},{"taxonomy":"product_cat","embeddable":true,"href":"https:\/\/cdiffprom.ch\/de\/wp-json\/wp\/v2\/product_cat?post=106572"},{"taxonomy":"product_tag","embeddable":true,"href":"https:\/\/cdiffprom.ch\/de\/wp-json\/wp\/v2\/product_tag?post=106572"}],"curies":[{"name":"wp","href":"https:\/\/api.w.org\/{rel}","templated":true}]}}