{"id":106576,"date":"2019-07-26T12:07:07","date_gmt":"2019-07-26T10:07:07","guid":{"rendered":"https:\/\/cdiffprom.ch\/produit\/pinnwand-mit-korkboden\/"},"modified":"2019-07-26T12:07:07","modified_gmt":"2019-07-26T10:07:07","slug":"pinnwand-mit-korkboden","status":"publish","type":"product","link":"https:\/\/cdiffprom.ch\/de\/produit\/pinnwand-mit-korkboden\/","title":{"rendered":"Pinnwand mit Korkboden"},"content":{"rendered":"<h3><span style=\"color: #800000;\"><strong>Pinnwand mit Korkboden<\/strong><\/span><\/h3>\n<p>Sie k\u00f6nnen diese Pinnwand mit Korkboden f\u00fcr Ihre Sitzungen und Versammlungen sowie in verschiedenen B\u00fcros, Empfangs- und Warter\u00e4umen verwenden.<\/p>\n<p>Die Tafel kann je nach Bedarf in die Breite oder in die H\u00f6he gedreht werden.<\/p>\n<ul>\n<li>4 Gr\u00f6\u00dfen zur Auswahl, Heftzwecken werden angeboten<\/li>\n<li>Nutzung an der Rezeption oder bei Arbeitssitzungen zum Aush\u00e4ngen von Dokumenten<\/li>\n<li>Sehr gute Verarbeitung<\/li>\n<li>Korkboden 1. Qualit\u00e4t, Dicke 9 mm<\/li>\n<li>Auf sehr steifen Untergrund geleimt<\/li>\n<li>Unsichtbare Befestigungsklammern auf der R\u00fcckseite<\/li>\n<li>Eloxierter Alu-Rahmen mit einer Gesamtst\u00e4rke von 25 mm<\/li>\n<\/ul>\n<h4><strong><span style=\"color: #800000;\">Lieferbedingungen :<br \/>\n<\/span><\/strong><\/h4>\n<p>Zu Ihrer Information: Nach Eingang Ihres Auftrags sind unsere Produkte innerhalb von etwa zehn Tagen lieferbar.<\/p>\n<p>Z\u00f6gern Sie nicht <u><a href=\"https:\/\/cdiffprom.ch\/elements\/contactez-nous\/\"><strong><span style=\"color: #800000;\">uns zu kontaktieren.<\/span><\/strong><\/a><\/u> Wenn Sie einen dringenderen Bedarf haben, k\u00f6nnen wir Ihnen immer eine schnellere L\u00f6sung anbieten.<\/p>\n<p>Wir sind auch gerne bereit, Ihnen Informationen \u00fcber Mengenrabatte zu geben.<\/p>\n<p>Einige Artikel k\u00f6nnen eine l\u00e4ngere Lieferzeit in Anspruch nehmen, da sie nicht auf Lager unseres Lieferanten sind. In diesem Fall werden Sie nach Eingang Ihrer Bestellung benachrichtigt. <\/p>\n<p>Wir liefern versandkostenfrei ab einem Bestellwert von CHF. 500.-. Unterhalb dieses Betrags wird eine Pauschale von CHF. 15,90 zu entrichten. <\/p>\n<p>Bei allen Online-Bestellungen f\u00fchren wir immer einen Telefonanruf durch, um sicherzustellen, dass Sie das richtige Produkt f\u00fcr Ihre Bed\u00fcrfnisse ausgew\u00e4hlt haben. So k\u00f6nnen Sie sicher sein, dass Sie die richtige Wahl treffen. <\/p>\n<p>Bitte beachten Sie, dass die Promo-Codes nicht kumulierbar sind und der Rabatt auf Ihrer Bestellung sichtbar ist.<\/p>\n<p>&nbsp;<\/p>\n","protected":false},"excerpt":{"rendered":"<p>Attraktive und kosteng\u00fcnstige Plakatl\u00f6sung mit Hilfe von Rei\u00dfzwecken! Korktafel, die in H\u00f6he und Breite verstellbar ist. 4 Gr\u00f6\u00dfen zur Auswahl.  <\/p>\n","protected":false},"featured_media":102392,"template":"","meta":{"slim_seo":{"title":"Pinnwand mit Korkboden - Suisse - C.Diff-Prom","description":"Attraktive und kosteng\u00fcnstige Plakatl\u00f6sung mit Hilfe von Rei\u00dfzwecken! Korktafel, die in H\u00f6he und Breite verstellbar ist. 4 Gr\u00f6\u00dfen zur Auswahl."}},"product_brand":[],"product_cat":[6390,6671],"product_tag":[6673,6672],"class_list":{"0":"post-106576","1":"product","2":"type-product","3":"status-publish","4":"has-post-thumbnail","6":"product_cat-ranking","7":"product_cat-tafeln-plakate","8":"product_tag-tafeln-plakate","9":"product_tag-vitrinen-und-bilder","10":"pa_dimensions-12-x-a4-de","11":"pa_dimensions-4-x-a4-de","12":"pa_dimensions-6-x-a4-de","13":"pa_dimensions-9-x-a4-de","15":"first","16":"instock","17":"taxable","18":"shipping-taxable","19":"purchasable","20":"product-type-variable"},"_links":{"self":[{"href":"https:\/\/cdiffprom.ch\/de\/wp-json\/wp\/v2\/product\/106576","targetHints":{"allow":["GET"]}}],"collection":[{"href":"https:\/\/cdiffprom.ch\/de\/wp-json\/wp\/v2\/product"}],"about":[{"href":"https:\/\/cdiffprom.ch\/de\/wp-json\/wp\/v2\/types\/product"}],"wp:featuredmedia":[{"embeddable":true,"href":"https:\/\/cdiffprom.ch\/de\/wp-json\/wp\/v2\/media\/102392"}],"wp:attachment":[{"href":"https:\/\/cdiffprom.ch\/de\/wp-json\/wp\/v2\/media?parent=106576"}],"wp:term":[{"taxonomy":"product_brand","embeddable":true,"href":"https:\/\/cdiffprom.ch\/de\/wp-json\/wp\/v2\/product_brand?post=106576"},{"taxonomy":"product_cat","embeddable":true,"href":"https:\/\/cdiffprom.ch\/de\/wp-json\/wp\/v2\/product_cat?post=106576"},{"taxonomy":"product_tag","embeddable":true,"href":"https:\/\/cdiffprom.ch\/de\/wp-json\/wp\/v2\/product_tag?post=106576"}],"curies":[{"name":"wp","href":"https:\/\/api.w.org\/{rel}","templated":true}]}}