{"id":106582,"date":"2019-07-26T12:11:23","date_gmt":"2019-07-26T10:11:23","guid":{"rendered":"https:\/\/cdiffprom.ch\/produit\/aufhaengehaken-fuer-rahmen\/"},"modified":"2019-07-26T12:11:23","modified_gmt":"2019-07-26T10:11:23","slug":"aufhaengehaken-fuer-rahmen","status":"publish","type":"product","link":"https:\/\/cdiffprom.ch\/de\/produit\/aufhaengehaken-fuer-rahmen\/","title":{"rendered":"Aufh\u00e4ngehaken f\u00fcr Rahmen"},"content":{"rendered":"<ul>\n<li>Nutzung f\u00fcr die Anzeige von Dokumenten oder die Aufh\u00e4ngung eines Produkts.<\/li>\n<li>Erm\u00f6glicht es, den Rahmen an der Wand zu befestigen H 27 x B 25 x<\/li>\n<li>Dicke 5 mm <\/li>\n<li>Klappenrahmen<\/li>\n<li>Wandklicker<\/li>\n<li>Klicken Sie hier!<\/li>\n<\/ul>\n","protected":false},"excerpt":{"rendered":"<p>F\u00fcr alle unsere Clic-Clac\u00ae und Cadro-Clic\u00ae Plakatrahmen<\/p>\n","protected":false},"featured_media":102432,"template":"","meta":{"slim_seo":{"title":"Aufh\u00e4ngehaken f\u00fcr Rahmen - Suisse - C.Diff-Prom","description":"F\u00fcr alle unsere Clic-Clac\u00ae und Cadro-Clic\u00ae Plakatrahmen"}},"product_brand":[],"product_cat":[6342,6660],"product_tag":[6576],"class_list":{"0":"post-106582","1":"product","2":"type-product","3":"status-publish","4":"has-post-thumbnail","6":"product_cat-anzeige","7":"product_cat-zubehoer-fuer-die-befestigung","8":"product_tag-zubehor-fur-die-befestigung","10":"first","11":"instock","12":"taxable","13":"shipping-taxable","14":"purchasable","15":"product-type-simple"},"_links":{"self":[{"href":"https:\/\/cdiffprom.ch\/de\/wp-json\/wp\/v2\/product\/106582","targetHints":{"allow":["GET"]}}],"collection":[{"href":"https:\/\/cdiffprom.ch\/de\/wp-json\/wp\/v2\/product"}],"about":[{"href":"https:\/\/cdiffprom.ch\/de\/wp-json\/wp\/v2\/types\/product"}],"wp:featuredmedia":[{"embeddable":true,"href":"https:\/\/cdiffprom.ch\/de\/wp-json\/wp\/v2\/media\/102432"}],"wp:attachment":[{"href":"https:\/\/cdiffprom.ch\/de\/wp-json\/wp\/v2\/media?parent=106582"}],"wp:term":[{"taxonomy":"product_brand","embeddable":true,"href":"https:\/\/cdiffprom.ch\/de\/wp-json\/wp\/v2\/product_brand?post=106582"},{"taxonomy":"product_cat","embeddable":true,"href":"https:\/\/cdiffprom.ch\/de\/wp-json\/wp\/v2\/product_cat?post=106582"},{"taxonomy":"product_tag","embeddable":true,"href":"https:\/\/cdiffprom.ch\/de\/wp-json\/wp\/v2\/product_tag?post=106582"}],"curies":[{"name":"wp","href":"https:\/\/api.w.org\/{rel}","templated":true}]}}