{"id":106603,"date":"2019-07-26T12:07:09","date_gmt":"2019-07-26T10:07:09","guid":{"rendered":"https:\/\/cdiffprom.ch\/produit\/schaukasten-fuer-filmplakate-mit-schloessern\/"},"modified":"2019-07-26T12:07:09","modified_gmt":"2019-07-26T10:07:09","slug":"schaukasten-fuer-filmplakate-mit-schloessern","status":"publish","type":"product","link":"https:\/\/cdiffprom.ch\/de\/produit\/schaukasten-fuer-filmplakate-mit-schloessern\/","title":{"rendered":"Schaukasten f\u00fcr Filmplakate mit Schl\u00f6ssern"},"content":{"rendered":"<h3><span style=\"color: #800000;\"><strong>Schaukasten f\u00fcr Filmplakate mit Schl\u00f6ssern<\/strong><\/span><\/h3>\n<p>Diese Kinopostervitrine mit Schl\u00f6ssern erm\u00f6glicht Ihnen eine einfache Kommunikation in allen Ihren Kinos\u00e4len.<\/p>\n<p>Sie k\u00f6nnen sowohl im Innen- als auch im Au\u00dfenbereich eingesetzt werden. So kann sie allen Wetterbedingungen standhalten. <\/p>\n<p>Die Wasserdichtigkeit ist daher perfekt und es gibt auch ein Anti-Kondensationssystem.<\/p>\n<p>Der Rahmen ist aus naturfarbenem, eloxiertem Alu mit wei\u00df lackiertem Metallboden. Die Verglasung besteht aus unzerbrechlichem Polycarbonat. <\/p>\n<p>Die Installation der T\u00fcr\u00f6ffnung kann rechts oder links erfolgen, je nach Ihrer Wahl und dem Ort der Installation. Sie verf\u00fcgt au\u00dferdem \u00fcber eine Sicherheitsschere, um die T\u00fcr offen zu halten. Die Scharniere der T\u00fcr sind unsichtbar, was eine hohe Sicherheit bietet.  <\/p>\n<p>Schlie\u00dflich ist diese Postervitrine mit 3 Schl\u00f6ssern ausgestattet. Au\u00dferdem werden Magnete mitgeliefert, um das Poster zu halten. <\/p>\n<p>Die Abmessungen sind: H\u00f6he 185 x L\u00e4nge 129 mit einer Tiefe von 3,8 cm.<\/p>\n<p>Dieser Schaukasten ist sehr empfehlenswert f\u00fcr Kinos, Theaters\u00e4le, Theater oder \u00fcberall dort, wo Sie mit gro\u00dfformatigen Plakaten aus der Ferne lesbar sein m\u00fcssen. Er eignet sich auch hervorragend f\u00fcr Einkaufszentren. <\/p>\n<p>Wenn Sie weitere Informationen w\u00fcnschen, z\u00f6gern Sie nicht, uns zu kontaktieren. <span style=\"color: #800000;\"><a style=\"color: #800000;\" href=\"https:\/\/cdiffprom.ch\/elements\/contactez-nous\/\">kontaktieren Sie uns bitte.<\/a><\/span> !<\/p>\n<p>&nbsp;<\/p>\n<p>&nbsp;<\/p>\n<p>&nbsp;<\/p>\n","protected":false},"excerpt":{"rendered":"<p>F\u00fcr maximales Format H 176 cm x B 120 cm<\/p>\n","protected":false},"featured_media":101670,"template":"","meta":{"slim_seo":{"title":"Schaukasten f\u00fcr Filmplakate mit Schl\u00f6ssern - Suisse - C.Diff-Prom","description":"F\u00fcr maximales Format H 176 cm x B 120 cm"}},"product_brand":[],"product_cat":[6342,6571],"product_tag":[6672],"class_list":{"0":"post-106603","1":"product","2":"type-product","3":"status-publish","4":"has-post-thumbnail","6":"product_cat-anzeige","7":"product_cat-schaukasten-fur-plakate","8":"product_tag-vitrinen-und-bilder","10":"first","11":"instock","12":"taxable","13":"shipping-taxable","14":"purchasable","15":"product-type-simple"},"_links":{"self":[{"href":"https:\/\/cdiffprom.ch\/de\/wp-json\/wp\/v2\/product\/106603","targetHints":{"allow":["GET"]}}],"collection":[{"href":"https:\/\/cdiffprom.ch\/de\/wp-json\/wp\/v2\/product"}],"about":[{"href":"https:\/\/cdiffprom.ch\/de\/wp-json\/wp\/v2\/types\/product"}],"wp:featuredmedia":[{"embeddable":true,"href":"https:\/\/cdiffprom.ch\/de\/wp-json\/wp\/v2\/media\/101670"}],"wp:attachment":[{"href":"https:\/\/cdiffprom.ch\/de\/wp-json\/wp\/v2\/media?parent=106603"}],"wp:term":[{"taxonomy":"product_brand","embeddable":true,"href":"https:\/\/cdiffprom.ch\/de\/wp-json\/wp\/v2\/product_brand?post=106603"},{"taxonomy":"product_cat","embeddable":true,"href":"https:\/\/cdiffprom.ch\/de\/wp-json\/wp\/v2\/product_cat?post=106603"},{"taxonomy":"product_tag","embeddable":true,"href":"https:\/\/cdiffprom.ch\/de\/wp-json\/wp\/v2\/product_tag?post=106603"}],"curies":[{"name":"wp","href":"https:\/\/api.w.org\/{rel}","templated":true}]}}