{"id":106604,"date":"2019-07-26T12:07:09","date_gmt":"2019-07-26T10:07:09","guid":{"rendered":"https:\/\/cdiffprom.ch\/produit\/schaukaesten-fuer-aussen-und-innenwerbung\/"},"modified":"2019-07-26T12:07:09","modified_gmt":"2019-07-26T10:07:09","slug":"schaukaesten-fuer-aussen-und-innenwerbung","status":"publish","type":"product","link":"https:\/\/cdiffprom.ch\/de\/produit\/schaukaesten-fuer-aussen-und-innenwerbung\/","title":{"rendered":"Schauk\u00e4sten f\u00fcr Au\u00dfen- und Innenwerbung"},"content":{"rendered":"<h3><span style=\"color: #800000;\"><strong>Schauk\u00e4sten f\u00fcr Au\u00dfen- und Innenwerbung<\/strong><\/span><\/h3>\n<p>Diese Schauk\u00e4sten f\u00fcr den Innen- und Au\u00dfenbereich sind ein ideales System, um alle Ihre verschiedenen Informationen f\u00fcr die \u00d6ffentlichkeit und Ihre Kunden zu pr\u00e4sentieren.<\/p>\n<p>Da sie wasserdicht sind, k\u00f6nnen sie auch im Freien aufgestellt werden.<\/p>\n<p>Die Verglasung besteht aus unzerbrechlichem Polycarbonat und die T\u00fcrscharniere sind unsichtbar, wodurch eine hohe Sicherheit gew\u00e4hrleistet wird.<\/p>\n<p>Die Gesamtdicke betr\u00e4gt 38 mm, so dass die Vitrinen extra flach sind.<\/p>\n<p>Der Metallboden erm\u00f6glicht es Ihnen, Ihre Poster zu magnetisieren, w\u00e4hrend der Korkboden Ihnen die M\u00f6glichkeit bietet, Rei\u00dfzwecken zu verwenden.<\/p>\n<p>Es gibt mehrere M\u00f6glichkeiten, das Schaufenster zu \u00f6ffnen, entweder rechts, links oder horizontal.<\/p>\n<p>Wenn die T\u00fcr ge\u00f6ffnet wird, haben diese Vitrinen einen Sicherheitsscherenmechanismus, der sicherstellt, dass die T\u00fcr offen bleibt.<\/p>\n<p>1 Schloss ist f\u00fcr 1, 2 und 4 Bl\u00e4tter im Format A4 erh\u00e4ltlich.<\/p>\n<p>Es sind 2 Schl\u00f6sser f\u00fcr 6, 9 und 12 Blatt im A4-Format erh\u00e4ltlich.<\/p>\n<p>6 Formate von 1 Blatt A4 bis 12 Blatt A4 m\u00f6glich.<\/p>\n<p>Selbstverst\u00e4ndlich k\u00f6nnen diese Vitrinen auch problemlos im Innenbereich aufgestellt werden.<\/p>\n<h4><strong><span style=\"color: #800000;\">Beispiele f\u00fcr Pr\u00e4sentationen :<\/span><\/strong><\/h4>\n<ul>\n<li>Vertikale Positionierung: 9 Blatt A4<\/li>\n<li>Horizontale Ausrichtung: 8 Blatt A4<\/li>\n<\/ul>\n<p>Haben Sie andere Bed\u00fcrfnisse?<span style=\"color: #800000;\"><a style=\"color: #800000;\" href=\"https:\/\/cdiffprom.ch\/elements\/contactez-nous\/\"> Kontaktieren Sie uns<\/a><\/span>Wir finden bestimmt eine L\u00f6sung, die Ihren Bed\u00fcrfnissen entspricht.<\/p>\n","protected":false},"excerpt":{"rendered":"<p>F\u00fcr alle Poster, Dienstanweisungen, Anweisungen, Poster von 1 Blatt bis 12 A4-Bl\u00e4tter<\/p>\n<p>Vergessen Sie nicht, dass wir sie auch f\u00fcr Sie aufstellen k\u00f6nnen, <span style=\"color: #993300;\"><strong><a style=\"color: #993300;\" href=\"https:\/\/cdiffprom.ch\/elements\/contactez-nous\/\">Kontaktieren Sie uns<\/a><\/strong><\/span> um mehr zu erfahren<\/p>\n","protected":false},"featured_media":103880,"template":"","meta":{"slim_seo":{"title":"Schauk\u00e4sten f\u00fcr Au\u00dfen- und Innenwerbung - Suisse - C.Diff-Prom","description":"F\u00fcr alle Poster, Dienstanweisungen, Anweisungen, Poster von 1 Blatt bis 12 A4-Bl\u00e4tter Vergessen Sie nicht, dass wir sie auch f\u00fcr Sie aufstellen k\u00f6nnen, Kontakti"}},"product_brand":[],"product_cat":[6342,6571],"product_tag":[6673,6672],"class_list":{"0":"post-106604","1":"product","2":"type-product","3":"status-publish","4":"has-post-thumbnail","6":"product_cat-anzeige","7":"product_cat-schaukasten-fur-plakate","8":"product_tag-tafeln-plakate","9":"product_tag-vitrinen-und-bilder","10":"pa_couleurs-luettich","11":"pa_couleurs-metall","12":"pa_specifications-1-blatt","13":"pa_specifications-12-blatt","14":"pa_specifications-2-blaetter","15":"pa_specifications-4-blaetter","16":"pa_specifications-6-blaetter","17":"pa_specifications-9-blaetter","19":"first","20":"instock","21":"taxable","22":"shipping-taxable","23":"purchasable","24":"product-type-variable"},"_links":{"self":[{"href":"https:\/\/cdiffprom.ch\/de\/wp-json\/wp\/v2\/product\/106604","targetHints":{"allow":["GET"]}}],"collection":[{"href":"https:\/\/cdiffprom.ch\/de\/wp-json\/wp\/v2\/product"}],"about":[{"href":"https:\/\/cdiffprom.ch\/de\/wp-json\/wp\/v2\/types\/product"}],"wp:featuredmedia":[{"embeddable":true,"href":"https:\/\/cdiffprom.ch\/de\/wp-json\/wp\/v2\/media\/103880"}],"wp:attachment":[{"href":"https:\/\/cdiffprom.ch\/de\/wp-json\/wp\/v2\/media?parent=106604"}],"wp:term":[{"taxonomy":"product_brand","embeddable":true,"href":"https:\/\/cdiffprom.ch\/de\/wp-json\/wp\/v2\/product_brand?post=106604"},{"taxonomy":"product_cat","embeddable":true,"href":"https:\/\/cdiffprom.ch\/de\/wp-json\/wp\/v2\/product_cat?post=106604"},{"taxonomy":"product_tag","embeddable":true,"href":"https:\/\/cdiffprom.ch\/de\/wp-json\/wp\/v2\/product_tag?post=106604"}],"curies":[{"name":"wp","href":"https:\/\/api.w.org\/{rel}","templated":true}]}}