{"id":106619,"date":"2019-07-26T12:11:25","date_gmt":"2019-07-26T10:11:25","guid":{"rendered":"https:\/\/cdiffprom.ch\/produit\/stahlkabelaufhaengung\/"},"modified":"2019-07-26T12:11:25","modified_gmt":"2019-07-26T10:11:25","slug":"stahlkabelaufhaengung","status":"publish","type":"product","link":"https:\/\/cdiffprom.ch\/de\/produit\/stahlkabelaufhaengung\/","title":{"rendered":"Stahlkabelaufh\u00e4ngung"},"content":{"rendered":"<ul>\n<li>Akzeptiert alle St\u00e4rken zwischen 1 mm und 8 mm.<\/li>\n<li>Zusammensetzung: 1 x<\/li>\n<li>Deckenst\u00fcck 1 Stahlkabel \u00d8 1,5 mm Edelstahl, L\u00e4nge 2,50 m 1 St\u00fcck Befestigung an der Halterung.<\/li>\n<li>Schneiden Sie das Stahlseil auf die gew\u00fcnschte L\u00e4nge zu.<\/li>\n<li>Aluminium, naturfarben eloxiert, satiniert.<\/li>\n<li>Schrauben f\u00fcr Schl\u00fcssel<\/li>\n<li>Mitgelieferte Inbusschrauben.<\/li>\n<li>F\u00fcr ein Schild m\u00fcssen 2 Kits verwendet werden.<\/li>\n<li>Zul\u00e4ssige H\u00f6chstlast: 20 kg.<\/li>\n<\/ul>\n","protected":false},"excerpt":{"rendered":"<p>Ideal zum Aufh\u00e4ngen von Schildern, Tafeln, Schildern, etc.<\/p>\n","protected":false},"featured_media":102442,"template":"","meta":{"slim_seo":{"title":"Stahlkabelaufh\u00e4ngung - Suisse - C.Diff-Prom","description":"Ideal zum Aufh\u00e4ngen von Schildern, Tafeln, Schildern, etc."}},"product_brand":[],"product_cat":[6342,6660],"product_tag":[6576],"class_list":{"0":"post-106619","1":"product","2":"type-product","3":"status-publish","4":"has-post-thumbnail","6":"product_cat-anzeige","7":"product_cat-zubehoer-fuer-die-befestigung","8":"product_tag-zubehor-fur-die-befestigung","10":"first","11":"instock","12":"taxable","13":"shipping-taxable","14":"purchasable","15":"product-type-simple"},"_links":{"self":[{"href":"https:\/\/cdiffprom.ch\/de\/wp-json\/wp\/v2\/product\/106619","targetHints":{"allow":["GET"]}}],"collection":[{"href":"https:\/\/cdiffprom.ch\/de\/wp-json\/wp\/v2\/product"}],"about":[{"href":"https:\/\/cdiffprom.ch\/de\/wp-json\/wp\/v2\/types\/product"}],"wp:featuredmedia":[{"embeddable":true,"href":"https:\/\/cdiffprom.ch\/de\/wp-json\/wp\/v2\/media\/102442"}],"wp:attachment":[{"href":"https:\/\/cdiffprom.ch\/de\/wp-json\/wp\/v2\/media?parent=106619"}],"wp:term":[{"taxonomy":"product_brand","embeddable":true,"href":"https:\/\/cdiffprom.ch\/de\/wp-json\/wp\/v2\/product_brand?post=106619"},{"taxonomy":"product_cat","embeddable":true,"href":"https:\/\/cdiffprom.ch\/de\/wp-json\/wp\/v2\/product_cat?post=106619"},{"taxonomy":"product_tag","embeddable":true,"href":"https:\/\/cdiffprom.ch\/de\/wp-json\/wp\/v2\/product_tag?post=106619"}],"curies":[{"name":"wp","href":"https:\/\/api.w.org\/{rel}","templated":true}]}}