{"id":106620,"date":"2019-07-26T12:11:28","date_gmt":"2019-07-26T10:11:28","guid":{"rendered":"https:\/\/cdiffprom.ch\/produit\/50-aufhaengehaken-aus-s\/"},"modified":"2019-07-26T12:11:28","modified_gmt":"2019-07-26T10:11:28","slug":"50-aufhaengehaken-aus-s","status":"publish","type":"product","link":"https:\/\/cdiffprom.ch\/de\/produit\/50-aufhaengehaken-aus-s\/","title":{"rendered":"50 Aufh\u00e4ngehaken aus S"},"content":{"rendered":"<h3><strong><span style=\"color: #800000;\">50 S-f\u00f6rmige Aufh\u00e4ngehaken<\/span><\/strong><\/h3>\n<p>Zum Aufh\u00e4ngen aller Arten von Plakatrahmen auf allen Arten von Gittern<\/p>\n<ul>\n<li>Nutzung f\u00fcr die Anzeige von Dokumenten oder das Aufh\u00e4ngen von Produkten<\/li>\n<li>Aufh\u00e4ngehaken f\u00fcr alle Arten von Gittern 26 x 15 x2 mm<\/li>\n<li>S-f\u00f6rmiger verzinkter Metalldraht<\/li>\n<li>Einheit: 1 Beutel mit 50 S-f\u00f6rmigen Aufh\u00e4ngerhaken<\/li>\n<\/ul>\n<h4><strong><span style=\"color: #800000;\">Produktgarantie<\/span><\/strong><\/h4>\n<p>Alle auf dieser Website angebotenen Artikel haben eine Garantie von 2 Jahren ab Rechnungsdatum.<\/p>\n<p>F\u00fcr alle unsere Zahlungsarten wird Ihnen sp\u00e4testens bei der Lieferung Ihrer Bestellung eine Rechnung ausgestellt. Sie k\u00f6nnen jedoch auf Wunsch eine Rechnung per E-Mail erhalten, sobald Ihr Auftrag eingegangen ist. <\/p>\n<p>Alle unsere Produkte werden von unseren Lieferanten und uns selbst individuell gepr\u00fcft, bevor sie an Sie ausgeliefert werden.<\/p>\n<p>Im Falle eines Mangels, der nicht vor der Lieferung festgestellt wurde, wird der Artikel bis zu 20 Tage nach der Lieferung auf einfachen Anruf hin umgetauscht. Nach Ablauf dieser Frist muss ein Gutachten erstellt werden, um einen eventuellen Ersatz zu erhalten. <\/p>\n<h4><span style=\"color: #800000;\"><strong>Lieferbedingungen<\/strong><\/span><\/h4>\n<p>Alle unsere Produkte sind innerhalb von 10 Tagen nach Eingang Ihrer Bestellung lieferbar. Bitte z\u00f6gern Sie nicht, uns zu kontaktieren.<span style=\"color: #800000;\"> <a style=\"color: #800000;\" href=\"https:\/\/cdiffprom.ch\/elements\/contactez-nous\/\">uns zu kontaktieren.<\/a><\/span> Wenn Sie einen dringenderen Bedarf haben, k\u00f6nnen wir Ihnen immer eine schnellere L\u00f6sung anbieten. <\/p>\n<p>Einige Artikel k\u00f6nnen eine l\u00e4ngere Lieferzeit in Anspruch nehmen, da sie nicht auf Lager unseres Lieferanten sind. In diesem Fall werden Sie nach Eingang Ihrer Bestellung benachrichtigt. <\/p>\n<p>Wir liefern versandkostenfrei ab einem Bestellwert von CHF. 500.-. Unterhalb dieses Betrags wird eine Pauschale von CHF. 15,90 zu entrichten. <\/p>\n<p>Bei allen Online-Bestellungen f\u00fchren wir immer einen Telefonanruf durch, um sicherzustellen, dass Sie das richtige Produkt f\u00fcr Ihre Bed\u00fcrfnisse ausgew\u00e4hlt haben. So k\u00f6nnen Sie sicher sein, dass Sie die richtige Wahl treffen. <\/p>\n<p>Bitte beachten Sie, dass die Promo-Codes nicht kumulierbar sind und der Rabatt auf Ihrer Bestellung sichtbar ist.<\/p>\n","protected":false},"excerpt":{"rendered":"<p>F\u00fcr die Aufh\u00e4ngung Ihrer Plakatrahmen in allen unseren Gittern<\/p>\n","protected":false},"featured_media":102460,"template":"","meta":{"slim_seo":{"title":"50 Aufh\u00e4ngehaken aus S - Suisse - C.Diff-Prom","description":"F\u00fcr die Aufh\u00e4ngung Ihrer Plakatrahmen in allen unseren Gittern"}},"product_brand":[],"product_cat":[6342,6660],"product_tag":[6576],"class_list":{"0":"post-106620","1":"product","2":"type-product","3":"status-publish","4":"has-post-thumbnail","6":"product_cat-anzeige","7":"product_cat-zubehoer-fuer-die-befestigung","8":"product_tag-zubehor-fur-die-befestigung","10":"first","11":"instock","12":"taxable","13":"shipping-taxable","14":"purchasable","15":"product-type-simple"},"_links":{"self":[{"href":"https:\/\/cdiffprom.ch\/de\/wp-json\/wp\/v2\/product\/106620","targetHints":{"allow":["GET"]}}],"collection":[{"href":"https:\/\/cdiffprom.ch\/de\/wp-json\/wp\/v2\/product"}],"about":[{"href":"https:\/\/cdiffprom.ch\/de\/wp-json\/wp\/v2\/types\/product"}],"wp:featuredmedia":[{"embeddable":true,"href":"https:\/\/cdiffprom.ch\/de\/wp-json\/wp\/v2\/media\/102460"}],"wp:attachment":[{"href":"https:\/\/cdiffprom.ch\/de\/wp-json\/wp\/v2\/media?parent=106620"}],"wp:term":[{"taxonomy":"product_brand","embeddable":true,"href":"https:\/\/cdiffprom.ch\/de\/wp-json\/wp\/v2\/product_brand?post=106620"},{"taxonomy":"product_cat","embeddable":true,"href":"https:\/\/cdiffprom.ch\/de\/wp-json\/wp\/v2\/product_cat?post=106620"},{"taxonomy":"product_tag","embeddable":true,"href":"https:\/\/cdiffprom.ch\/de\/wp-json\/wp\/v2\/product_tag?post=106620"}],"curies":[{"name":"wp","href":"https:\/\/api.w.org\/{rel}","templated":true}]}}