{"id":106621,"date":"2019-07-26T12:11:28","date_gmt":"2019-07-26T10:11:28","guid":{"rendered":"https:\/\/cdiffprom.ch\/produit\/satz-von-4-doppelseitigen-saugnaepfen\/"},"modified":"2019-07-26T12:11:28","modified_gmt":"2019-07-26T10:11:28","slug":"satz-von-4-doppelseitigen-saugnaepfen","status":"publish","type":"product","link":"https:\/\/cdiffprom.ch\/de\/produit\/satz-von-4-doppelseitigen-saugnaepfen\/","title":{"rendered":"Satz von 4 doppelseitigen Saugn\u00e4pfen"},"content":{"rendered":"<ul>\n<li>Verwendung an Glasw\u00e4nden oder anderen glatten Oberfl\u00e4chen, wo nicht gebohrt werden kann.<\/li>\n<li>Weiches, transparentes Gummi<\/li>\n<li>Einheit: 1 Beutel mit 4 Saugn\u00e4pfen<\/li>\n<\/ul>\n","protected":false},"excerpt":{"rendered":"<p>Verwendung an Glasw\u00e4nden oder anderen glatten Oberfl\u00e4chen, wo nicht gebohrt werden kann. Weiches, transparentes Gummi Einheit: 1 Beutel mit 4 Saugn\u00e4pfen<\/p>\n","protected":false},"featured_media":102458,"template":"","meta":{"slim_seo":{"title":"Satz von 4 doppelseitigen Saugn\u00e4pfen - Suisse - C.Diff-Prom","description":"Verwendung an Glasw\u00e4nden oder anderen glatten Oberfl\u00e4chen, wo nicht gebohrt werden kann. Weiches, transparentes Gummi Einheit: 1 Beutel mit 4 Saugn\u00e4pfen"}},"product_brand":[],"product_cat":[6342,6660],"product_tag":[6576],"class_list":{"0":"post-106621","1":"product","2":"type-product","3":"status-publish","4":"has-post-thumbnail","6":"product_cat-anzeige","7":"product_cat-zubehoer-fuer-die-befestigung","8":"product_tag-zubehor-fur-die-befestigung","10":"first","11":"instock","12":"taxable","13":"shipping-taxable","14":"purchasable","15":"product-type-simple"},"_links":{"self":[{"href":"https:\/\/cdiffprom.ch\/de\/wp-json\/wp\/v2\/product\/106621","targetHints":{"allow":["GET"]}}],"collection":[{"href":"https:\/\/cdiffprom.ch\/de\/wp-json\/wp\/v2\/product"}],"about":[{"href":"https:\/\/cdiffprom.ch\/de\/wp-json\/wp\/v2\/types\/product"}],"wp:featuredmedia":[{"embeddable":true,"href":"https:\/\/cdiffprom.ch\/de\/wp-json\/wp\/v2\/media\/102458"}],"wp:attachment":[{"href":"https:\/\/cdiffprom.ch\/de\/wp-json\/wp\/v2\/media?parent=106621"}],"wp:term":[{"taxonomy":"product_brand","embeddable":true,"href":"https:\/\/cdiffprom.ch\/de\/wp-json\/wp\/v2\/product_brand?post=106621"},{"taxonomy":"product_cat","embeddable":true,"href":"https:\/\/cdiffprom.ch\/de\/wp-json\/wp\/v2\/product_cat?post=106621"},{"taxonomy":"product_tag","embeddable":true,"href":"https:\/\/cdiffprom.ch\/de\/wp-json\/wp\/v2\/product_tag?post=106621"}],"curies":[{"name":"wp","href":"https:\/\/api.w.org\/{rel}","templated":true}]}}