{"id":106623,"date":"2019-07-26T12:11:29","date_gmt":"2019-07-26T10:11:29","guid":{"rendered":"https:\/\/cdiffprom.ch\/produit\/plastikwanzen-5-farben\/"},"modified":"2019-07-26T12:11:29","modified_gmt":"2019-07-26T10:11:29","slug":"plastikwanzen-5-farben","status":"publish","type":"product","link":"https:\/\/cdiffprom.ch\/de\/produit\/plastikwanzen-5-farben\/","title":{"rendered":"Plastikwanzen 5 Farben"},"content":{"rendered":"<ul>\n<li>Verwendung auf jeder Filz- oder Korkoberfl\u00e4che 5 Farben sortiert: rot, gr\u00fcn, gelb, blau, wei\u00df<\/li>\n<\/ul>\n","protected":false},"excerpt":{"rendered":"<p>Verwendung auf jeder Filz- oder Korkoberfl\u00e4che 5 Farben sortiert: rot, gr\u00fcn, gelb, blau, wei\u00df<\/p>\n","protected":false},"featured_media":102466,"template":"","meta":{"slim_seo":{"title":"Plastikwanzen 5 Farben - Suisse - C.Diff-Prom","description":"Verwendung auf jeder Filz- oder Korkoberfl\u00e4che 5 Farben sortiert: rot, gr\u00fcn, gelb, blau, wei\u00df"}},"product_brand":[],"product_cat":[6342,6660],"product_tag":[6576],"class_list":{"0":"post-106623","1":"product","2":"type-product","3":"status-publish","4":"has-post-thumbnail","6":"product_cat-anzeige","7":"product_cat-zubehoer-fuer-die-befestigung","8":"product_tag-zubehor-fur-die-befestigung","10":"first","11":"instock","12":"taxable","13":"shipping-taxable","14":"purchasable","15":"product-type-simple"},"_links":{"self":[{"href":"https:\/\/cdiffprom.ch\/de\/wp-json\/wp\/v2\/product\/106623","targetHints":{"allow":["GET"]}}],"collection":[{"href":"https:\/\/cdiffprom.ch\/de\/wp-json\/wp\/v2\/product"}],"about":[{"href":"https:\/\/cdiffprom.ch\/de\/wp-json\/wp\/v2\/types\/product"}],"wp:featuredmedia":[{"embeddable":true,"href":"https:\/\/cdiffprom.ch\/de\/wp-json\/wp\/v2\/media\/102466"}],"wp:attachment":[{"href":"https:\/\/cdiffprom.ch\/de\/wp-json\/wp\/v2\/media?parent=106623"}],"wp:term":[{"taxonomy":"product_brand","embeddable":true,"href":"https:\/\/cdiffprom.ch\/de\/wp-json\/wp\/v2\/product_brand?post=106623"},{"taxonomy":"product_cat","embeddable":true,"href":"https:\/\/cdiffprom.ch\/de\/wp-json\/wp\/v2\/product_cat?post=106623"},{"taxonomy":"product_tag","embeddable":true,"href":"https:\/\/cdiffprom.ch\/de\/wp-json\/wp\/v2\/product_tag?post=106623"}],"curies":[{"name":"wp","href":"https:\/\/api.w.org\/{rel}","templated":true}]}}