{"id":106624,"date":"2019-07-26T12:11:26","date_gmt":"2019-07-26T10:11:26","guid":{"rendered":"https:\/\/cdiffprom.ch\/produit\/decken-wandaufhaenger-set\/"},"modified":"2019-07-26T12:11:26","modified_gmt":"2019-07-26T10:11:26","slug":"decken-wandaufhaenger-set","status":"publish","type":"product","link":"https:\/\/cdiffprom.ch\/de\/produit\/decken-wandaufhaenger-set\/","title":{"rendered":"Decken-\/Wandaufh\u00e4nger-Set"},"content":{"rendered":"<ul>\n<li>Zusammensetzung: &#8211; 2 Stahlteile, gelenkig, zur Wand- oder Deckenbefestigung &#8211; 2 Nylonseile 2mm transparent, L\u00e4nge 150 cm (bei Bedarf nachschneiden) &#8211; 2 verschiebbare, verstellbare und selbstblockierende Haken &#8211; 2 Schrauben 2 D\u00fcbel<\/li>\n<li>Maximal zul\u00e4ssiges Gewicht pro Paar: 30 kg<\/li>\n<\/ul>\n","protected":false},"excerpt":{"rendered":"<p>Um einen Bilderrahmen, ein Gem\u00e4lde oder ein Poster in der richtigen H\u00f6he aufzuh\u00e4ngen<\/p>\n","protected":false},"featured_media":102446,"template":"","meta":{"slim_seo":{"title":"Decken-\/Wandaufh\u00e4nger-Set - Suisse - C.Diff-Prom","description":"Um einen Bilderrahmen, ein Gem\u00e4lde oder ein Poster in der richtigen H\u00f6he aufzuh\u00e4ngen"}},"product_brand":[],"product_cat":[6342,6660],"product_tag":[6576],"class_list":{"0":"post-106624","1":"product","2":"type-product","3":"status-publish","4":"has-post-thumbnail","6":"product_cat-anzeige","7":"product_cat-zubehoer-fuer-die-befestigung","8":"product_tag-zubehor-fur-die-befestigung","10":"first","11":"instock","12":"taxable","13":"shipping-taxable","14":"purchasable","15":"product-type-simple"},"_links":{"self":[{"href":"https:\/\/cdiffprom.ch\/de\/wp-json\/wp\/v2\/product\/106624","targetHints":{"allow":["GET"]}}],"collection":[{"href":"https:\/\/cdiffprom.ch\/de\/wp-json\/wp\/v2\/product"}],"about":[{"href":"https:\/\/cdiffprom.ch\/de\/wp-json\/wp\/v2\/types\/product"}],"wp:featuredmedia":[{"embeddable":true,"href":"https:\/\/cdiffprom.ch\/de\/wp-json\/wp\/v2\/media\/102446"}],"wp:attachment":[{"href":"https:\/\/cdiffprom.ch\/de\/wp-json\/wp\/v2\/media?parent=106624"}],"wp:term":[{"taxonomy":"product_brand","embeddable":true,"href":"https:\/\/cdiffprom.ch\/de\/wp-json\/wp\/v2\/product_brand?post=106624"},{"taxonomy":"product_cat","embeddable":true,"href":"https:\/\/cdiffprom.ch\/de\/wp-json\/wp\/v2\/product_cat?post=106624"},{"taxonomy":"product_tag","embeddable":true,"href":"https:\/\/cdiffprom.ch\/de\/wp-json\/wp\/v2\/product_tag?post=106624"}],"curies":[{"name":"wp","href":"https:\/\/api.w.org\/{rel}","templated":true}]}}