{"id":106627,"date":"2019-07-26T12:15:05","date_gmt":"2019-07-26T10:15:05","guid":{"rendered":"https:\/\/cdiffprom.ch\/produit\/befestigungen-aufhaenger-fuer-planen\/"},"modified":"2019-07-26T12:15:05","modified_gmt":"2019-07-26T10:15:05","slug":"befestigungen-aufhaenger-fuer-planen","status":"publish","type":"product","link":"https:\/\/cdiffprom.ch\/de\/produit\/befestigungen-aufhaenger-fuer-planen\/","title":{"rendered":"Befestigungen\/Aufh\u00e4nger f\u00fcr Planen"},"content":{"rendered":"<ul>\n<li>Aluminiumleisten mit Klebstoff, die oben und unten auf die bedruckte Plane geklebt werden.<\/li>\n<li>Clips zur &#8222;\u00dcberbr\u00fcckung&#8220; der Leisten nach dem Aufkleben<\/li>\n<li>Die<\/li>\n<li>Clips sind an der Struktur befestigt<\/li>\n<li>Expostand\u00ae<\/li>\n<\/ul>\n","protected":false},"excerpt":{"rendered":"<p>Befestigungen und Zubeh\u00f6r.<\/p>\n","protected":false},"featured_media":102482,"template":"","meta":{"slim_seo":{"title":"Befestigungen\/Aufh\u00e4nger f\u00fcr Planen - Suisse - C.Diff-Prom","description":"Befestigungen und Zubeh\u00f6r."}},"product_brand":[],"product_cat":[6362,6407],"product_tag":[6699],"class_list":{"0":"post-106627","1":"product","2":"type-product","3":"status-publish","4":"has-post-thumbnail","6":"product_cat-ausstellungen","7":"product_cat-modulare-bauten","8":"product_tag-modulare-gebaeude","9":"pa_typologie-lineal-laenge-30-cm","10":"pa_typologie-lineal-laenge-60-cm","11":"pa_typologie-oberer-clip","12":"pa_typologie-regal-laenge-120-cm","13":"pa_typologie-regal-laenge-150-cm","14":"pa_typologie-regal-laenge-300-cm","15":"pa_typologie-regal-laenge-90-cm","16":"pa_typologie-reglette-laenge-180-cm","17":"pa_typologie-reglette-laenge-210-cm","18":"pa_typologie-unterer-clip","20":"first","21":"instock","22":"taxable","23":"shipping-taxable","24":"purchasable","25":"product-type-variable"},"_links":{"self":[{"href":"https:\/\/cdiffprom.ch\/de\/wp-json\/wp\/v2\/product\/106627","targetHints":{"allow":["GET"]}}],"collection":[{"href":"https:\/\/cdiffprom.ch\/de\/wp-json\/wp\/v2\/product"}],"about":[{"href":"https:\/\/cdiffprom.ch\/de\/wp-json\/wp\/v2\/types\/product"}],"wp:featuredmedia":[{"embeddable":true,"href":"https:\/\/cdiffprom.ch\/de\/wp-json\/wp\/v2\/media\/102482"}],"wp:attachment":[{"href":"https:\/\/cdiffprom.ch\/de\/wp-json\/wp\/v2\/media?parent=106627"}],"wp:term":[{"taxonomy":"product_brand","embeddable":true,"href":"https:\/\/cdiffprom.ch\/de\/wp-json\/wp\/v2\/product_brand?post=106627"},{"taxonomy":"product_cat","embeddable":true,"href":"https:\/\/cdiffprom.ch\/de\/wp-json\/wp\/v2\/product_cat?post=106627"},{"taxonomy":"product_tag","embeddable":true,"href":"https:\/\/cdiffprom.ch\/de\/wp-json\/wp\/v2\/product_tag?post=106627"}],"curies":[{"name":"wp","href":"https:\/\/api.w.org\/{rel}","templated":true}]}}