{"id":106628,"date":"2019-07-26T12:11:29","date_gmt":"2019-07-26T10:11:29","guid":{"rendered":"https:\/\/cdiffprom.ch\/produit\/saugnaepfe-mit-aufhaengehaken-aus-metall\/"},"modified":"2019-07-26T12:11:29","modified_gmt":"2019-07-26T10:11:29","slug":"saugnaepfe-mit-aufhaengehaken-aus-metall","status":"publish","type":"product","link":"https:\/\/cdiffprom.ch\/de\/produit\/saugnaepfe-mit-aufhaengehaken-aus-metall\/","title":{"rendered":"Saugn\u00e4pfe mit Aufh\u00e4ngehaken aus Metall"},"content":{"rendered":"<ul>\n<li>Transparenter weicher Gummi \u00d8 45 mm Metallhaken mit 10 mm Akzeptanz<\/li>\n<li>Dicke mit Haken: 25 mm<\/li>\n<li>Erh\u00e4ltlich in Beuteln mit 10 Saugn\u00e4pfen.<\/li>\n<\/ul>\n","protected":false},"excerpt":{"rendered":"<p>F\u00fcr die Befestigung an Schaufenstern und allen sehr glatten Oberfl\u00e4chen, um Bilder, Rahmen, Aluprofile&#8230; aufzuh\u00e4ngen.<\/p>\n","protected":false},"featured_media":102462,"template":"","meta":{"slim_seo":{"title":"Saugn\u00e4pfe mit Aufh\u00e4ngehaken aus Metall - Suisse - C.Diff-Prom","description":"F\u00fcr die Befestigung an Schaufenstern und allen sehr glatten Oberfl\u00e4chen, um Bilder, Rahmen, Aluprofile... aufzuh\u00e4ngen."}},"product_brand":[],"product_cat":[6342,6660],"product_tag":[6576],"class_list":{"0":"post-106628","1":"product","2":"type-product","3":"status-publish","4":"has-post-thumbnail","6":"product_cat-anzeige","7":"product_cat-zubehoer-fuer-die-befestigung","8":"product_tag-zubehor-fur-die-befestigung","10":"first","11":"instock","12":"taxable","13":"shipping-taxable","14":"purchasable","15":"product-type-simple"},"_links":{"self":[{"href":"https:\/\/cdiffprom.ch\/de\/wp-json\/wp\/v2\/product\/106628","targetHints":{"allow":["GET"]}}],"collection":[{"href":"https:\/\/cdiffprom.ch\/de\/wp-json\/wp\/v2\/product"}],"about":[{"href":"https:\/\/cdiffprom.ch\/de\/wp-json\/wp\/v2\/types\/product"}],"wp:featuredmedia":[{"embeddable":true,"href":"https:\/\/cdiffprom.ch\/de\/wp-json\/wp\/v2\/media\/102462"}],"wp:attachment":[{"href":"https:\/\/cdiffprom.ch\/de\/wp-json\/wp\/v2\/media?parent=106628"}],"wp:term":[{"taxonomy":"product_brand","embeddable":true,"href":"https:\/\/cdiffprom.ch\/de\/wp-json\/wp\/v2\/product_brand?post=106628"},{"taxonomy":"product_cat","embeddable":true,"href":"https:\/\/cdiffprom.ch\/de\/wp-json\/wp\/v2\/product_cat?post=106628"},{"taxonomy":"product_tag","embeddable":true,"href":"https:\/\/cdiffprom.ch\/de\/wp-json\/wp\/v2\/product_tag?post=106628"}],"curies":[{"name":"wp","href":"https:\/\/api.w.org\/{rel}","templated":true}]}}