{"id":106630,"date":"2019-07-26T12:14:01","date_gmt":"2019-07-26T10:14:01","guid":{"rendered":"https:\/\/cdiffprom.ch\/produit\/individuell-gestaltbare-empfangstheke-stand\/"},"modified":"2019-07-26T12:14:01","modified_gmt":"2019-07-26T10:14:01","slug":"individuell-gestaltbare-empfangstheke-stand","status":"publish","type":"product","link":"https:\/\/cdiffprom.ch\/de\/produit\/individuell-gestaltbare-empfangstheke-stand\/","title":{"rendered":"Individuell gestaltbare Empfangstheke Stand"},"content":{"rendered":"<h3><span style=\"color: #800000;\"><strong>Individuell gestaltbare Empfangstheke Stand<\/strong><\/span><\/h3>\n<p>Dieser personalisierbare Empfangstresen eignet sich f\u00fcr :<\/p>\n<ul>\n<li>  die Einrichtung eines Empfangs, einer Rezeption<\/li>\n<li>  ein Stand auf einer Messe, eine Konferenz<\/li>\n<li>  einen Verkaufstisch oder eine andere L\u00f6sung f\u00fcr den Empfang der \u00d6ffentlichkeit schaffen<\/li>\n<\/ul>\n<h4><span style=\"color: #800000;\"><strong>Merkmale :<\/strong><\/span><\/h4>\n<ul>\n<li>Sehr gute Qualit\u00e4t<\/li>\n<li>Einseitige oder doppelseitige Nutzung<\/li>\n<li>Gew\u00f6lbte Metalloberfl\u00e4che (H 107 x B 65 cm)<\/li>\n<li>M\u00f6glichkeit zur Anbringung von magnetischen Plakathaltern<\/li>\n<li>Die mehrfache Perforation der Oberfl\u00e4che erm\u00f6glicht die Anbringung von A4, A5 oder 1\/3 A4 Prospektst\u00e4ndern.<\/li>\n<li>Hochwertige Metallkonstruktion, pulverbeschichtet in Alu-Grau. Ovale Tischplatte (90 x 43 cm) in heller Buche, 20 mm stark. Ovaler Stahlsockel (81 x 37 cm)  <\/li>\n<li>H\u00f6he der Tischplatte bei 110 cm<\/li>\n<li>Sehr stabil, Gewicht 23 kg<\/li>\n<\/ul>\n<h4><span style=\"color: #800000;\"><strong>Lieferbedingungen :<br \/>\n<\/strong><\/span><\/h4>\n<p>Zu Ihrer Information: Nach Eingang Ihres Auftrags sind unsere Produkte innerhalb von etwa zehn Tagen lieferbar.<\/p>\n<p>Z\u00f6gern Sie nicht <u><a href=\"https:\/\/cdiffprom.ch\/elements\/contactez-nous\/\"><span style=\"color: #800000;\">uns zu kontaktieren.<\/span><\/a><\/u> Wenn Sie einen dringenderen Bedarf haben, k\u00f6nnen wir Ihnen immer eine schnellere L\u00f6sung anbieten.<\/p>\n<p>Wir sind auch gerne bereit, Ihnen Informationen \u00fcber Mengenrabatte zu geben.<\/p>\n<p>Einige Artikel k\u00f6nnen eine l\u00e4ngere Lieferzeit in Anspruch nehmen, da sie nicht auf Lager unseres Lieferanten sind. In diesem Fall werden Sie nach Eingang Ihrer Bestellung benachrichtigt. <\/p>\n<p>Wir liefern versandkostenfrei ab einem Bestellwert von CHF. 500.-. Unterhalb dieses Betrags wird eine Pauschale von CHF. 15,90 zu zahlen. <\/p>\n<p>Bei allen Online-Bestellungen f\u00fchren wir immer einen Telefonanruf durch, um sicherzustellen, dass Sie das richtige Produkt f\u00fcr Ihre Bed\u00fcrfnisse ausgew\u00e4hlt haben. So k\u00f6nnen Sie sicher sein, dass Sie die richtige Wahl treffen. <\/p>\n<p>Bitte beachten Sie, dass die Promo-Codes nicht kumulierbar sind und der Rabatt auf Ihrer Bestellung sichtbar ist.<\/p>\n","protected":false},"excerpt":{"rendered":"<p>Individuell gestaltbare Empfangstheke Stand Dieser personalisierbare Empfangstresen eignet sich f\u00fcr : die Einrichtung eines Empfangs, einer Rezeption ein Stand auf einer Messe, eine Konferenz einen Verkaufstisch oder eine andere L\u00f6sung f\u00fcr den Empfang der \u00d6ffentlichkeit schaffen Merkmale : Sehr gute Qualit\u00e4t Einseitige oder doppelseitige Nutzung Gew\u00f6lbte Metalloberfl\u00e4che (H 107 x B 65 cm) M\u00f6glichkeit zur&#8230;<\/p>\n","protected":false},"featured_media":103738,"template":"","meta":{"slim_seo":{"title":"Individuell gestaltbare Empfangstheke Stand - Suisse - C.Diff-Prom","description":"Individuell gestaltbare Empfangstheke Stand Dieser personalisierbare Empfangstresen eignet sich f\u00fcr : die Einrichtung eines Empfangs, einer Rezeption ein Stand"}},"product_brand":[],"product_cat":[6362,6357],"product_tag":[6569],"class_list":{"0":"post-106630","1":"product","2":"type-product","3":"status-publish","4":"has-post-thumbnail","6":"product_cat-ausstellungen","7":"product_cat-standtheken","8":"product_tag-standtheken","10":"first","11":"instock","12":"taxable","13":"shipping-taxable","14":"purchasable","15":"product-type-simple"},"_links":{"self":[{"href":"https:\/\/cdiffprom.ch\/de\/wp-json\/wp\/v2\/product\/106630","targetHints":{"allow":["GET"]}}],"collection":[{"href":"https:\/\/cdiffprom.ch\/de\/wp-json\/wp\/v2\/product"}],"about":[{"href":"https:\/\/cdiffprom.ch\/de\/wp-json\/wp\/v2\/types\/product"}],"wp:featuredmedia":[{"embeddable":true,"href":"https:\/\/cdiffprom.ch\/de\/wp-json\/wp\/v2\/media\/103738"}],"wp:attachment":[{"href":"https:\/\/cdiffprom.ch\/de\/wp-json\/wp\/v2\/media?parent=106630"}],"wp:term":[{"taxonomy":"product_brand","embeddable":true,"href":"https:\/\/cdiffprom.ch\/de\/wp-json\/wp\/v2\/product_brand?post=106630"},{"taxonomy":"product_cat","embeddable":true,"href":"https:\/\/cdiffprom.ch\/de\/wp-json\/wp\/v2\/product_cat?post=106630"},{"taxonomy":"product_tag","embeddable":true,"href":"https:\/\/cdiffprom.ch\/de\/wp-json\/wp\/v2\/product_tag?post=106630"}],"curies":[{"name":"wp","href":"https:\/\/api.w.org\/{rel}","templated":true}]}}