{"id":106640,"date":"2019-07-26T12:14:01","date_gmt":"2019-07-26T10:14:01","guid":{"rendered":"https:\/\/cdiffprom.ch\/produit\/theke-empfangsbank\/"},"modified":"2019-07-26T12:14:01","modified_gmt":"2019-07-26T10:14:01","slug":"theke-empfangsbank","status":"publish","type":"product","link":"https:\/\/cdiffprom.ch\/de\/produit\/theke-empfangsbank\/","title":{"rendered":"Theke Empfangsbank"},"content":{"rendered":"<h3><strong><span style=\"color: #800000;\">Theke<span style=\"color: #800000;\">Empfangsbank<\/span><\/span><\/strong><\/h3>\n<p>Mit diesem Empfangstresen k\u00f6nnen Sie Ihre Besucher oder Kunden auf elegante Weise empfangen und willkommen hei\u00dfen.<\/p>\n<p>Diese Theke eignet sich f\u00fcr verschiedene Empfangsbereiche oder Rezeptionen, wie z.B. Reiseb\u00fcros oder touristische Einrichtungen. Er eignet sich auch f\u00fcr einen Messestand oder eine Konferenz oder als Verkaufstresen f\u00fcr den Empfang von Besuchern. <\/p>\n<h4><span style=\"color: #800000;\"><strong>Merkmale<\/strong><\/span><\/h4>\n<ul>\n<li>R\u00fcckwand: 2 vertikale F\u00e4cher (H 97 x B 42 x T 29 cm) mit jeweils einem herausnehmbaren Zwischenboden.<\/li>\n<li>Sehr gute Qualit\u00e4t<\/li>\n<li>Kann einzeln oder als Aneinanderreihung von Theken verwendet werden.<\/li>\n<li>Metallkonstruktion, pulverbeschichtet in Alu-Grau.<\/li>\n<li>Oberplatte, Sockelleiste und Verkleidung aus 20 mm starken Laminatplatten in Buche hell<\/li>\n<li>H\u00f6he des Tabletts: 110 cm<\/li>\n<li>Sehr stabil, Gewicht 39 kg<\/li>\n<li>Lieferung mit Montageanleitung (kann auch von uns installiert werden)<\/li>\n<\/ul>\n<h4><strong><span style=\"color: #800000;\">Lieferbedingungen<\/span><\/strong><\/h4>\n<p>Zu Ihrer Information: Nach Eingang Ihres Auftrags sind unsere Produkte innerhalb von etwa zehn Tagen lieferbar.<\/p>\n<p>Z\u00f6gern Sie nicht <u><a href=\"https:\/\/cdiffprom.ch\/elements\/contactez-nous\/\"><strong><span style=\"color: #800000;\">uns zu kontaktieren.<\/span><\/strong><\/a><\/u> Wenn Sie einen dringenderen Bedarf haben, k\u00f6nnen wir Ihnen immer eine schnellere L\u00f6sung anbieten.<\/p>\n<p>Wir sind auch gerne bereit, Ihnen Informationen \u00fcber Mengenrabatte zu geben.<\/p>\n<p>Einige Artikel k\u00f6nnen eine l\u00e4ngere Lieferzeit in Anspruch nehmen, da sie nicht auf Lager unseres Lieferanten sind. In diesem Fall werden Sie nach Eingang Ihrer Bestellung benachrichtigt. <\/p>\n<p>Wir liefern versandkostenfrei ab einem Bestellwert von CHF. 500.-. Unterhalb dieses Betrags wird eine Pauschale von CHF. 15,90 zu entrichten. <\/p>\n<p>Bei allen Online-Bestellungen f\u00fchren wir immer einen Telefonanruf durch, um sicherzustellen, dass Sie das richtige Produkt f\u00fcr Ihre Bed\u00fcrfnisse ausgew\u00e4hlt haben. So k\u00f6nnen Sie sicher sein, dass Sie die richtige Wahl treffen. <\/p>\n<p>Bitte beachten Sie, dass die Promo-Codes nicht kumulierbar sind und der Rabatt auf Ihrer Bestellung sichtbar ist.<\/p>\n","protected":false},"excerpt":{"rendered":"<p>Moderne Empfangstheke, die sich f\u00fcr verschiedene Empfangsbereiche eignet!<\/p>\n","protected":false},"featured_media":103516,"template":"","meta":{"slim_seo":{"title":"Theke Empfangsbank - Suisse - C.Diff-Prom","description":"Moderne Empfangstheke, die sich f\u00fcr verschiedene Empfangsbereiche eignet!"}},"product_brand":[],"product_cat":[6362,6357],"product_tag":[6569],"class_list":{"0":"post-106640","1":"product","2":"type-product","3":"status-publish","4":"has-post-thumbnail","6":"product_cat-ausstellungen","7":"product_cat-standtheken","8":"product_tag-standtheken","10":"first","11":"instock","12":"taxable","13":"shipping-taxable","14":"purchasable","15":"product-type-simple"},"_links":{"self":[{"href":"https:\/\/cdiffprom.ch\/de\/wp-json\/wp\/v2\/product\/106640","targetHints":{"allow":["GET"]}}],"collection":[{"href":"https:\/\/cdiffprom.ch\/de\/wp-json\/wp\/v2\/product"}],"about":[{"href":"https:\/\/cdiffprom.ch\/de\/wp-json\/wp\/v2\/types\/product"}],"wp:featuredmedia":[{"embeddable":true,"href":"https:\/\/cdiffprom.ch\/de\/wp-json\/wp\/v2\/media\/103516"}],"wp:attachment":[{"href":"https:\/\/cdiffprom.ch\/de\/wp-json\/wp\/v2\/media?parent=106640"}],"wp:term":[{"taxonomy":"product_brand","embeddable":true,"href":"https:\/\/cdiffprom.ch\/de\/wp-json\/wp\/v2\/product_brand?post=106640"},{"taxonomy":"product_cat","embeddable":true,"href":"https:\/\/cdiffprom.ch\/de\/wp-json\/wp\/v2\/product_cat?post=106640"},{"taxonomy":"product_tag","embeddable":true,"href":"https:\/\/cdiffprom.ch\/de\/wp-json\/wp\/v2\/product_tag?post=106640"}],"curies":[{"name":"wp","href":"https:\/\/api.w.org\/{rel}","templated":true}]}}