{"id":106641,"date":"2019-07-26T12:18:02","date_gmt":"2019-07-26T10:18:02","guid":{"rendered":"https:\/\/cdiffprom.ch\/produit\/roll-stand-kakemono-budget-200cm\/"},"modified":"2019-07-26T12:18:02","modified_gmt":"2019-07-26T10:18:02","slug":"roll-stand-kakemono-budget-200cm","status":"publish","type":"product","link":"https:\/\/cdiffprom.ch\/de\/produit\/roll-stand-kakemono-budget-200cm\/","title":{"rendered":"Roll-stand kakemono budget 200cm"},"content":{"rendered":"<h3><span style=\"color: #800000;\"><strong>Roll-stand kakemono budget 200cm<\/strong><\/span><\/h3>\n<p>Dieses Roll-Up Kakemono Budget 200cm eignet sich perfekt f\u00fcr Ausstellungen oder einmalige Veranstaltungen, um Informationen hervorzuheben oder einen bestimmten Artikel oder ein Produkt zu bewerben.<\/p>\n<p>Mit der mitgelieferten flexiblen Tragetasche ist das System f\u00fcr mehrere Installationen und Wiederverwendungen geeignet.<\/p>\n<h4><strong><span style=\"color: #800000;\">Merkmale :<\/span><\/strong><\/h4>\n<ul>\n<li>Geh\u00e4use, Mast und Struktur aus naturfarbenem, eloxiertem Aluminium 2 Stabilisatorf\u00fc\u00dfe, einklappbar<\/li>\n<li>Empfohlene Dokumentendicke: 225 bis 300 \u00b5m<\/li>\n<li>Planen Sie, 20 cm zur L\u00e4nge des Bildes hinzuzuf\u00fcgen, um den Anfang des Rollovers zu befestigen.<\/li>\n<li>Clip oben und starker Klebstoff unten<\/li>\n<li>Modelle mit einer Breite von 80, 85, 100, 150 und 200 cm, nur einseitig.<\/li>\n<\/ul>\n<p>Der Wechsel des Posters ist dank des einfachen Montagesystems leicht m\u00f6glich. Dar\u00fcber hinaus verf\u00fcgt dieses Modell \u00fcber eine Aufrollvorrichtung. <\/p>\n<p>Die Erstellung des Posters ist nicht im Preis inbegriffen und Sie k\u00f6nnen sich an unsere Partner wenden, <span style=\"color: #800000;\"><a style=\"color: #800000;\" href=\"https:\/\/impactpub.ch\/\">Impact Pub<\/a><\/span>, wenn Sie sich in Genf befinden, oder <span style=\"color: #800000;\"><a style=\"color: #800000;\" href=\"https:\/\/tel.search.ch\/yverdon-les-bains\/rue-des-uttins-34\/publicite-justo-sarl\">Pub Justo in Yverdon<\/a><\/span>und <span style=\"color: #800000;\"><a style=\"color: #800000;\" href=\"http:\/\/kontrast-publicite.ch\/\">Kontrast Publicit\u00e9 in La Chaux-de-Fonds.<\/a><\/span>.<\/p>\n<p><span style=\"color: #800000;\"><strong>Lieferbedingungen :<br \/>\n<\/strong><\/span><\/p>\n<p>Alle unsere Produkte sind innerhalb von 10 Tagen nach Eingang Ihrer Bestellung lieferbar. Bitte z\u00f6gern Sie nicht, uns zu kontaktieren. <span style=\"color: #800000;\"><u><a style=\"color: #800000;\" href=\"https:\/\/cdiffprom.ch\/elements\/contactez-nous\/\">uns zu kontaktieren.<\/a><\/u><\/span> Wenn Sie einen dringenderen Bedarf haben, k\u00f6nnen wir Ihnen immer eine schnellere L\u00f6sung anbieten. <\/p>\n<p>Einige Artikel k\u00f6nnen eine l\u00e4ngere Lieferzeit in Anspruch nehmen, da sie nicht auf Lager unseres Lieferanten sind. In diesem Fall werden Sie nach Eingang Ihrer Bestellung benachrichtigt. <\/p>\n<p>Wir liefern versandkostenfrei ab einem Bestellwert von CHF. 500.-. Unterhalb dieses Betrags wird eine Pauschale von CHF. 15,90 zu entrichten. <\/p>\n<p>Bei allen Online-Bestellungen f\u00fchren wir immer einen Telefonanruf durch, um sicherzustellen, dass Sie das richtige Produkt f\u00fcr Ihre Bed\u00fcrfnisse ausgew\u00e4hlt haben. So k\u00f6nnen Sie sicher sein, dass Sie die richtige Wahl treffen. <\/p>\n<p>Bitte beachten Sie, dass die Promo-Codes nicht kumulierbar sind und der Rabatt auf Ihrer Bestellung sichtbar ist.<\/p>\n<p>&nbsp;<\/p>\n<p>&nbsp;<\/p>\n","protected":false},"excerpt":{"rendered":"<p>F\u00fcr Poster und Kakemonos aus allen Materialien<\/p>\n","protected":false},"featured_media":102498,"template":"","meta":{"slim_seo":{"title":"Roll-stand kakemono budget 200cm - Suisse - C.Diff-Prom","description":"F\u00fcr Poster und Kakemonos aus allen Materialien"}},"product_brand":[],"product_cat":[6342,6362,6340,6366],"product_tag":[6364,6575],"class_list":{"0":"post-106641","1":"product","2":"type-product","3":"status-publish","4":"has-post-thumbnail","6":"product_cat-anzeige","7":"product_cat-ausstellungen","8":"product_cat-kakemonos","9":"product_cat-pos-supports","10":"product_tag-pos-materialien","11":"product_tag-roll-up-kakemonos","12":"pa_dimensions-h-200-x-b-100-cm","13":"pa_dimensions-h-200-x-b-150-cm","14":"pa_dimensions-h-200-x-b-200-cm","15":"pa_dimensions-h-200-x-b-80-cm","16":"pa_dimensions-h-200-x-b-85-cm","18":"first","19":"instock","20":"taxable","21":"shipping-taxable","22":"purchasable","23":"product-type-variable"},"_links":{"self":[{"href":"https:\/\/cdiffprom.ch\/de\/wp-json\/wp\/v2\/product\/106641","targetHints":{"allow":["GET"]}}],"collection":[{"href":"https:\/\/cdiffprom.ch\/de\/wp-json\/wp\/v2\/product"}],"about":[{"href":"https:\/\/cdiffprom.ch\/de\/wp-json\/wp\/v2\/types\/product"}],"wp:featuredmedia":[{"embeddable":true,"href":"https:\/\/cdiffprom.ch\/de\/wp-json\/wp\/v2\/media\/102498"}],"wp:attachment":[{"href":"https:\/\/cdiffprom.ch\/de\/wp-json\/wp\/v2\/media?parent=106641"}],"wp:term":[{"taxonomy":"product_brand","embeddable":true,"href":"https:\/\/cdiffprom.ch\/de\/wp-json\/wp\/v2\/product_brand?post=106641"},{"taxonomy":"product_cat","embeddable":true,"href":"https:\/\/cdiffprom.ch\/de\/wp-json\/wp\/v2\/product_cat?post=106641"},{"taxonomy":"product_tag","embeddable":true,"href":"https:\/\/cdiffprom.ch\/de\/wp-json\/wp\/v2\/product_tag?post=106641"}],"curies":[{"name":"wp","href":"https:\/\/api.w.org\/{rel}","templated":true}]}}