{"id":106649,"date":"2019-07-26T12:15:05","date_gmt":"2019-07-26T10:15:05","guid":{"rendered":"https:\/\/cdiffprom.ch\/produit\/expostand-kits\/"},"modified":"2019-07-26T12:15:05","modified_gmt":"2019-07-26T10:15:05","slug":"expostand-kits","status":"publish","type":"product","link":"https:\/\/cdiffprom.ch\/de\/produit\/expostand-kits\/","title":{"rendered":"Expostand-Kits"},"content":{"rendered":"<h3><span style=\"color: #800000;\"><strong>Expostand Kits<\/strong><\/span><\/h3>\n<p>Entdecken Sie unsere Expostand-Kits, die Sie auf Ihrer n\u00e4chsten Messe aufstellen k\u00f6nnen.<\/p>\n<p>Sie haben 4 Optionen in einem vorgefertigten Kit, aber es steht Ihnen frei, Ihren Stand und seine Einrichtung mit all unseren Zubeh\u00f6rteilen zusammenzustellen. Diese sind untereinander kombinierbar, um nach Ihren W\u00fcnschen eine Plakatwand, eine Pr\u00e4sentationsecke oder die Realisierung einer Standstruktur f\u00fcr eine Ausstellung zu bilden.<\/p>\n<p>Extrem einfacher und schneller Auf- und Abbau, Lagerung und Transport auf kleinstem Raum dank der faltbaren und stapelbaren Elemente.<\/p>\n<p>Spannen der Planen mit Hilfe von Clips und Linealen oder \u00d6sen mit Spanner.<\/p>\n<p>Planen sind in unseren Preisen nicht enthalten, wir k\u00f6nnen Ihnen jedoch mehrere Anbieter in der gesamten Westschweiz empfehlen.<\/p>\n<h4><span style=\"color: #800000;\"><strong>Lieferbedingungen<\/strong><\/span><\/h4>\n<p>Alle unsere Produkte sind innerhalb von 10 Tagen nach Eingang Ihrer Bestellung lieferbar. Bitte z\u00f6gern Sie nicht, uns zu kontaktieren. <a href=\"https:\/\/cdiffprom.ch\/elements\/contactez-nous\/\"><span style=\"color: #800000;\">uns zu kontaktieren.<\/span><\/a> Wenn Sie einen dringenderen Bedarf haben, k\u00f6nnen wir Ihnen immer eine schnellere L\u00f6sung anbieten. <\/p>\n<p>Einige Artikel k\u00f6nnen eine l\u00e4ngere Lieferzeit in Anspruch nehmen, da sie nicht auf Lager unseres Lieferanten sind. In diesem Fall werden Sie nach Eingang Ihrer Bestellung benachrichtigt. <\/p>\n<p>Wir liefern versandkostenfrei ab einem Bestellwert von CHF. 500.-. Unterhalb dieses Betrags wird eine Pauschale von CHF. 15,90 zu entrichten. <\/p>\n<p>Bei allen Online-Bestellungen f\u00fchren wir immer einen Telefonanruf durch, um sicherzustellen, dass Sie das richtige Produkt f\u00fcr Ihre Bed\u00fcrfnisse ausgew\u00e4hlt haben. So k\u00f6nnen Sie sicher sein, dass Sie die richtige Wahl treffen. <\/p>\n<p>Bitte beachten Sie, dass die Promo-Codes nicht kumulierbar sind und der Rabatt auf Ihrer Bestellung sichtbar ist.<\/p>\n<p>&nbsp;<\/p>\n","protected":false},"excerpt":{"rendered":"<p>Stellen Sie sich mit unseren Expostand-Kits einfach auf Messen, Ausstellungen und anderen Veranstaltungen auf.<\/p>\n","protected":false},"featured_media":102484,"template":"","meta":{"slim_seo":{"title":"Expostand-Kits - Suisse - C.Diff-Prom","description":"Stellen Sie sich mit unseren Expostand-Kits einfach auf Messen, Ausstellungen und anderen Veranstaltungen auf."}},"product_brand":[],"product_cat":[6362,6407],"product_tag":[6699],"class_list":{"0":"post-106649","1":"product","2":"type-product","3":"status-publish","4":"has-post-thumbnail","6":"product_cat-ausstellungen","7":"product_cat-modulare-bauten","8":"product_tag-modulare-gebaeude","10":"first","11":"instock","12":"taxable","13":"shipping-taxable","14":"purchasable","15":"product-type-variable"},"_links":{"self":[{"href":"https:\/\/cdiffprom.ch\/de\/wp-json\/wp\/v2\/product\/106649","targetHints":{"allow":["GET"]}}],"collection":[{"href":"https:\/\/cdiffprom.ch\/de\/wp-json\/wp\/v2\/product"}],"about":[{"href":"https:\/\/cdiffprom.ch\/de\/wp-json\/wp\/v2\/types\/product"}],"wp:featuredmedia":[{"embeddable":true,"href":"https:\/\/cdiffprom.ch\/de\/wp-json\/wp\/v2\/media\/102484"}],"wp:attachment":[{"href":"https:\/\/cdiffprom.ch\/de\/wp-json\/wp\/v2\/media?parent=106649"}],"wp:term":[{"taxonomy":"product_brand","embeddable":true,"href":"https:\/\/cdiffprom.ch\/de\/wp-json\/wp\/v2\/product_brand?post=106649"},{"taxonomy":"product_cat","embeddable":true,"href":"https:\/\/cdiffprom.ch\/de\/wp-json\/wp\/v2\/product_cat?post=106649"},{"taxonomy":"product_tag","embeddable":true,"href":"https:\/\/cdiffprom.ch\/de\/wp-json\/wp\/v2\/product_tag?post=106649"}],"curies":[{"name":"wp","href":"https:\/\/api.w.org\/{rel}","templated":true}]}}