{"id":106656,"date":"2019-07-26T12:18:03","date_gmt":"2019-07-26T10:18:03","guid":{"rendered":"https:\/\/cdiffprom.ch\/produit\/kakemono-erster-preis-huelle\/"},"modified":"2019-07-26T12:18:03","modified_gmt":"2019-07-26T10:18:03","slug":"kakemono-erster-preis-huelle","status":"publish","type":"product","link":"https:\/\/cdiffprom.ch\/de\/produit\/kakemono-erster-preis-huelle\/","title":{"rendered":"Kakemono erster Preis + H\u00fclle"},"content":{"rendered":"<h3><span style=\"color: #800000;\"><strong>Kakemono erster Preis + H\u00fclle<\/strong><\/span><\/h3>\n<p>Dieses preisg\u00fcnstige Kakemono + H\u00fclle eignet sich perfekt f\u00fcr Ausstellungen oder einmalige Veranstaltungen, um Informationen hervorzuheben oder einen bestimmten Artikel oder ein Produkt zu bewerben.<\/p>\n<p>Mit der mitgelieferten flexiblen Tragetasche ist das System f\u00fcr mehrere Installationen und Wiederverwendungen geeignet.<\/p>\n<h4><strong><span style=\"color: #800000;\">Merkmale :<\/span><\/strong><\/h4>\n<ul>\n<li>Ein- und doppelseitiger Visu-Stand mit 2 Klammerprofilen oben und unten mit selbsthemmendem Klicksystem<\/li>\n<li>Das Poster darf nicht dicker als 0,7 mm sein.<\/li>\n<li>Struktur aus nat\u00fcrlichem eloxiertem Aluminium<\/li>\n<li>Maximale H\u00f6he 200 cm<\/li>\n<\/ul>\n<p>Der Wechsel des Posters ist dank des einfachen Montagesystems problemlos m\u00f6glich.<\/p>\n<p>Die Erstellung des Posters ist nicht im Preis inbegriffen und Sie k\u00f6nnen sich an unsere Partner wenden, <span style=\"color: #800000;\"><a style=\"color: #800000;\" href=\"https:\/\/impactpub.ch\/\"><span style=\"color: #800000;\">Impact Pub<\/span><\/a><\/span>, wenn Sie sich in Genf befinden, oder <a href=\"https:\/\/tel.search.ch\/yverdon-les-bains\/rue-des-uttins-34\/publicite-justo-sarl\"><span style=\"color: #800000;\">Pub Justo in Yverdon<\/span><\/a>und <a href=\"http:\/\/kontrast-publicite.ch\/\"><span style=\"color: #800000;\">Kontrast Publicit\u00e9 in La Chaux-de-Fonds.<\/span><\/a>.<\/p>\n<p><strong><span style=\"color: #800000;\">Lieferbedingungen :<\/span><br \/>\n<\/strong><\/p>\n<p>Alle unsere Produkte sind innerhalb von 10 Tagen nach Eingang Ihrer Bestellung lieferbar. Bitte z\u00f6gern Sie nicht, uns zu kontaktieren. <u><a href=\"https:\/\/cdiffprom.ch\/elements\/contactez-nous\/\"><span style=\"color: #800000;\">uns zu kontaktieren.<\/span><\/a><\/u> Wenn Sie einen dringenderen Bedarf haben, k\u00f6nnen wir Ihnen immer eine schnellere L\u00f6sung anbieten. <\/p>\n<p>Einige Artikel k\u00f6nnen eine l\u00e4ngere Lieferzeit in Anspruch nehmen, da sie nicht auf Lager unseres Lieferanten sind. In diesem Fall werden Sie nach Eingang Ihrer Bestellung benachrichtigt. <\/p>\n<p>Wir liefern versandkostenfrei ab einem Bestellwert von CHF. 500.-. Unterhalb dieses Betrags wird eine Pauschale von CHF. 15,90 zu entrichten. <\/p>\n<p>Bei allen Online-Bestellungen f\u00fchren wir immer einen Telefonanruf durch, um sicherzustellen, dass Sie das richtige Produkt f\u00fcr Ihre Bed\u00fcrfnisse ausgew\u00e4hlt haben. So k\u00f6nnen Sie sicher sein, dass Sie die richtige Wahl treffen. <\/p>\n<p>Bitte beachten Sie, dass die Promo-Codes nicht kumulierbar sind und der Rabatt auf Ihrer Bestellung sichtbar ist.<\/p>\n<p>&nbsp;<\/p>\n<p>&nbsp;<\/p>\n","protected":false},"excerpt":{"rendered":"<p>Perfekte Spannung der Dokumente. Sehr stabil <\/p>\n","protected":false},"featured_media":102502,"template":"","meta":{"slim_seo":{"title":"Kakemono erster Preis + H\u00fclle - Suisse - C.Diff-Prom","description":"Perfekte Spannung der Dokumente. Sehr stabil"}},"product_brand":[],"product_cat":[6342,6362,6340,6366],"product_tag":[6364,6575],"class_list":{"0":"post-106656","1":"product","2":"type-product","3":"status-publish","4":"has-post-thumbnail","6":"product_cat-anzeige","7":"product_cat-ausstellungen","8":"product_cat-kakemonos","9":"product_cat-pos-supports","10":"product_tag-pos-materialien","11":"product_tag-roll-up-kakemonos","12":"pa_dimensions-h-190-x-b-70-cm","13":"pa_dimensions-h-200-x-b-100-cm","14":"pa_dimensions-h-200-x-b-60-cm","15":"pa_dimensions-h-200-x-b-80-cm","16":"pa_typologie-doppelte-seite","17":"pa_typologie-simple-face-de","19":"first","20":"instock","21":"taxable","22":"shipping-taxable","23":"purchasable","24":"product-type-variable"},"_links":{"self":[{"href":"https:\/\/cdiffprom.ch\/de\/wp-json\/wp\/v2\/product\/106656","targetHints":{"allow":["GET"]}}],"collection":[{"href":"https:\/\/cdiffprom.ch\/de\/wp-json\/wp\/v2\/product"}],"about":[{"href":"https:\/\/cdiffprom.ch\/de\/wp-json\/wp\/v2\/types\/product"}],"wp:featuredmedia":[{"embeddable":true,"href":"https:\/\/cdiffprom.ch\/de\/wp-json\/wp\/v2\/media\/102502"}],"wp:attachment":[{"href":"https:\/\/cdiffprom.ch\/de\/wp-json\/wp\/v2\/media?parent=106656"}],"wp:term":[{"taxonomy":"product_brand","embeddable":true,"href":"https:\/\/cdiffprom.ch\/de\/wp-json\/wp\/v2\/product_brand?post=106656"},{"taxonomy":"product_cat","embeddable":true,"href":"https:\/\/cdiffprom.ch\/de\/wp-json\/wp\/v2\/product_cat?post=106656"},{"taxonomy":"product_tag","embeddable":true,"href":"https:\/\/cdiffprom.ch\/de\/wp-json\/wp\/v2\/product_tag?post=106656"}],"curies":[{"name":"wp","href":"https:\/\/api.w.org\/{rel}","templated":true}]}}