{"id":106668,"date":"2019-07-26T12:20:31","date_gmt":"2019-07-26T10:20:31","guid":{"rendered":"https:\/\/cdiffprom.ch\/produit\/ausstellungsgitter-schwarz-h-200-x-l-100-cm\/"},"modified":"2019-07-26T12:20:31","modified_gmt":"2019-07-26T10:20:31","slug":"ausstellungsgitter-schwarz-h-200-x-l-100-cm","status":"publish","type":"product","link":"https:\/\/cdiffprom.ch\/de\/produit\/ausstellungsgitter-schwarz-h-200-x-l-100-cm\/","title":{"rendered":"Ausstellungsgitter schwarz H 200 x L 100 cm"},"content":{"rendered":"<h3><span style=\"color: #800000;\"><strong>Ausstellungsgitter schwarz H 200 x L 100 cm<\/strong><\/span><\/h3>\n<p>Dieses schwarze Ausstellungsgitter H 200 x B 100 cm ist ein ideales System, um Ihre Ausstellungs- oder Messefl\u00e4chen f\u00fcr die Anzeige Ihrer Informationen aufzuwerten.<\/p>\n<p>Wenn Sie mehrere Roste zusammenstellen, k\u00f6nnen Sie diese mit schwarzen Metallclips leicht zusammenf\u00fcgen. Au\u00dferdem sorgen die T-F\u00fc\u00dfe mit Gummikappen an den Enden f\u00fcr eine ausgezeichnete Stabilit\u00e4t. <\/p>\n<p>Dar\u00fcber hinaus k\u00f6nnen Sie auch einen LED-Spot anbringen, um Ihre Poster besser zu beleuchten.<\/p>\n<p>Alle Zubeh\u00f6rteile m\u00fcssen separat bestellt werden.<\/p>\n<p>Vergessen Sie nicht, die <span style=\"color: #800000;\"><a style=\"color: #800000;\" href=\"https:\/\/cdiffprom.ch\/produit\/pieds-pour-grilles-economiques\/\">die F\u00fc\u00dfe<\/a><\/span> wenn Sie sich f\u00fcr ein einzelnes Gitter entscheiden<\/p>\n<h4><span style=\"color: #800000;\"><strong>Merkmale :<\/strong><\/span><\/h4>\n<ul>\n<li>das Gitter wird von Stahlrohren mit \u00d8 25 mm, Maschenweite 10 x 19 cm, Draht \u00d8 3 mm eingerahmt<\/li>\n<li>einzeln oder in Sets von 3 Gittern verkauft<\/li>\n<li>Schwarze Epoxydharzlackierung f\u00fcr ein hochfestes Dekor<\/li>\n<\/ul>\n<p><strong><span style=\"color: #800000;\">Lieferbedingungen :<br \/>\n<\/span><\/strong><\/p>\n<p>Alle unsere Produkte sind innerhalb von 10 Tagen nach Eingang Ihrer Bestellung lieferbar. Bitte z\u00f6gern Sie nicht, uns zu kontaktieren. <span style=\"color: #800000;\"><u><a style=\"color: #800000;\" href=\"https:\/\/cdiffprom.ch\/elements\/contactez-nous\/\">uns zu kontaktieren.<\/a><\/u><\/span> Wenn Sie einen dringenderen Bedarf haben, k\u00f6nnen wir Ihnen immer eine schnellere L\u00f6sung anbieten. <\/p>\n<p>Einige Artikel k\u00f6nnen eine l\u00e4ngere Lieferzeit in Anspruch nehmen, da sie nicht auf Lager unseres Lieferanten sind. In diesem Fall werden Sie nach Eingang Ihrer Bestellung benachrichtigt. <\/p>\n<p>Wir liefern versandkostenfrei ab einem Bestellwert von CHF. 500.-. Unterhalb dieses Betrags wird eine Pauschale von CHF. 15,90 zu entrichten. <\/p>\n<p>Bei allen Online-Bestellungen f\u00fchren wir immer einen Telefonanruf durch, um sicherzustellen, dass Sie das richtige Produkt f\u00fcr Ihre Bed\u00fcrfnisse ausgew\u00e4hlt haben. So k\u00f6nnen Sie sicher sein, dass Sie die richtige Wahl treffen. <\/p>\n<p>Bitte beachten Sie, dass die Promo-Codes nicht kumulierbar sind und der Rabatt auf Ihrer Bestellung sichtbar ist.<\/p>\n","protected":false},"excerpt":{"rendered":"<p>F\u00fcr alle Ihre Ausstellungen werden Ihnen diese Gitter einzeln oder im 3er-Pack gute Dienste leisten.<\/p>\n<p>Zahlreiche Anzeigeoptionen mit <strong><span style=\"color: #800000;\"><a style=\"color: #800000;\" href=\"https:\/\/cdiffprom.ch\/produit\/10-crochets-de-suspension-avec-pince\/\">Haken<\/a><\/span><\/strong>, <strong><span style=\"color: #800000;\"><a style=\"color: #800000;\" href=\"https:\/\/cdiffprom.ch\/produit\/porte-visuels-plexiglass-rigides\/\">Plexiglasrahmen<\/a><\/span><\/strong> oder auch <strong><span style=\"color: #800000;\"><a style=\"color: #800000;\" href=\"https:\/\/cdiffprom.ch\/produit\/cadres-affichage-clic-clac-couleurs\/\">farbige Plakatrahmen<\/a><\/span><\/strong>.<\/p>\n<p>Sind Sie sich nicht sicher? <strong><span style=\"color: #800000;\"><a style=\"color: #800000;\" href=\"https:\/\/cdiffprom.ch\/elements\/contactez-nous\/\">Kontaktieren Sie uns unter<\/a><\/span><\/strong>Wir werden gemeinsam eine L\u00f6sung finden.<\/p>\n<p>&nbsp;<\/p>\n","protected":false},"featured_media":103882,"template":"","meta":{"slim_seo":{"title":"Ausstellungsgitter schwarz H 200 x L 100 cm - Suisse - C.Diff-Prom","description":"F\u00fcr alle Ihre Ausstellungen werden Ihnen diese Gitter einzeln oder im 3er-Pack gute Dienste leisten. Zahlreiche Anzeigeoptionen mit Haken , Plexiglasrahmen oder"}},"product_brand":[],"product_cat":[6362,6363],"product_tag":[6703],"class_list":{"0":"post-106668","1":"product","2":"type-product","3":"status-publish","4":"has-post-thumbnail","6":"product_cat-ausstellungen","7":"product_cat-ausstellungsgitter","8":"product_tag-schilder-und-gitter","10":"first","11":"instock","12":"taxable","13":"shipping-taxable","14":"purchasable","15":"product-type-variable"},"_links":{"self":[{"href":"https:\/\/cdiffprom.ch\/de\/wp-json\/wp\/v2\/product\/106668","targetHints":{"allow":["GET"]}}],"collection":[{"href":"https:\/\/cdiffprom.ch\/de\/wp-json\/wp\/v2\/product"}],"about":[{"href":"https:\/\/cdiffprom.ch\/de\/wp-json\/wp\/v2\/types\/product"}],"wp:featuredmedia":[{"embeddable":true,"href":"https:\/\/cdiffprom.ch\/de\/wp-json\/wp\/v2\/media\/103882"}],"wp:attachment":[{"href":"https:\/\/cdiffprom.ch\/de\/wp-json\/wp\/v2\/media?parent=106668"}],"wp:term":[{"taxonomy":"product_brand","embeddable":true,"href":"https:\/\/cdiffprom.ch\/de\/wp-json\/wp\/v2\/product_brand?post=106668"},{"taxonomy":"product_cat","embeddable":true,"href":"https:\/\/cdiffprom.ch\/de\/wp-json\/wp\/v2\/product_cat?post=106668"},{"taxonomy":"product_tag","embeddable":true,"href":"https:\/\/cdiffprom.ch\/de\/wp-json\/wp\/v2\/product_tag?post=106668"}],"curies":[{"name":"wp","href":"https:\/\/api.w.org\/{rel}","templated":true}]}}