{"id":106669,"date":"2019-07-26T12:20:34","date_gmt":"2019-07-26T10:20:34","guid":{"rendered":"https:\/\/cdiffprom.ch\/produit\/weisses-wirtschaftliches-ausstellungsgitter\/"},"modified":"2019-07-26T12:20:34","modified_gmt":"2019-07-26T10:20:34","slug":"weisses-wirtschaftliches-ausstellungsgitter","status":"publish","type":"product","link":"https:\/\/cdiffprom.ch\/de\/produit\/weisses-wirtschaftliches-ausstellungsgitter\/","title":{"rendered":"Wei\u00dfes wirtschaftliches Ausstellungsgitter"},"content":{"rendered":"<h3><span style=\"color: #800000;\"><strong>Wei\u00dfes wirtschaftliches Ausstellungsgitter<\/strong><\/span><\/h3>\n<p>Dieses kosteng\u00fcnstige wei\u00dfe Ausstellungsgitter ist ein ideales System f\u00fcr Ihre Ausstellungen oder Messen. Es eignet sich auch hervorragend f\u00fcr die Dekoration eines Schaufensters, um Informationen oder Mitteilungen an Ihre Kunden auf originelle Weise zu pr\u00e4sentieren. <\/p>\n<p>Die Befestigung kann an der Wand oder auf einem St\u00e4nder erfolgen. Wenn Sie mehrere Gitter zusammenstellen m\u00f6chten, k\u00f6nnen Sie dies mit Hilfe von Zubeh\u00f6r tun, das Sie separat bestellen m\u00fcssen. <\/p>\n<p><span style=\"color: #800000;\"><strong>Merkmale :<\/strong><\/span><\/p>\n<ul>\n<li>H 200 x L 40<\/li>\n<li>Gewicht 6 kg<\/li>\n<li>Gitter einzeln verkauft<\/li>\n<li>Struktur aus sehr steifem und robustem Metalldraht, wei\u00df lackiert<\/li>\n<li>Durchmesser 8 mm mit einer inneren Masche von 5 x 5 cm<\/li>\n<\/ul>\n<p><span style=\"color: #800000;\"><strong>Lieferbedingungen :<\/strong><br \/>\n<\/span><\/p>\n<p>Alle unsere Produkte sind innerhalb von 10 Tagen nach Eingang Ihrer Bestellung lieferbar. Bitte z\u00f6gern Sie nicht, uns zu kontaktieren. <span style=\"color: #800000;\"><u><a style=\"color: #800000;\" href=\"https:\/\/cdiffprom.ch\/elements\/contactez-nous\/\">uns zu kontaktieren.<\/a><\/u><\/span> Wenn Sie einen dringenderen Bedarf haben, k\u00f6nnen wir Ihnen immer eine schnellere L\u00f6sung anbieten. <\/p>\n<p>Einige Artikel k\u00f6nnen eine l\u00e4ngere Lieferzeit in Anspruch nehmen, da sie nicht auf Lager unseres Lieferanten sind. In diesem Fall werden Sie nach Eingang Ihrer Bestellung benachrichtigt. <\/p>\n<p>Wir liefern versandkostenfrei ab einem Bestellwert von CHF. 500.-. Unterhalb dieses Betrags wird eine Pauschale von CHF. 15,90 zu entrichten. <\/p>\n<p>Bei allen Online-Bestellungen f\u00fchren wir immer einen Telefonanruf durch, um sicherzustellen, dass Sie das richtige Produkt f\u00fcr Ihre Bed\u00fcrfnisse ausgew\u00e4hlt haben. So k\u00f6nnen Sie sicher sein, dass Sie die richtige Wahl treffen. <\/p>\n<p>Bitte beachten Sie, dass die Promo-Codes nicht kumulierbar sind und der Rabatt auf Ihrer Bestellung sichtbar ist.<\/p>\n","protected":false},"excerpt":{"rendered":"<p>F\u00fcr alle Ihre Ausstellungen wird Ihnen dieses 200 cm hohe und 40 cm breite Gitter gute Dienste leisten.<\/p>\n","protected":false},"featured_media":102522,"template":"","meta":{"slim_seo":{"title":"Wei\u00dfes wirtschaftliches Ausstellungsgitter - Suisse - C.Diff-Prom","description":"F\u00fcr alle Ihre Ausstellungen wird Ihnen dieses 200 cm hohe und 40 cm breite Gitter gute Dienste leisten."}},"product_brand":[],"product_cat":[6362,6363],"product_tag":[6703],"class_list":{"0":"post-106669","1":"product","2":"type-product","3":"status-publish","4":"has-post-thumbnail","6":"product_cat-ausstellungen","7":"product_cat-ausstellungsgitter","8":"product_tag-schilder-und-gitter","10":"first","11":"instock","12":"taxable","13":"shipping-taxable","14":"purchasable","15":"product-type-simple"},"_links":{"self":[{"href":"https:\/\/cdiffprom.ch\/de\/wp-json\/wp\/v2\/product\/106669","targetHints":{"allow":["GET"]}}],"collection":[{"href":"https:\/\/cdiffprom.ch\/de\/wp-json\/wp\/v2\/product"}],"about":[{"href":"https:\/\/cdiffprom.ch\/de\/wp-json\/wp\/v2\/types\/product"}],"wp:featuredmedia":[{"embeddable":true,"href":"https:\/\/cdiffprom.ch\/de\/wp-json\/wp\/v2\/media\/102522"}],"wp:attachment":[{"href":"https:\/\/cdiffprom.ch\/de\/wp-json\/wp\/v2\/media?parent=106669"}],"wp:term":[{"taxonomy":"product_brand","embeddable":true,"href":"https:\/\/cdiffprom.ch\/de\/wp-json\/wp\/v2\/product_brand?post=106669"},{"taxonomy":"product_cat","embeddable":true,"href":"https:\/\/cdiffprom.ch\/de\/wp-json\/wp\/v2\/product_cat?post=106669"},{"taxonomy":"product_tag","embeddable":true,"href":"https:\/\/cdiffprom.ch\/de\/wp-json\/wp\/v2\/product_tag?post=106669"}],"curies":[{"name":"wp","href":"https:\/\/api.w.org\/{rel}","templated":true}]}}