{"id":106674,"date":"2019-07-26T12:20:34","date_gmt":"2019-07-26T10:20:34","guid":{"rendered":"https:\/\/cdiffprom.ch\/produit\/weisses-ausstellungsgitter-200x100cm\/"},"modified":"2019-07-26T12:20:34","modified_gmt":"2019-07-26T10:20:34","slug":"weisses-ausstellungsgitter-200x100cm","status":"publish","type":"product","link":"https:\/\/cdiffprom.ch\/de\/produit\/weisses-ausstellungsgitter-200x100cm\/","title":{"rendered":"Wei\u00dfes Ausstellungsgitter 200x100cm"},"content":{"rendered":"<h3><span style=\"color: #800000;\"><strong>Wei\u00dfes Ausstellungsgitter 200x100cm<\/strong><\/span><\/h3>\n<p>Dieses wei\u00dfe Ausstellungsgitter 200x100cm ist ein ideales System zur Hervorhebung Ihrer Ausstellungs- oder Messefl\u00e4chen f\u00fcr die Anzeige Ihrer Informationen. Dar\u00fcber hinaus eignet es sich auch zur Abgrenzung von Bereichen. <\/p>\n<p>Die Installation kann von Ihnen selbst vorgenommen werden:<\/p>\n<ul>\n<li>einzeln mit einem Paar Sockel<\/li>\n<li>in Verbindung mit mehreren Gittern mit bidirektionalen oder dreidirektionalen Verbindungen.<\/li>\n<\/ul>\n<p>Vergessen Sie nicht, das Installationszubeh\u00f6r zu bestellen. Die Sockel und die bidirektionalen oder tridirektionalen Verbindungen werden paarweise angeboten. Die Verbindungspaare bestehen aus einem oberen und einem unteren Element. <\/p>\n<h4><span style=\"color: #800000;\"><strong>Merkmale :<\/strong><\/span><\/h4>\n<ul>\n<li>Wird pro Einheit verkauft<\/li>\n<li>Sofortige Einrichtung ohne Werkzeug<\/li>\n<li>Sehr stabil<\/li>\n<li>4 mm Drahtgitter, 5 x 5 cm Maschenweite<\/li>\n<li>G\u00fcrtel aus 2 x 2 cm Vierkantrohr, hochfest wei\u00df epoxidbeschichtet<\/li>\n<li>Zahlreiche optionale Zubeh\u00f6rteile sind auf Anfrage erh\u00e4ltlich<\/li>\n<\/ul>\n<p><span style=\"color: #800000;\"><strong>Lieferbedingungen :<br \/>\n<\/strong><\/span><\/p>\n<p>Alle unsere Produkte sind innerhalb von 10 Tagen nach Eingang Ihrer Bestellung lieferbar. Bitte z\u00f6gern Sie nicht, uns zu kontaktieren. <u><a href=\"https:\/\/cdiffprom.ch\/elements\/contactez-nous\/\"><span style=\"color: #800000;\">uns zu kontaktieren.<\/span><\/a><\/u> Wenn Sie einen dringenderen Bedarf haben, k\u00f6nnen wir Ihnen immer eine schnellere L\u00f6sung anbieten. <\/p>\n<p>Einige Artikel k\u00f6nnen eine l\u00e4ngere Lieferzeit in Anspruch nehmen, da sie nicht auf Lager unseres Lieferanten sind. In diesem Fall werden Sie nach Eingang Ihrer Bestellung benachrichtigt. <\/p>\n<p>Wir liefern versandkostenfrei ab einem Bestellwert von CHF. 500.-. Unterhalb dieses Betrags wird eine Pauschale von CHF. 15,90 zu entrichten. <\/p>\n<p>Bei allen Online-Bestellungen f\u00fchren wir immer einen Telefonanruf durch, um sicherzustellen, dass Sie das richtige Produkt f\u00fcr Ihre Bed\u00fcrfnisse ausgew\u00e4hlt haben. So k\u00f6nnen Sie sicher sein, dass Sie die richtige Wahl treffen. <\/p>\n<p>Bitte beachten Sie, dass die Promo-Codes nicht kumulierbar sind und der Rabatt auf Ihrer Bestellung sichtbar ist.<\/p>\n","protected":false},"excerpt":{"rendered":"<p>F\u00fcr Ihre Ausstellungsr\u00e4ume, Ihre Schaufenster!<\/p>\n<p>Besuchen Sie auch unsere Seite &#8222;Schaufenster&#8220;. <strong><span style=\"color: #993300;\"><a style=\"color: #993300;\" href=\"https:\/\/cdiffprom.ch\/product-category\/exposition-et-panneaux\/accessoires-pour-grilles-exposition-et-panneaux\/\">Seite Zubeh\u00f6r f\u00fcr Gitter.<\/a><\/span><\/strong> f\u00fcr Regale und spezielle Displaysysteme.<\/p>\n<p>Vergessen Sie nicht die Sockel und Verbindungsst\u00fccke, die Ihren Installationsw\u00fcnschen entsprechen.<\/p>\n<p>Denken Sie auch an unseren <span style=\"color: #993300;\"><strong><a style=\"color: #993300;\" href=\"https:\/\/cdiffprom.ch\/produit\/chariot-de-transport-pour-grilles\/\">Transportwagen<\/a><\/strong><\/span> um sie zwischen zwei Nutzungen zu lagern<\/p>\n","protected":false},"featured_media":102520,"template":"","meta":{"slim_seo":{"title":"Wei\u00dfes Ausstellungsgitter 200x100cm - Suisse - C.Diff-Prom","description":"F\u00fcr Ihre Ausstellungsr\u00e4ume, Ihre Schaufenster! Besuchen Sie auch unsere Seite \"Schaufenster\". Seite Zubeh\u00f6r f\u00fcr Gitter. f\u00fcr Regale und spezielle Displaysysteme."}},"product_brand":[],"product_cat":[6362,6363],"product_tag":[6703],"class_list":{"0":"post-106674","1":"product","2":"type-product","3":"status-publish","4":"has-post-thumbnail","6":"product_cat-ausstellungen","7":"product_cat-ausstellungsgitter","8":"product_tag-schilder-und-gitter","10":"first","11":"instock","12":"taxable","13":"shipping-taxable","14":"purchasable","15":"product-type-variable"},"_links":{"self":[{"href":"https:\/\/cdiffprom.ch\/de\/wp-json\/wp\/v2\/product\/106674","targetHints":{"allow":["GET"]}}],"collection":[{"href":"https:\/\/cdiffprom.ch\/de\/wp-json\/wp\/v2\/product"}],"about":[{"href":"https:\/\/cdiffprom.ch\/de\/wp-json\/wp\/v2\/types\/product"}],"wp:featuredmedia":[{"embeddable":true,"href":"https:\/\/cdiffprom.ch\/de\/wp-json\/wp\/v2\/media\/102520"}],"wp:attachment":[{"href":"https:\/\/cdiffprom.ch\/de\/wp-json\/wp\/v2\/media?parent=106674"}],"wp:term":[{"taxonomy":"product_brand","embeddable":true,"href":"https:\/\/cdiffprom.ch\/de\/wp-json\/wp\/v2\/product_brand?post=106674"},{"taxonomy":"product_cat","embeddable":true,"href":"https:\/\/cdiffprom.ch\/de\/wp-json\/wp\/v2\/product_cat?post=106674"},{"taxonomy":"product_tag","embeddable":true,"href":"https:\/\/cdiffprom.ch\/de\/wp-json\/wp\/v2\/product_tag?post=106674"}],"curies":[{"name":"wp","href":"https:\/\/api.w.org\/{rel}","templated":true}]}}