{"id":106675,"date":"2019-07-26T12:20:32","date_gmt":"2019-07-26T10:20:32","guid":{"rendered":"https:\/\/cdiffprom.ch\/produit\/bewegliche-anzeige-und-schreibtafel\/"},"modified":"2019-07-26T12:20:32","modified_gmt":"2019-07-26T10:20:32","slug":"bewegliche-anzeige-und-schreibtafel","status":"publish","type":"product","link":"https:\/\/cdiffprom.ch\/de\/produit\/bewegliche-anzeige-und-schreibtafel\/","title":{"rendered":"Bewegliche Anzeige- und Schreibtafel"},"content":{"rendered":"<h3><span style=\"color: #800000;\"><strong>Bewegliche Anzeige- und Schreibtafel<\/strong><\/span><\/h3>\n<p>Diese mobile Pinnwand ist ein ideales Medium, um Ihre Informationen auf einfache Weise zu kommunizieren! Dank seiner R\u00e4der kann es leicht f\u00fcr Konferenzen, Versammlungen und Ausstellungen transportiert werden. <\/p>\n<p>Je nach Ihren Bed\u00fcrfnissen k\u00f6nnen Sie aus verschiedenen Arten von Paneelen w\u00e4hlen, H 200 x B 130 cm :<\/p>\n<ul>\n<li>Kork, mit Rei\u00dfzwecken verwendbar, Gewicht 20 kg<\/li>\n<li>Filz, blau oder grau, mit Rei\u00dfzwecken verwendbar, Gewicht 21 kg<\/li>\n<li>wei\u00df, beschreibbar und magnetisch, Gewicht 39 kg<\/li>\n<\/ul>\n<p>Zur Information: Die Nutzung dieser Anzeigetafel ist beidseitig m\u00f6glich.<\/p>\n<p>Die Beine sind aus pulverbeschichtetem Metall in Mittelgrau und mit Rollen ausgestattet, von denen 2 gebremst sind.<\/p>\n<p>Die Montage und Demontage dieses Paneels ist mit Hilfe des mitgelieferten Schl\u00fcssels sehr einfach.<\/p>\n<h4><strong><span style=\"color: #800000;\">Lieferbedingungen :<br \/>\n<\/span><\/strong><\/h4>\n<p>Alle unsere Produkte sind innerhalb von 10 Tagen nach Eingang Ihrer Bestellung lieferbar. Bitte z\u00f6gern Sie nicht, uns zu kontaktieren. <span style=\"color: #800000;\"><u><a style=\"color: #800000;\" href=\"https:\/\/cdiffprom.ch\/elements\/contactez-nous\/\">uns zu kontaktieren.<\/a><\/u><\/span> Wenn Sie einen dringenderen Bedarf haben, k\u00f6nnen wir Ihnen immer eine schnellere L\u00f6sung anbieten. <\/p>\n<p>Einige Artikel k\u00f6nnen eine l\u00e4ngere Lieferzeit in Anspruch nehmen, da sie nicht auf Lager unseres Lieferanten sind. In diesem Fall werden Sie nach Eingang Ihrer Bestellung benachrichtigt. <\/p>\n<p>Wir liefern versandkostenfrei ab einem Bestellwert von CHF. 500.-. Unterhalb dieses Betrags wird eine Pauschale von CHF. 15,90 zu entrichten. <\/p>\n<p>Bei allen Online-Bestellungen f\u00fchren wir immer einen Telefonanruf durch, um sicherzustellen, dass Sie das richtige Produkt f\u00fcr Ihre Bed\u00fcrfnisse ausgew\u00e4hlt haben. So k\u00f6nnen Sie sicher sein, dass Sie die richtige Wahl treffen. <\/p>\n<p>Bitte beachten Sie, dass die Promo-Codes nicht kumulierbar sind und der Rabatt auf Ihrer Bestellung sichtbar ist.<\/p>\n<p>&nbsp;<\/p>\n<p>&nbsp;<\/p>\n<p>&nbsp;<\/p>\n<p>&nbsp;<\/p>\n","protected":false},"excerpt":{"rendered":"<p>Vielseitig, mobil, zum Schreiben, Kommunizieren, Anzeigen von Informationen an jedem Ort!<\/p>\n","protected":false},"featured_media":102510,"template":"","meta":{"slim_seo":{"title":"Bewegliche Anzeige- und Schreibtafel - Suisse - C.Diff-Prom","description":"Vielseitig, mobil, zum Schreiben, Kommunizieren, Anzeigen von Informationen an jedem Ort!"}},"product_brand":[],"product_cat":[6362,6363],"product_tag":[6703],"class_list":{"0":"post-106675","1":"product","2":"type-product","3":"status-publish","4":"has-post-thumbnail","6":"product_cat-ausstellungen","7":"product_cat-ausstellungsgitter","8":"product_tag-schilder-und-gitter","9":"pa_couleurs-blauer-filz","10":"pa_couleurs-grauer-filz","11":"pa_couleurs-luettich","12":"pa_couleurs-magnetisch-weiss","14":"first","15":"instock","16":"taxable","17":"shipping-taxable","18":"purchasable","19":"product-type-variable"},"_links":{"self":[{"href":"https:\/\/cdiffprom.ch\/de\/wp-json\/wp\/v2\/product\/106675","targetHints":{"allow":["GET"]}}],"collection":[{"href":"https:\/\/cdiffprom.ch\/de\/wp-json\/wp\/v2\/product"}],"about":[{"href":"https:\/\/cdiffprom.ch\/de\/wp-json\/wp\/v2\/types\/product"}],"wp:featuredmedia":[{"embeddable":true,"href":"https:\/\/cdiffprom.ch\/de\/wp-json\/wp\/v2\/media\/102510"}],"wp:attachment":[{"href":"https:\/\/cdiffprom.ch\/de\/wp-json\/wp\/v2\/media?parent=106675"}],"wp:term":[{"taxonomy":"product_brand","embeddable":true,"href":"https:\/\/cdiffprom.ch\/de\/wp-json\/wp\/v2\/product_brand?post=106675"},{"taxonomy":"product_cat","embeddable":true,"href":"https:\/\/cdiffprom.ch\/de\/wp-json\/wp\/v2\/product_cat?post=106675"},{"taxonomy":"product_tag","embeddable":true,"href":"https:\/\/cdiffprom.ch\/de\/wp-json\/wp\/v2\/product_tag?post=106675"}],"curies":[{"name":"wp","href":"https:\/\/api.w.org\/{rel}","templated":true}]}}