{"id":106684,"date":"2019-07-26T12:24:22","date_gmt":"2019-07-26T10:24:22","guid":{"rendered":"https:\/\/cdiffprom.ch\/produit\/faltbare-ausstellungsstaende-mit-6-oder-8-tafeln\/"},"modified":"2019-07-26T12:24:22","modified_gmt":"2019-07-26T10:24:22","slug":"faltbare-ausstellungsstaende-mit-6-oder-8-tafeln","status":"publish","type":"product","link":"https:\/\/cdiffprom.ch\/de\/produit\/faltbare-ausstellungsstaende-mit-6-oder-8-tafeln\/","title":{"rendered":"Faltbare Ausstellungsst\u00e4nde mit 6 oder 8 Tafeln"},"content":{"rendered":"<h3><span style=\"color: #800000;\"><strong>Faltbare Ausstellungsst\u00e4nde mit 6 oder 8 Tafeln<\/strong><\/span><\/h3>\n<ul>\n<li>Verwendung f\u00fcr Ihre Kommunikation und Ausstellungen<\/li>\n<li>Doppelseitiges, zweifarbiges Display<\/li>\n<li>Der Auf- und Abbau erfolgt ultraschnell und ohne Werkzeug.<\/li>\n<li>M\u00f6glichkeit der Ausstellung ganz in Blau, ganz in Grau oder 1\/2 Grau 1\/2 Blau<\/li>\n<li>Klettverschluss oder Rei\u00dfzwecken aus Kunststoff<\/li>\n<li>15 mm dickes, feuerfestes, abwaschbares, strapazierf\u00e4higes, doppelseitiges, zweifarbiges Gewebe (1 Seite royalblau, 1 Seite hellgrau), mit schwarzen Kunststoffprofilen, die mit Clips und Scharnieren befestigt sind.<\/li>\n<\/ul>\n<h4><strong><span style=\"color: #800000;\">Abmessungen Stand 6 Paneele<\/span><\/strong><\/h4>\n<ul>\n<li>90 x 60 cm gro\u00dfe Paneele<\/li>\n<li>1 Schild 25 x 60 cm<\/li>\n<li>montiert, H\u00f6he 180 x L\u00e4nge 180, Schild H\u00f6he 25 cm<\/li>\n<li>zusammengeklappt in der Tasche, H\u00f6he 62 cm, L\u00e4nge 92 bei einer Dicke von 12 cm<\/li>\n<li>sein Gesamtgewicht betr\u00e4gt 9 kg<\/li>\n<\/ul>\n<h4><strong><span style=\"color: #800000;\">Abmessungen Stand 8 Paneele<\/span><\/strong><\/h4>\n<ul>\n<li>90 x 60 cm gro\u00dfe Paneele<\/li>\n<li>2 Schilder von 25 x 60 cm<\/li>\n<li>montiert, H\u00f6he 180 x L\u00e4nge 240, 2 Schilder, H\u00f6he 25 cm<\/li>\n<li>zusammengeklappt in der Tasche, H\u00f6he 65 cm, L\u00e4nge 92 bei einer Dicke von 16 cm<\/li>\n<li>sein Gesamtgewicht betr\u00e4gt 13 kg<\/li>\n<\/ul>\n<p>Diese 6- oder 8-teiligen Faltdisplays sind die ideale L\u00f6sung f\u00fcr Ihre verschiedenen Veranstaltungen wie Messen, Ausstellungen oder Ausstellungen. Sie ziehen die Aufmerksamkeit potentieller Kunden auf sich und sorgen f\u00fcr eine gute Sichtbarkeit. <\/p>\n<p>Dank der mitgelieferten Tasche und des einfachen Aufbaus k\u00f6nnen Sie den Stand leicht \u00fcberall hin mitnehmen.<\/p>\n<p>Mit diesen beiden M\u00f6glichkeiten f\u00fcr Paneele werden Sie sicherlich den Stand finden, der Ihren Bed\u00fcrfnissen am besten entspricht. Wenn Sie nicht sicher sind,<span style=\"color: #800000;\"><a style=\"color: #800000;\" href=\"https:\/\/cdiffprom.ch\/elements\/contactez-nous\/\"> kontaktieren Sie uns bitte<\/a><\/span>und wir werden Sie beraten. <\/p>\n<p>&nbsp;<\/p>\n<p>&nbsp;<\/p>\n","protected":false},"excerpt":{"rendered":"<p>Zusammengefaltet in der Tasche kann er \u00fcberall hin mitgenommen werden.<\/p>\n","protected":false},"featured_media":103778,"template":"","meta":{"slim_seo":{"title":"Faltbare Ausstellungsst\u00e4nde mit 6 oder 8 Tafeln - Suisse - C.Diff-Prom","description":"Zusammengefaltet in der Tasche kann er \u00fcberall hin mitgenommen werden."}},"product_brand":[],"product_cat":[6362,6706,6707,6388,6357],"product_tag":[6708,6709],"class_list":{"0":"post-106684","1":"product","2":"type-product","3":"status-publish","4":"has-post-thumbnail","6":"product_cat-ausstellungen","7":"product_cat-faltbare-auslagen","8":"product_cat-faltbare-tafeln","9":"product_cat-presentoirs","10":"product_cat-standtheken","11":"product_tag-faltbare-displays","12":"product_tag-faltbare-tafeln","14":"first","15":"instock","16":"taxable","17":"shipping-taxable","18":"purchasable","19":"product-type-variable"},"_links":{"self":[{"href":"https:\/\/cdiffprom.ch\/de\/wp-json\/wp\/v2\/product\/106684","targetHints":{"allow":["GET"]}}],"collection":[{"href":"https:\/\/cdiffprom.ch\/de\/wp-json\/wp\/v2\/product"}],"about":[{"href":"https:\/\/cdiffprom.ch\/de\/wp-json\/wp\/v2\/types\/product"}],"wp:featuredmedia":[{"embeddable":true,"href":"https:\/\/cdiffprom.ch\/de\/wp-json\/wp\/v2\/media\/103778"}],"wp:attachment":[{"href":"https:\/\/cdiffprom.ch\/de\/wp-json\/wp\/v2\/media?parent=106684"}],"wp:term":[{"taxonomy":"product_brand","embeddable":true,"href":"https:\/\/cdiffprom.ch\/de\/wp-json\/wp\/v2\/product_brand?post=106684"},{"taxonomy":"product_cat","embeddable":true,"href":"https:\/\/cdiffprom.ch\/de\/wp-json\/wp\/v2\/product_cat?post=106684"},{"taxonomy":"product_tag","embeddable":true,"href":"https:\/\/cdiffprom.ch\/de\/wp-json\/wp\/v2\/product_tag?post=106684"}],"curies":[{"name":"wp","href":"https:\/\/api.w.org\/{rel}","templated":true}]}}