{"id":106685,"date":"2019-07-26T12:20:32","date_gmt":"2019-07-26T10:20:32","guid":{"rendered":"https:\/\/cdiffprom.ch\/produit\/modulare-paneele-gitter\/"},"modified":"2019-07-26T12:20:32","modified_gmt":"2019-07-26T10:20:32","slug":"modulare-paneele-gitter","status":"publish","type":"product","link":"https:\/\/cdiffprom.ch\/de\/produit\/modulare-paneele-gitter\/","title":{"rendered":"Modulare Paneele &amp; Gitter"},"content":{"rendered":"<h3><span style=\"color: #993300;\"><strong>Modulare Paneele und Gitter<\/strong><\/span><\/h3>\n<p>Mit unseren modularen Paneelen und Gittern k\u00f6nnen Sie die Elemente zusammenstellen, um Ihre perfekte Ausstellung f\u00fcr viele Gelegenheiten zu gestalten.<\/p>\n<p>Sie k\u00f6nnen Ihre Ausstellung mit Hilfe der verschiedenen Arten von Schildern und Gittern, die wir Ihnen mit einer Vielzahl von Zubeh\u00f6r zur Verf\u00fcgung stellen, leicht zusammenstellen. <strong><span style=\"color: #993300;\"><a style=\"color: #993300;\" href=\"https:\/\/cdiffprom.ch\/product-category\/exposition-et-panneaux\/accessoires-pour-grilles-exposition-et-panneaux\/\">Wir bieten Ihnen auch zahlreiche Zubeh\u00f6rteile an.<\/a><\/span><\/strong> Diese finden Sie unter diesem Link, um Ihre Einrichtung zu vervollst\u00e4ndigen.<\/p>\n<p>Wenn Sie m\u00f6chten, k\u00f6nnen Sie die Gitter, aber nur die Gitter, mit Hilfe der F\u00fc\u00dfe, die Sie hier finden, individuell montieren.<strong><span style=\"color: #993300;\"><a style=\"color: #993300;\" href=\"https:\/\/cdiffprom.ch\/produit\/pied-pour-grille-dexposition\/\"> finden Sie hier<\/a><\/span><\/strong><\/p>\n<ul>\n<li>Modularer Satz von Paneelen und Gittern, umwandelbar und erweiterbar, f\u00fcr eine Verwendung in der Breite oder in der H\u00f6he.<\/li>\n<li>Kork, doppelseitige Paneele mit einem 19 mm dicken Rahmen aus nat\u00fcrlichem eloxiertem Aluminium.<\/li>\n<li>Filz, blaue und graue Tafeln, beidseitig bedruckt, pinnbar oder mit Klettverschluss auf Filz.<\/li>\n<li>Magnetische wei\u00dfe Tafeln f\u00fcr eine mit einem trockenen Tuch abwischbare Schrift.<\/li>\n<li>Gitter aus pulverbeschichtetem Metall, alugrau, Maschenweite 65 x 100 mm.<\/li>\n<li><strong><span style=\"color: #993300;\"><a style=\"color: #993300;\" href=\"https:\/\/cdiffprom.ch\/produit\/poteau-pour-grilles-cloisons\/\">Die Metallpfosten (2 Modelle)<\/a><\/span><\/strong> sind alugrau pulverbeschichtet, H\u00f6he 200 cm.<\/li>\n<li>Die Paneele und Gitter werden mit Hilfe von Klammern an den Pfosten befestigt. <strong><span style=\"color: #993300;\"><a style=\"color: #993300;\" href=\"https:\/\/cdiffprom.ch\/produit\/pied-pour-grille-dexposition\/\">Die Pfosten werden mit Klemmbacken befestigt.<\/a><\/span><\/strong><\/li>\n<li>Maximale Gr\u00f6\u00dfe der Paneele 120 x 180 cm<\/li>\n<li>In dieser Konfiguration werden die Paneele und Gitter mit den Klauen f\u00fcr die Montage an den Pfosten geliefert.<\/li>\n<\/ul>\n<p>Z\u00f6gern Sie nicht, uns mit Ihrer ersten Montage zu beauftragen.<\/p>\n<h4><span style=\"color: #993300;\"><strong>Lieferbedingungen<\/strong><\/span><\/h4>\n<p>Alle unsere Produkte sind innerhalb von 10 Tagen nach Eingang Ihrer Bestellung lieferbar. Bitte z\u00f6gern Sie nicht, uns zu kontaktieren.<span style=\"color: #993300;\"> <strong><a style=\"color: #993300;\" href=\"https:\/\/cdiffprom.ch\/elements\/contactez-nous\/\">uns zu kontaktieren.<\/a><\/strong> <\/span>Wenn Sie einen dringenderen Bedarf haben, k\u00f6nnen wir Ihnen immer eine schnellere L\u00f6sung anbieten. <\/p>\n<p>Einige Artikel k\u00f6nnen eine l\u00e4ngere Lieferzeit in Anspruch nehmen, da sie nicht auf Lager unseres Lieferanten sind. In diesem Fall werden Sie nach Eingang Ihrer Bestellung benachrichtigt. <\/p>\n<p>Wir liefern versandkostenfrei ab einem Bestellwert von CHF. 500.-. Unterhalb dieses Betrags wird eine Pauschale von CHF. 15,90 zu entrichten. <\/p>\n<p>Bei allen Online-Bestellungen f\u00fchren wir immer einen Telefonanruf durch, um sicherzustellen, dass Sie das richtige Produkt f\u00fcr Ihre Bed\u00fcrfnisse ausgew\u00e4hlt haben. So k\u00f6nnen Sie sicher sein, dass Sie die richtige Wahl treffen. <\/p>\n","protected":false},"excerpt":{"rendered":"<p>Gro\u00dfe Auswahl an Qualit\u00e4t: Korkschilder, grauer oder blauer Filz, wei\u00df lackierte Magnetschilder oder Expo-Gitter!<\/p>\n<p>Besuchen Sie auch unsere Seite <span style=\"color: #993300;\"><strong><a style=\"color: #993300;\" href=\"https:\/\/cdiffprom.ch\/product-category\/exposition-et-panneaux\/accessoires-pour-grilles-exposition-et-panneaux\/\">Zubeh\u00f6r<\/a><\/strong><\/span> um Ihre Installation zu vervollst\u00e4ndigen<\/p>\n","protected":false},"featured_media":103732,"template":"","meta":{"slim_seo":{"title":"Modulare Paneele &amp; Gitter - Suisse - C.Diff-Prom","description":"Gro\u00dfe Auswahl an Qualit\u00e4t: Korkschilder, grauer oder blauer Filz, wei\u00df lackierte Magnetschilder oder Expo-Gitter! Besuchen Sie auch unsere Seite Zubeh\u00f6r um Ihre"}},"product_brand":[],"product_cat":[6362,6363],"product_tag":[6364,6703],"class_list":{"0":"post-106685","1":"product","2":"type-product","3":"status-publish","4":"has-post-thumbnail","6":"product_cat-ausstellungen","7":"product_cat-ausstellungsgitter","8":"product_tag-pos-materialien","9":"product_tag-schilder-und-gitter","10":"pa_dimensions-150-x-120-cm-de","11":"pa_dimensions-180-x-120-cm-de","12":"pa_dimensions-192-x-100-cm-de","13":"pa_dimensions-192-x-120-cm-de","14":"pa_dimensions-192-x-70-cm-de","15":"pa_dimensions-30-x-120-cm-de","16":"pa_dimensions-90-x-120-cm-de","18":"first","19":"instock","20":"taxable","21":"shipping-taxable","22":"purchasable","23":"product-type-variable"},"_links":{"self":[{"href":"https:\/\/cdiffprom.ch\/de\/wp-json\/wp\/v2\/product\/106685","targetHints":{"allow":["GET"]}}],"collection":[{"href":"https:\/\/cdiffprom.ch\/de\/wp-json\/wp\/v2\/product"}],"about":[{"href":"https:\/\/cdiffprom.ch\/de\/wp-json\/wp\/v2\/types\/product"}],"wp:featuredmedia":[{"embeddable":true,"href":"https:\/\/cdiffprom.ch\/de\/wp-json\/wp\/v2\/media\/103732"}],"wp:attachment":[{"href":"https:\/\/cdiffprom.ch\/de\/wp-json\/wp\/v2\/media?parent=106685"}],"wp:term":[{"taxonomy":"product_brand","embeddable":true,"href":"https:\/\/cdiffprom.ch\/de\/wp-json\/wp\/v2\/product_brand?post=106685"},{"taxonomy":"product_cat","embeddable":true,"href":"https:\/\/cdiffprom.ch\/de\/wp-json\/wp\/v2\/product_cat?post=106685"},{"taxonomy":"product_tag","embeddable":true,"href":"https:\/\/cdiffprom.ch\/de\/wp-json\/wp\/v2\/product_tag?post=106685"}],"curies":[{"name":"wp","href":"https:\/\/api.w.org\/{rel}","templated":true}]}}