{"id":106704,"date":"2019-07-26T12:27:39","date_gmt":"2019-07-26T10:27:39","guid":{"rendered":"https:\/\/cdiffprom.ch\/produit\/faltbares-display-mit-5-faechern\/"},"modified":"2019-07-26T12:27:39","modified_gmt":"2019-07-26T10:27:39","slug":"faltbares-display-mit-5-faechern","status":"publish","type":"product","link":"https:\/\/cdiffprom.ch\/de\/produit\/faltbares-display-mit-5-faechern\/","title":{"rendered":"Faltbares Display mit 5 F\u00e4chern"},"content":{"rendered":"<h3><span style=\"color: #800000;\"><strong>Faltbares Display mit 5 F\u00e4chern<\/strong><\/span><\/h3>\n<p>Dieses faltbare Display mit 5 F\u00e4chern ist in schwarz oder grau erh\u00e4ltlich. Es besteht aus Metall und ist mit einer widerstandsf\u00e4higen Epoxydharzlackierung versehen.<\/p>\n<p>Wenn Sie nur einige wenige Pressetitel haben, die Sie an einem einzigen Ort aufbewahren m\u00f6chten, ist dieses Display die ideale L\u00f6sung!<\/p>\n<p>Dar\u00fcber hinaus ist dieses Display leicht zu bewegen und kann z.B. im Eingangsbereich von Gesch\u00e4ften, Verkaufsstellen oder Reiseb\u00fcros aufgestellt werden. Er eignet sich auch hervorragend f\u00fcr Lebensmittelgesch\u00e4fte, die lokale Tageszeitungen anbieten. <\/p>\n<p>Mit den 5 F\u00e4chern ist es m\u00f6glich, ein Dutzend Publikationen optimal auszustellen.<\/p>\n<p>Dar\u00fcber hinaus ist der Abstand zwischen den Feldern mit 5 cm ausreichend f\u00fcr eine gro\u00dfe Anzahl von Unterlagen.<\/p>\n<p>Da der sichtbare Teil 15 cm hoch ist, bietet der Stand auf den vier F\u00fc\u00dfen eine ausgezeichnete Stabilit\u00e4t.<\/p>\n<h4><span style=\"color: #800000;\"><strong>Er ist ideal<\/strong><\/span> :<\/h4>\n<ul>\n<li>F\u00fcr die Gestaltung Ihrer Empfangsbereiche und Ausstellungsfl\u00e4chen<\/li>\n<li>F\u00fcr die einfache Pr\u00e4sentation und Verteilung von Dokumenten aller Formate, 5 vertikale F\u00e4cher mit Neigung<\/li>\n<\/ul>\n<h4><span style=\"color: #800000;\"><strong>Merkmale<\/strong><\/span> :<\/h4>\n<ul>\n<li>Maximale Breite der Dokumente 43 cm, permanente Sichtbarkeit 15 cm<\/li>\n<li>100 % Metall, epoxydisch lackiert<\/li>\n<li>Mattschwarz oder Alugrau<\/li>\n<li>Kapazit\u00e4t von 5 cm Dokumenten pro Ebene<\/li>\n<li>Das Gewicht betr\u00e4gt 10 kg.<\/li>\n<\/ul>\n<p>F\u00fcr weitere Informationen oder andere Ideen, z\u00f6gern Sie nicht, uns zu kontaktieren. <span style=\"color: #800000;\"><a style=\"color: #800000;\" href=\"https:\/\/cdiffprom.ch\/elements\/contactez-nous\/\">kontaktieren Sie uns bitte.<\/a><\/span>.<\/p>\n","protected":false},"excerpt":{"rendered":"<p>Sehr praktisch, gro\u00dfe Kapazit\u00e4t, f\u00fcr alle Formate von Brosch\u00fcren, Faltbl\u00e4ttern, er findet \u00fcberall seinen Platz!<\/p>\n","protected":false},"featured_media":102550,"template":"","meta":{"slim_seo":{"title":"Faltbares Display mit 5 F\u00e4chern - Suisse - C.Diff-Prom","description":"Sehr praktisch, gro\u00dfe Kapazit\u00e4t, f\u00fcr alle Formate von Brosch\u00fcren, Faltbl\u00e4ttern, er findet \u00fcberall seinen Platz!"}},"product_brand":[],"product_cat":[6362,6478,6401],"product_tag":[6717],"class_list":{"0":"post-106704","1":"product","2":"type-product","3":"status-publish","4":"has-post-thumbnail","6":"product_cat-ausstellungen","7":"product_cat-broschuren-und-zeitungsstander","8":"product_cat-zeitungsstander","9":"product_tag-transportable-displays","10":"pa_couleurs-grau-aluminium","11":"pa_couleurs-schwarz","12":"pa_specifications-5-felder","14":"first","15":"instock","16":"taxable","17":"shipping-taxable","18":"purchasable","19":"product-type-variable"},"_links":{"self":[{"href":"https:\/\/cdiffprom.ch\/de\/wp-json\/wp\/v2\/product\/106704","targetHints":{"allow":["GET"]}}],"collection":[{"href":"https:\/\/cdiffprom.ch\/de\/wp-json\/wp\/v2\/product"}],"about":[{"href":"https:\/\/cdiffprom.ch\/de\/wp-json\/wp\/v2\/types\/product"}],"wp:featuredmedia":[{"embeddable":true,"href":"https:\/\/cdiffprom.ch\/de\/wp-json\/wp\/v2\/media\/102550"}],"wp:attachment":[{"href":"https:\/\/cdiffprom.ch\/de\/wp-json\/wp\/v2\/media?parent=106704"}],"wp:term":[{"taxonomy":"product_brand","embeddable":true,"href":"https:\/\/cdiffprom.ch\/de\/wp-json\/wp\/v2\/product_brand?post=106704"},{"taxonomy":"product_cat","embeddable":true,"href":"https:\/\/cdiffprom.ch\/de\/wp-json\/wp\/v2\/product_cat?post=106704"},{"taxonomy":"product_tag","embeddable":true,"href":"https:\/\/cdiffprom.ch\/de\/wp-json\/wp\/v2\/product_tag?post=106704"}],"curies":[{"name":"wp","href":"https:\/\/api.w.org\/{rel}","templated":true}]}}