{"id":106717,"date":"2019-07-26T12:20:33","date_gmt":"2019-07-26T10:20:33","guid":{"rendered":"https:\/\/cdiffprom.ch\/produit\/metallisches-ausstellungsgitter-3-breiten\/"},"modified":"2019-07-26T12:20:33","modified_gmt":"2019-07-26T10:20:33","slug":"metallisches-ausstellungsgitter-3-breiten","status":"publish","type":"product","link":"https:\/\/cdiffprom.ch\/de\/produit\/metallisches-ausstellungsgitter-3-breiten\/","title":{"rendered":"Metallisches Ausstellungsgitter &#8211; 3 Breiten"},"content":{"rendered":"<h3><span style=\"color: #800000;\"><strong>Metallisches Ausstellungsgitter &#8211; 3 Breiten<\/strong><\/span><\/h3>\n<p>Dieses Ausstellungsgitter aus Metall &#8211; 3 Breiten ist ideal f\u00fcr Ihre Ausstellungen, Messen oder Animationen, um Ihre Informationen zu zeigen und zu diversifizieren.<\/p>\n<p>Aufgrund der drei verf\u00fcgbaren Breiten haben Sie die M\u00f6glichkeit, mehrere Gitter nach Bedarf zusammenzustellen (gleiche oder gemischte Breiten m\u00f6glich). Hierf\u00fcr ben\u00f6tigen Sie die folgenden Teile <a href=\"https:\/\/cdiffprom.ch\/produit\/pied-pour-grille-dexposition\/\"><span style=\"color: #800000;\">Gitter-zu-Gitter-Befestigungen<\/span><\/a> Diese k\u00f6nnen Sie \u00fcber den obigen Link ausw\u00e4hlen. <\/p>\n<p>Um Ihre Informationen aufh\u00e4ngen zu k\u00f6nnen, vergessen Sie bitte nicht, die entsprechenden Haken zu bestellen.<a href=\"https:\/\/cdiffprom.ch\/produit\/10-crochets-de-suspension-avec-pince\/\"><span style=\"color: #800000;\"> Aufh\u00e4ngehaken zu bestellen.<\/span><\/a><\/p>\n<p>F\u00fcr eine individuelle Montage, denken Sie bitte daran, eine Bestellung aufzugeben. <span style=\"color: #800000;\"><a style=\"color: #800000;\" href=\"https:\/\/cdiffprom.ch\/produit\/pied-pour-grille-dexposition\/\">die F\u00fc\u00dfe<\/a><\/span>.<\/p>\n<h4><span style=\"color: #800000;\"><strong>Merkmale :<\/strong><\/span><\/h4>\n<ul>\n<li>Gitter einzeln verkauft<\/li>\n<li>6,5 x 10 cm gro\u00dfe Masche aus Draht \u00d8 10 mm und Maschendraht \u00d8 4 mm, hochfest, pulverbeschichtet &#8222;Grau-Aluminium&#8220;.<\/li>\n<li>Eine H\u00f6he von 192 cm f\u00fcr alle 3 Modelle. 3 Breiten: 70 &#8211; 100 &#8211; 120 cm <\/li>\n<\/ul>\n<p><span style=\"color: #800000;\"><strong>Lieferbedingungen :<br \/>\n<\/strong><\/span><\/p>\n<p>Alle unsere Produkte sind innerhalb von 10 Tagen nach Eingang Ihrer Bestellung lieferbar. Bitte z\u00f6gern Sie nicht, uns zu kontaktieren. <u><a href=\"https:\/\/cdiffprom.ch\/elements\/contactez-nous\/\">uns zu kontaktieren.<\/a><\/u> Wenn Sie einen dringenderen Bedarf haben, k\u00f6nnen wir Ihnen immer eine schnellere L\u00f6sung anbieten. <\/p>\n<p>Einige Artikel k\u00f6nnen eine l\u00e4ngere Lieferzeit in Anspruch nehmen, da sie nicht auf Lager unseres Lieferanten sind. In diesem Fall werden Sie nach Eingang Ihrer Bestellung benachrichtigt. <\/p>\n<p>Wir liefern versandkostenfrei ab einem Bestellwert von CHF. 500.-. Unterhalb dieses Betrags wird eine Pauschale von CHF. 15,90 zu entrichten. <\/p>\n<p>Bei allen Online-Bestellungen f\u00fchren wir immer einen Telefonanruf durch, um sicherzustellen, dass Sie das richtige Produkt f\u00fcr Ihre Bed\u00fcrfnisse ausgew\u00e4hlt haben. So k\u00f6nnen Sie sicher sein, dass Sie die richtige Wahl treffen. <\/p>\n<p>Bitte beachten Sie, dass die Promo-Codes nicht kumulierbar sind und der Rabatt auf Ihrer Bestellung sichtbar ist.<\/p>\n","protected":false},"excerpt":{"rendered":"<p>Eine sehr sch\u00f6ne Auswahl f\u00fcr alle Ihre Ausstellungen!<\/p>\n<p>Besuchen Sie auch unsere Seite \u00fcber die Ausstellungen.<span style=\"color: #993300;\"><strong><a style=\"color: #993300;\" href=\"https:\/\/cdiffprom.ch\/product-category\/exposition-et-panneaux\/accessoires-pour-grilles-exposition-et-panneaux\/\"> Zubeh\u00f6r f\u00fcr Gitter<\/a><\/strong><\/span> um Ihre Pr\u00e4sentationen zu vervollst\u00e4ndigen<\/p>\n","protected":false},"featured_media":102514,"template":"","meta":{"slim_seo":{"title":"Metallisches Ausstellungsgitter - 3 Breiten - Suisse - C.Diff-Prom","description":"Eine sehr sch\u00f6ne Auswahl f\u00fcr alle Ihre Ausstellungen! Besuchen Sie auch unsere Seite \u00fcber die Ausstellungen. Zubeh\u00f6r f\u00fcr Gitter um Ihre Pr\u00e4sentationen zu vervol"}},"product_brand":[],"product_cat":[6362,6363],"product_tag":[6703],"class_list":{"0":"post-106717","1":"product","2":"type-product","3":"status-publish","4":"has-post-thumbnail","6":"product_cat-ausstellungen","7":"product_cat-ausstellungsgitter","8":"product_tag-schilder-und-gitter","9":"pa_dimensions-h-192-x-b-100-cm","10":"pa_dimensions-h-192-x-b-120-cm","11":"pa_dimensions-h-192-x-b-70-cm","13":"first","14":"instock","15":"taxable","16":"shipping-taxable","17":"purchasable","18":"product-type-variable"},"_links":{"self":[{"href":"https:\/\/cdiffprom.ch\/de\/wp-json\/wp\/v2\/product\/106717","targetHints":{"allow":["GET"]}}],"collection":[{"href":"https:\/\/cdiffprom.ch\/de\/wp-json\/wp\/v2\/product"}],"about":[{"href":"https:\/\/cdiffprom.ch\/de\/wp-json\/wp\/v2\/types\/product"}],"wp:featuredmedia":[{"embeddable":true,"href":"https:\/\/cdiffprom.ch\/de\/wp-json\/wp\/v2\/media\/102514"}],"wp:attachment":[{"href":"https:\/\/cdiffprom.ch\/de\/wp-json\/wp\/v2\/media?parent=106717"}],"wp:term":[{"taxonomy":"product_brand","embeddable":true,"href":"https:\/\/cdiffprom.ch\/de\/wp-json\/wp\/v2\/product_brand?post=106717"},{"taxonomy":"product_cat","embeddable":true,"href":"https:\/\/cdiffprom.ch\/de\/wp-json\/wp\/v2\/product_cat?post=106717"},{"taxonomy":"product_tag","embeddable":true,"href":"https:\/\/cdiffprom.ch\/de\/wp-json\/wp\/v2\/product_tag?post=106717"}],"curies":[{"name":"wp","href":"https:\/\/api.w.org\/{rel}","templated":true}]}}