{"id":106721,"date":"2019-07-26T12:20:33","date_gmt":"2019-07-26T10:20:33","guid":{"rendered":"https:\/\/cdiffprom.ch\/produit\/bewegliche-gitterwand-auf-rollen\/"},"modified":"2019-07-26T12:20:33","modified_gmt":"2019-07-26T10:20:33","slug":"bewegliche-gitterwand-auf-rollen","status":"publish","type":"product","link":"https:\/\/cdiffprom.ch\/de\/produit\/bewegliche-gitterwand-auf-rollen\/","title":{"rendered":"Bewegliche Gitterwand auf Rollen"},"content":{"rendered":"<h3><span style=\"color: #800000;\"><strong>Bewegliche Gitterwand auf Rollen<\/strong><\/span><\/h3>\n<p>Diese mobile Gitterwand auf Rollen ist ein ideales Medium f\u00fcr Kommunikation, Aush\u00e4nge oder Ausstellungen bei Versammlungen, Messen oder einmaligen Veranstaltungen.<\/p>\n<p><span style=\"color: #800000;\"><strong>Merkmale :<\/strong><\/span><\/p>\n<ul>\n<li>Metallgitter, Maschenweite 65 x 100 mm.<\/li>\n<li>Metallf\u00fc\u00dfe auf Rollen, davon 2 mit Bremse<\/li>\n<li>sehr stabile Zusammensetzung H 200 cm<\/li>\n<li>hochfeste Epoxydharzlackierung hellgrau<\/li>\n<li>2 nutzbare Gitterbreiten: 100 und 120 cm<\/li>\n<li>einfache Montage und Demontage mit Hilfe des mitgelieferten Schl\u00fcssels<\/li>\n<\/ul>\n<p><strong><span style=\"color: #800000;\">Lieferbedingungen :<br \/>\n<\/span><\/strong><\/p>\n<p>Alle unsere Produkte sind innerhalb von 10 Tagen nach Eingang Ihrer Bestellung lieferbar. Bitte z\u00f6gern Sie nicht, uns zu kontaktieren. <u><a href=\"https:\/\/cdiffprom.ch\/elements\/contactez-nous\/\"><span style=\"color: #800000;\">uns zu kontaktieren.<\/span><\/a><\/u> Wenn Sie einen dringenderen Bedarf haben, k\u00f6nnen wir Ihnen immer eine schnellere L\u00f6sung anbieten. <\/p>\n<p>Einige Artikel k\u00f6nnen eine l\u00e4ngere Lieferzeit in Anspruch nehmen, da sie nicht auf Lager unseres Lieferanten sind. In diesem Fall werden Sie nach Eingang Ihrer Bestellung benachrichtigt. <\/p>\n<p>Wir liefern versandkostenfrei ab einem Bestellwert von CHF. 500.-. Unterhalb dieses Betrags wird eine Pauschale von CHF. 15,90 zu entrichten. <\/p>\n<p>Bei allen Online-Bestellungen f\u00fchren wir immer einen Telefonanruf durch, um sicherzustellen, dass Sie das richtige Produkt f\u00fcr Ihre Bed\u00fcrfnisse ausgew\u00e4hlt haben. So k\u00f6nnen Sie sicher sein, dass Sie die richtige Wahl treffen. <\/p>\n<p>Bitte beachten Sie, dass die Promo-Codes nicht kumulierbar sind und der Rabatt auf Ihrer Bestellung sichtbar ist.<\/p>\n<p>&nbsp;<\/p>\n","protected":false},"excerpt":{"rendered":"<p>Vielseitiges Anzeige- und Belichtungssystem<\/p>\n","protected":false},"featured_media":102512,"template":"","meta":{"slim_seo":{"title":"Bewegliche Gitterwand auf Rollen - Suisse - C.Diff-Prom","description":"Vielseitiges Anzeige- und Belichtungssystem"}},"product_brand":[],"product_cat":[6362,6363],"product_tag":[6703,6539],"class_list":{"0":"post-106721","1":"product","2":"type-product","3":"status-publish","4":"has-post-thumbnail","6":"product_cat-ausstellungen","7":"product_cat-ausstellungsgitter","8":"product_tag-schilder-und-gitter","9":"product_tag-zubehor-fur-gitter","10":"pa_dimensions-h-200-x-b-100-cm","11":"pa_dimensions-h-200-x-b-120-cm","13":"first","14":"instock","15":"taxable","16":"shipping-taxable","17":"purchasable","18":"product-type-variable"},"_links":{"self":[{"href":"https:\/\/cdiffprom.ch\/de\/wp-json\/wp\/v2\/product\/106721","targetHints":{"allow":["GET"]}}],"collection":[{"href":"https:\/\/cdiffprom.ch\/de\/wp-json\/wp\/v2\/product"}],"about":[{"href":"https:\/\/cdiffprom.ch\/de\/wp-json\/wp\/v2\/types\/product"}],"wp:featuredmedia":[{"embeddable":true,"href":"https:\/\/cdiffprom.ch\/de\/wp-json\/wp\/v2\/media\/102512"}],"wp:attachment":[{"href":"https:\/\/cdiffprom.ch\/de\/wp-json\/wp\/v2\/media?parent=106721"}],"wp:term":[{"taxonomy":"product_brand","embeddable":true,"href":"https:\/\/cdiffprom.ch\/de\/wp-json\/wp\/v2\/product_brand?post=106721"},{"taxonomy":"product_cat","embeddable":true,"href":"https:\/\/cdiffprom.ch\/de\/wp-json\/wp\/v2\/product_cat?post=106721"},{"taxonomy":"product_tag","embeddable":true,"href":"https:\/\/cdiffprom.ch\/de\/wp-json\/wp\/v2\/product_tag?post=106721"}],"curies":[{"name":"wp","href":"https:\/\/api.w.org\/{rel}","templated":true}]}}