{"id":106725,"date":"2019-07-26T12:29:31","date_gmt":"2019-07-26T10:29:31","guid":{"rendered":"https:\/\/cdiffprom.ch\/produit\/digitaler-totem-13-displaybroschueren\/"},"modified":"2019-07-26T12:29:31","modified_gmt":"2019-07-26T10:29:31","slug":"digitaler-totem-13-displaybroschueren","status":"publish","type":"product","link":"https:\/\/cdiffprom.ch\/de\/produit\/digitaler-totem-13-displaybroschueren\/","title":{"rendered":"Digitaler Totem 13&#8243; Display+Brosch\u00fcren"},"content":{"rendered":"<h3><span style=\"color: #800000;\"><strong>Digitaler Totem 13&#8243; mit Display+Brosch\u00fcren<\/strong><\/span><\/h3>\n<p>Dieses 13&#8243; digitale Totem mit Display+Brosch\u00fcren ist ein ideales System, um Ihre verschiedenen Dokumente oder Informationen in Ihren Ausstellungs- oder Empfangsr\u00e4umen zu pr\u00e4sentieren und zu verteilen.<\/p>\n<h4><strong><span style=\"color: #800000;\">Merkmale :<\/span><\/strong><\/h4>\n<ul>\n<li>Totem-Set mit dynamischen Displays auf Standfu\u00df<\/li>\n<li>A4 Clic-Clac-Rahmen aus naturfarbenem, eloxiertem Aluminium mit klappbaren Profilen.<\/li>\n<li>LCD-Videobildschirm &#8211; 13 Zoll Schwarz<\/li>\n<li>16:9 Format<\/li>\n<li>Interner Speicher 1 GB<\/li>\n<li>SD- und USB-Kartenleser<\/li>\n<li>Videowiedergabe in einer Schleife<\/li>\n<li>Schr\u00e4ges Regal P M aus Plexiglas<\/li>\n<li>Gesamte Gr\u00f6\u00dfe: H. 182 cm x Durchmesser 36 cm<\/li>\n<li>Gewicht 14 kg<\/li>\n<\/ul>\n<h4><span style=\"color: #800000;\"><strong>Lieferbedingungen :<br \/>\n<\/strong><\/span><\/h4>\n<p>Alle unsere Produkte sind innerhalb von 10 Tagen nach Eingang Ihrer Bestellung lieferbar. Bitte z\u00f6gern Sie nicht, uns zu kontaktieren. <span style=\"color: #800000;\"><u><a style=\"color: #800000;\" href=\"https:\/\/cdiffprom.ch\/elements\/contactez-nous\/\">uns zu kontaktieren.<\/a><\/u><\/span> Wenn Sie einen dringenderen Bedarf haben, k\u00f6nnen wir Ihnen immer eine schnellere L\u00f6sung anbieten. <\/p>\n<p>Einige Artikel k\u00f6nnen eine l\u00e4ngere Lieferzeit in Anspruch nehmen, da sie nicht auf Lager unseres Lieferanten sind. In diesem Fall werden Sie nach Eingang Ihrer Bestellung benachrichtigt. <\/p>\n<p>Wir liefern versandkostenfrei ab einem Bestellwert von CHF. 500.-. Unterhalb dieses Betrags wird eine Pauschale von CHF. 15,90 zu entrichten. <\/p>\n<p>Bei allen Online-Bestellungen f\u00fchren wir immer einen Telefonanruf durch, um sicherzustellen, dass Sie das richtige Produkt f\u00fcr Ihre Bed\u00fcrfnisse ausgew\u00e4hlt haben. So k\u00f6nnen Sie sicher sein, dass Sie die richtige Wahl treffen. <\/p>\n<p>Bitte beachten Sie, dass die Promo-Codes nicht kumulierbar sind und der Rabatt auf Ihrer Bestellung sichtbar ist.<\/p>\n","protected":false},"excerpt":{"rendered":"<p>Digitalisieren Sie Ihre Kommunikation!<\/p>\n","protected":false},"featured_media":102572,"template":"","meta":{"slim_seo":{"title":"Digitaler Totem 13\" Display+Brosch\u00fcren - Suisse - C.Diff-Prom","description":"Digitalisieren Sie Ihre Kommunikation!"}},"product_brand":[],"product_cat":[6362,6718],"product_tag":[6719],"class_list":{"0":"post-106725","1":"product","2":"type-product","3":"status-publish","4":"has-post-thumbnail","6":"product_cat-ausstellungen","7":"product_cat-totems-und-lcd-masten","8":"product_tag-totems-und-lcd-masten","10":"first","11":"instock","12":"taxable","13":"shipping-taxable","14":"purchasable","15":"product-type-simple"},"_links":{"self":[{"href":"https:\/\/cdiffprom.ch\/de\/wp-json\/wp\/v2\/product\/106725","targetHints":{"allow":["GET"]}}],"collection":[{"href":"https:\/\/cdiffprom.ch\/de\/wp-json\/wp\/v2\/product"}],"about":[{"href":"https:\/\/cdiffprom.ch\/de\/wp-json\/wp\/v2\/types\/product"}],"wp:featuredmedia":[{"embeddable":true,"href":"https:\/\/cdiffprom.ch\/de\/wp-json\/wp\/v2\/media\/102572"}],"wp:attachment":[{"href":"https:\/\/cdiffprom.ch\/de\/wp-json\/wp\/v2\/media?parent=106725"}],"wp:term":[{"taxonomy":"product_brand","embeddable":true,"href":"https:\/\/cdiffprom.ch\/de\/wp-json\/wp\/v2\/product_brand?post=106725"},{"taxonomy":"product_cat","embeddable":true,"href":"https:\/\/cdiffprom.ch\/de\/wp-json\/wp\/v2\/product_cat?post=106725"},{"taxonomy":"product_tag","embeddable":true,"href":"https:\/\/cdiffprom.ch\/de\/wp-json\/wp\/v2\/product_tag?post=106725"}],"curies":[{"name":"wp","href":"https:\/\/api.w.org\/{rel}","templated":true}]}}